{"id":1014,"date":"2024-08-30T19:59:53","date_gmt":"2024-08-30T19:59:53","guid":{"rendered":"https:\/\/trueaccesscapital.com\/?page_id=1014"},"modified":"2025-05-27T14:17:59","modified_gmt":"2025-05-27T14:17:59","slug":"new-markets-opportunities-program","status":"publish","type":"page","link":"http:\/\/trueaccesscapital.com\/es\/new-markets-opportunities-program\/","title":{"rendered":"Nuevos Mercados Programa De Oportunidades"},"content":{"rendered":"<div  class=\"block-198eb202-0b79-43b0-8af8-000c5912debf areoi-strip areoi-element strip alignfull section-block section-intro\">\r\n\t\t\t\r\n\t\t\t\n\r\n\t\t<div  class=\"block-653685d3-6fe8-4da6-80b3-f65ba175a9ee areoi-element container\">\r\n\t\t\t\r\n\t\t\t\n\r\n\t\t<div  class=\"block-42291673-5f9c-447f-aced-a6f4f5b96480 row areoi-element\">\r\n\t\t\t\r\n\r\n\t\t\t\n\r\n\t\t<div  class=\"block-675af3e3-dafa-4a63-a8ff-1b85ab06eb0b col areoi-element\">\r\n\t\t\t\r\n\t\t\t\n\n<h2 class=\"wp-block-heading\">Trabajamos para empoderar a los emprendedores para que prosperen en el mercado.<\/h2>\n\n\n\n<p>El concepto de Nuevas Oportunidades de Mercado es simple pero eficaz: conectamos a propietarios de peque\u00f1as empresas con entidades gubernamentales, corporativas y privadas interesadas en colaborar con una amplia gama de proveedores. Lo hacemos mediante Ferias de Adquisiciones programadas regularmente y un calendario continuo de seminarios web de capacitaci\u00f3n. Nuestras ferias de adquisiciones re\u00fanen a emprendedores y propietarios de peque\u00f1as empresas con responsables de la toma de decisiones de empresas, gobiernos y otras organizaciones de toda nuestra regi\u00f3n. En estos eventos se forjan relaciones, se cierran acuerdos y los sue\u00f1os se hacen realidad.<\/p>\n\n\n\n<p>Otro pilar de New Markets Opportunities es nuestra serie de seminarios web. Estas sesiones ayudan a los propietarios de peque\u00f1as empresas a adquirir los conocimientos y las habilidades necesarias para desenvolverse en las complejidades del mercado. Desde comprender el proceso de adquisici\u00f3n en general hasta forjar alianzas duraderas, los seminarios web abarcan una amplia gama de temas esenciales para su \u00e9xito.<\/p>\n\n\n\n<p>TAC comprende los desaf\u00edos que enfrentan los emprendedores subrepresentados. Nos comprometemos a crear igualdad de oportunidades. La iniciativa Nuevos Mercados de Oportunidades es su conexi\u00f3n con un mundo de oportunidades. Visite esta p\u00e1gina con frecuencia para mantenerse al d\u00eda sobre nuestro calendario de ferias de compras y seminarios web.<\/p>\n\n \r\n\t\t\t\r\n\t\t<\/div>\r\n\t\n \r\n\t\t<\/div>\r\n\t\n \r\n\t\t<\/div>\r\n\t\n \r\n\t\t<\/div>\r\n\t\n\n\r\n\t\t<div  class=\"block-28a0bb4f-1271-463e-9f10-1302892c7ded areoi-strip areoi-element strip alignfull section-block section-register\">\r\n\t\t\t\r\n\t\t\t\n\r\n\t\t<div  class=\"block-bccb8795-9a01-4745-8985-d1cdd29e5b31 areoi-element container section-register-inner gradient-teal\">\r\n\t\t\t\r\n\t\t\t\n\r\n\t\t<div  class=\"block-aa5487d5-eea8-4d04-ac45-e0a09fbf900d row areoi-element\">\r\n\t\t\t\r\n\r\n\t\t\t\n\r\n\t\t<div  class=\"block-f8869c1b-6fa3-4d0d-a869-4a6ee03272a5 col areoi-element col-12 col-md-6\">\r\n\t\t\t\r\n\t\t\t\n\n<div class=\"wp-block-group cta-box\"><div class=\"wp-block-group__inner-container is-layout-constrained wp-block-group-is-layout-constrained\">\n<h2 class=\"wp-block-heading\">Compradores<\/h2>\n\n\n\n<h3 class=\"wp-block-heading\">Reg\u00edstrate para participar<\/h3>\n\n\n\n<ul class=\"wp-block-list\">\n<li>Llega a una audiencia diversa en una sola reuni\u00f3n<\/li>\n\n\n\n<li>Descubra nuevos proveedores<\/li>\n\n\n\n<li>Iniciar el proceso de calificaci\u00f3n<\/li>\n\n\n\n<li>Responda preguntas en tiempo real<\/li>\n\n\n\n<li>Conozca a posibles nuevas contrataciones<\/li>\n<\/ul>\n\n\n\r\n\t\t\t\t\r\n\t\t<a \r\n\t\t\t\r\n\t\t\tclass=\"block-cebfe18f-e0bc-41fe-8573-2a609e5f6e7b btn areoi-has-url position-relative btn-cta gradient-teal btn-primary\"\r\n\t href=\"mailto:cfullman@trueaccesscapital.org\" >\r\n\t\t\t\t\t\r\n\t\t\t\t\tReg\u00edstrate ahora \r\n\t\t\t\t\t\r\n\t\t\t\t\t \r\n\t\t\t\t<\/a>\r\n\t\t\t<\/div><\/div>\n\n \r\n\t\t\t\r\n\t\t<\/div>\r\n\t\n\n\r\n\t\t<div  class=\"block-7c17191c-0454-440a-b7b4-b7ab7fedb6f7 col areoi-element col-12 col-md-6\">\r\n\t\t\t\r\n\t\t\t\n\n<div class=\"wp-block-group cta-box\"><div class=\"wp-block-group__inner-container is-layout-constrained wp-block-group-is-layout-constrained\">\n<h2 class=\"wp-block-heading\">Vendedores<\/h2>\n\n\n\n<h3 class=\"wp-block-heading\">Reg\u00edstrate para participar<\/h3>\n\n\n\n<ul class=\"wp-block-list\">\n<li>Acceso a los tomadores de decisiones<\/li>\n\n\n\n<li>Oportunidades para construir relaciones<\/li>\n\n\n\n<li>Obtenga informaci\u00f3n valiosa<\/li>\n\n\n\n<li>Apoyo a emprendedores subrepresentados<\/li>\n\n\n\n<li>Oportunidades consistentes de crecimiento<\/li>\n<\/ul>\n\n\n\r\n\t\t\t\t\r\n\t\t<a \r\n\t\t\t\r\n\t\t\tclass=\"block-cebfe18f-e0bc-41fe-8573-2a609e5f6e7b btn areoi-has-url position-relative btn-cta gradient-teal btn-primary\"\r\n\t href=\"mailto:cfullman@trueaccesscapital.org\" >\r\n\t\t\t\t\t\r\n\t\t\t\t\tReg\u00edstrate ahora \r\n\t\t\t\t\t\r\n\t\t\t\t\t \r\n\t\t\t\t<\/a>\r\n\t\t\t<\/div><\/div>\n\n \r\n\t\t\t\r\n\t\t<\/div>\r\n\t\n \r\n\t\t<\/div>\r\n\t\n \r\n\t\t<\/div>\r\n\t\n \r\n\t\t<\/div>\r\n\t\n\n\r\n\t\t<div  class=\"block-caf7cd4d-c8bd-43f2-ac59-b86d63d0f9ac areoi-strip areoi-element strip alignfull section-block\">\r\n\t\t\t\r\n\t\t\t\n\r\n\t\t<div  class=\"block-a78d058c-d869-4190-85a0-fbc052593f77 areoi-element container\">\r\n\t\t\t\r\n\t\t\t\n\r\n\t\t<div  class=\"block-cadd2d22-9566-4b86-b30a-5c5dd0c834e0 row areoi-element\">\r\n\t\t\t\r\n\r\n\t\t\t\n\r\n\t\t<div  class=\"block-56873dd6-80f3-4d7e-9e0a-0a41d3ade892 col areoi-element\">\r\n\t\t\t\r\n\t\t\t\n\n<h2 class=\"section-hdr section-hdr-borders\">\u00bfQu\u00e9 me perd\u00ed? <span>Seminarios web anteriores.<\/span><\/h2>\n\n \r\n\t\t\t\r\n\t\t<\/div>\r\n\t\n \r\n\t\t<\/div>\r\n\t\n \r\n\t\t<\/div>\r\n\t\n \r\n\t\t<\/div>\r\n\t\n\n\r\n\t\t<div  class=\"block-1b97bda0-d44b-420a-8362-c91b35135def areoi-strip areoi-element strip alignfull section-block section-webinars no-top-pad\">\r\n\t\t\t\r\n\t\t\t\n\r\n\t\t<div  class=\"block-dbd13aa0-e0fe-45c1-b182-06d24561b4fb areoi-element container\">\r\n\t\t\t\r\n\t\t\t\n\r\n\t\t<div  class=\"block-e558a65f-56fb-4a7f-aeca-8998cfe9ddeb row areoi-element\">\r\n\t\t\t\r\n\r\n\t\t\t\n\r\n\t\t<div  class=\"block-87e9bea7-7761-402c-8c1a-cf0616889979 col areoi-element col-6 col-md-6\">\r\n\t\t\t\r\n\t\t\t\n\n<figure class=\"wp-block-embed is-type-video is-provider-youtube wp-block-embed-youtube wp-embed-aspect-16-9 wp-has-aspect-ratio\"><div class=\"wp-block-embed__wrapper\">\n<iframe loading=\"lazy\" title=\"Seminario web sobre fianzas para peque\u00f1as empresas\" width=\"640\" height=\"360\" src=\"https:\/\/www.youtube.com\/embed\/j_fsQ0uQgCk?feature=oembed\" frameborder=\"0\" allow=\"accelerometer; autoplay; clipboard-write; encrypted-media; gyroscope; picture-in-picture; web-share\" referrerpolicy=\"strict-origin-when-cross-origin\" allowfullscreen><\/iframe>\n<\/div><\/figure>\n\n \r\n\t\t\t\r\n\t\t<\/div>\r\n\t\n\n\r\n\t\t<div  class=\"block-4f82a396-98c2-4bd4-a053-0557fa05833d col areoi-element col-6 col-md-6\">\r\n\t\t\t\r\n\t\t\t\n\n<figure class=\"wp-block-embed is-type-video is-provider-youtube wp-block-embed-youtube wp-embed-aspect-16-9 wp-has-aspect-ratio\"><div class=\"wp-block-embed__wrapper\">\n<iframe loading=\"lazy\" title=\"Seminario web de Chase para empresas\" width=\"640\" height=\"360\" src=\"https:\/\/www.youtube.com\/embed\/e_Ffoc9u8rk?feature=oembed\" frameborder=\"0\" allow=\"accelerometer; autoplay; clipboard-write; encrypted-media; gyroscope; picture-in-picture; web-share\" referrerpolicy=\"strict-origin-when-cross-origin\" allowfullscreen><\/iframe>\n<\/div><\/figure>\n\n \r\n\t\t\t\r\n\t\t<\/div>\r\n\t\n \r\n\t\t<\/div>\r\n\t\n\n\r\n\t\t<div  class=\"block-dc08bce2-e1ff-4f78-a054-e9b9f21e6bdc row areoi-element\">\r\n\t\t\t\r\n\r\n\t\t\t\n\r\n\t\t<div  class=\"block-531a0868-d6cc-44b4-9300-a581d4bdebd0 col areoi-element col-12 col-md-6\">\r\n\t\t\t\r\n\t\t\t\n\n<figure class=\"wp-block-embed is-type-video is-provider-youtube wp-block-embed-youtube wp-embed-aspect-16-9 wp-has-aspect-ratio\"><div class=\"wp-block-embed__wrapper\">\n<iframe loading=\"lazy\" title=\"Seminario web sobre c\u00f3mo hacer negocios con ChristianaCare\" width=\"640\" height=\"360\" src=\"https:\/\/www.youtube.com\/embed\/3bEGYHaAI0U?feature=oembed\" frameborder=\"0\" allow=\"accelerometer; autoplay; clipboard-write; encrypted-media; gyroscope; picture-in-picture; web-share\" referrerpolicy=\"strict-origin-when-cross-origin\" allowfullscreen><\/iframe>\n<\/div><\/figure>\n\n \r\n\t\t\t\r\n\t\t<\/div>\r\n\t\n\n\r\n\t\t<div  class=\"block-1f58f109-6093-43cb-af08-fe9de0ee24a9 col areoi-element col-12 col-md-6\">\r\n\t\t\t\r\n\t\t\t\n\n<figure class=\"wp-block-embed is-type-video is-provider-youtube wp-block-embed-youtube wp-embed-aspect-16-9 wp-has-aspect-ratio\"><div class=\"wp-block-embed__wrapper\">\n<iframe loading=\"lazy\" title=\"Seminario web sobre c\u00f3mo hacer negocios con DSU\" width=\"640\" height=\"360\" src=\"https:\/\/www.youtube.com\/embed\/OC7OSnvR2eU?feature=oembed\" frameborder=\"0\" allow=\"accelerometer; autoplay; clipboard-write; encrypted-media; gyroscope; picture-in-picture; web-share\" referrerpolicy=\"strict-origin-when-cross-origin\" allowfullscreen><\/iframe>\n<\/div><\/figure>\n\n \r\n\t\t\t\r\n\t\t<\/div>\r\n\t\n \r\n\t\t<\/div>\r\n\t\n\n\r\n\t\t<div  class=\"block-dc08bce2-e1ff-4f78-a054-e9b9f21e6bdc row areoi-element\">\r\n\t\t\t\r\n\r\n\t\t\t\n\r\n\t\t<div  class=\"block-531a0868-d6cc-44b4-9300-a581d4bdebd0 col areoi-element col-12 col-md-6\">\r\n\t\t\t\r\n\t\t\t\n\n<figure class=\"wp-block-embed is-type-video is-provider-youtube wp-block-embed-youtube wp-embed-aspect-16-9 wp-has-aspect-ratio\"><div class=\"wp-block-embed__wrapper\">\n<iframe loading=\"lazy\" title=\"Seminario web sobre c\u00f3mo hacer negocios con el condado de New Castle\" width=\"640\" height=\"360\" src=\"https:\/\/www.youtube.com\/embed\/nhzmq4ihNgI?feature=oembed\" frameborder=\"0\" allow=\"accelerometer; autoplay; clipboard-write; encrypted-media; gyroscope; picture-in-picture; web-share\" referrerpolicy=\"strict-origin-when-cross-origin\" allowfullscreen><\/iframe>\n<\/div><\/figure>\n\n \r\n\t\t\t\r\n\t\t<\/div>\r\n\t\n \r\n\t\t<\/div>\r\n\t\n\n\r\n\t\t<div  class=\"block-21d5098f-b45c-4060-8014-88b812e3f87a row areoi-element hdr-downloads\">\r\n\t\t\t\r\n\r\n\t\t\t\n\r\n\t\t<div  class=\"block-cbd232f1-b0dd-4f41-936d-0054fe6ffd27 col areoi-element\">\r\n\t\t\t\r\n\t\t\t\n\n<h3 class=\"wp-block-heading\">Descargue las presentaciones de Powerpoint de las organizaciones participantes a continuaci\u00f3n:<\/h3>\n\n \r\n\t\t\t\r\n\t\t<\/div>\r\n\t\n \r\n\t\t<\/div>\r\n\t\n\n\r\n\t\t<div  class=\"block-e558a65f-56fb-4a7f-aeca-8998cfe9ddeb row areoi-element downloads\">\r\n\t\t\t\r\n\r\n\t\t\t\n\r\n\t\t<div  class=\"block-87e9bea7-7761-402c-8c1a-cf0616889979 col areoi-element col-12 col-md-6\">\r\n\t\t\t\r\n\t\t\t\n\n<p><a href=\"\/wp-content\/uploads\/2025\/03\/3.-Dart.pptx\" target=\"_blank\" rel=\"noreferrer noopener\">Corporaci\u00f3n de Tr\u00e1nsito DART de Delaware<\/a><\/p>\n\n\n\n<p><a href=\"\/wp-content\/uploads\/2025\/03\/4.-Delaware-Office-of-Supplier-Diversity.pptx\" target=\"_blank\" rel=\"noreferrer noopener\">Oficina de Proveedores de Delaware<\/a><\/p>\n\n\n\n<p><a href=\"\/wp-content\/uploads\/2025\/03\/5.-Delaware-Dept.-of-Transportation-DELDOT.pptx\" target=\"_blank\" rel=\"noreferrer noopener\">Diversidad del Departamento de Transporte de Delaware<\/a><\/p>\n\n \r\n\t\t\t\r\n\t\t<\/div>\r\n\t\n\n\r\n\t\t<div  class=\"block-4f82a396-98c2-4bd4-a053-0557fa05833d col areoi-element col-12 col-md-6\">\r\n\t\t\t\r\n\t\t\t\n\n<p><a href=\"\/wp-content\/uploads\/2025\/03\/7.-Eastern-Minority-Supplier-Development-Council.pptx\" target=\"_blank\" rel=\"noreferrer noopener\">Consejo de Desarrollo de Proveedores de Minor\u00edas Orientales<\/a><\/p>\n\n\n\n<p><a href=\"\/wp-content\/uploads\/2025\/03\/6.-New-Castle-County-Government.pptx\" target=\"_blank\" rel=\"noreferrer noopener\">El Condado De New Castle Gobierno<\/a><\/p>\n\n\n\n<p><a href=\"\/wp-content\/uploads\/2025\/03\/2.-Small-Business-Administration.pptx\" target=\"_blank\" rel=\"noreferrer noopener\">Administraci\u00f3n de Peque\u00f1as Empresas de EE. UU.<\/a><\/p>\n\n \r\n\t\t\t\r\n\t\t<\/div>\r\n\t\n \r\n\t\t<\/div>\r\n\t\n \r\n\t\t<\/div>\r\n\t\n \r\n\t\t<\/div>\r\n\t\n\n\r\n\t\t<div  class=\"block-a6bc0253-8b85-47b3-b741-b134eeaeb2a4 areoi-strip areoi-element strip alignfull section-block no-btm-pad\">\r\n\t\t\t\r\n\t\t\t\n\r\n\t\t<div  class=\"block-5a80ef82-65f7-43c5-9913-e4e966872bd7 areoi-element container\">\r\n\t\t\t\r\n\t\t\t\n\r\n\t\t<div  class=\"block-cadd2d22-9566-4b86-b30a-5c5dd0c834e0 row areoi-element\">\r\n\t\t\t\r\n\r\n\t\t\t\n\r\n\t\t<div  class=\"block-56873dd6-80f3-4d7e-9e0a-0a41d3ade892 col areoi-element\">\r\n\t\t\t\r\n\t\t\t\n\n<h2 class=\"section-hdr section-hdr-borders\">Ofertas de productos y servicios. <span>Enlaces web.<\/span><\/h2>\n\n \r\n\t\t\t\r\n\t\t<\/div>\r\n\t\n \r\n\t\t<\/div>\r\n\t\n \r\n\t\t<\/div>\r\n\t\n \r\n\t\t<\/div>\r\n\t\n\n\r\n\t\t<div  class=\"block-1b97bda0-d44b-420a-8362-c91b35135def areoi-strip areoi-element strip alignfull section-block section-webinars no-top-pad\">\r\n\t\t\t\r\n\t\t\t\n\r\n\t\t<div  class=\"block-dbd13aa0-e0fe-45c1-b182-06d24561b4fb areoi-element container\">\r\n\t\t\t\r\n\t\t\t\n\r\n\t\t<div  class=\"block-e558a65f-56fb-4a7f-aeca-8998cfe9ddeb row areoi-element\">\r\n\t\t\t\r\n\r\n\t\t\t\n\r\n\t\t<div  class=\"block-87e9bea7-7761-402c-8c1a-cf0616889979 col areoi-element col-12 col-md-6\">\r\n\t\t\t\r\n\t\t\t\n\n<p><strong>Directorio de solicitudes de licitaci\u00f3n de Delaware<\/strong><br><a href=\"https:\/\/mmp.delaware.gov\" target=\"_blank\" rel=\"noreferrer noopener\">https:\/\/mmp.delaware.gov<\/a><\/p>\n\n\n\n<p><strong>Directorio de solicitudes de licitaci\u00f3n del Departamento de Educaci\u00f3n de Delaware<\/strong><br><a href=\"https:\/\/bids.doe.k12.de.us\" target=\"_blank\" rel=\"noreferrer noopener\">https:\/\/bids.doe.k12.de.us<\/a><\/p>\n\n\n\n<p><strong>BidNet Direct \u2013 Delaware<\/strong><br><a href=\"https:\/\/www.bidnetdirect.com\/delaware\" target=\"_blank\" rel=\"noreferrer noopener\">https:\/\/www.bidnetdirect.com\/delaware<\/a><\/p>\n\n \r\n\t\t\t\r\n\t\t<\/div>\r\n\t\n\n\r\n\t\t<div  class=\"block-4f82a396-98c2-4bd4-a053-0557fa05833d col areoi-element col-12 col-md-6\">\r\n\t\t\t\r\n\t\t\t\n\n<p><strong>Departamento de Transporte de Delaware (DelDOT) \u2013 Licitaciones competitivas<\/strong><br><a href=\"https:\/\/deldot.gov\/Business\/bids\/index.shtml?dc=const_proj_bid_info\">https:\/\/deldot.gov\/Business\/bids\/index.shtml?dc=const_proj_bid_info<\/a><\/p>\n\n\n\n<p><strong>Ciudad de Dover \u2013 Licitaci\u00f3n y solicitud de propuestas para adquisiciones<\/strong><br><a href=\"https:\/\/www.cityofdover.com\/bids\">https:\/\/www.cityofdover.com\/bids<\/a><\/p>\n\n \r\n\t\t\t\r\n\t\t<\/div>\r\n\t\n \r\n\t\t<\/div>\r\n\t\n \r\n\t\t<\/div>\r\n\t\n \r\n\t\t<\/div>\r\n\t\n\n\r\n\t\t<div  class=\"block-510bb58e-0489-43a5-9310-dd2af9188f4f areoi-strip areoi-element strip alignfull section-block section-btm-cta\">\r\n\t\t\t\r\n\t\t\t\n\r\n\t\t<div  class=\"block-e796e573-82d4-48c6-9aab-86deb6015437 areoi-element container\">\r\n\t\t\t\r\n\t\t\t\n\r\n\t\t<div  class=\"block-afd292a4-841b-4928-aee8-8e93370ce06c row areoi-element section-btm-cta-inner\">\r\n\t\t\t\r\n\r\n\t\t\t\n\r\n\t\t<div  class=\"block-7dca1382-7045-4e28-a4a2-25dd1c59a58c col areoi-element col-md-7\">\r\n\t\t\t\r\n\t\t\t\n\n<p><em>Preguntas? Env\u00edenos un mensaje.<br>Estaremos en contacto!<\/em><\/p>\n\n \r\n\t\t\t\r\n\t\t<\/div>\r\n\t\n\n\r\n\t\t<div  class=\"block-eeebe113-3959-4648-9cc5-0de55c81c077 col areoi-element btn-box col-md-5\">\r\n\t\t\t\r\n\t\t\t\n\r\n\t\t\t\t\r\n\t\t<a \r\n\t\t\t\r\n\t\t\tclass=\"block-30534079-275b-4dcb-8c6d-121076054369 btn areoi-has-url position-relative btn-form gradient-teal btn-primary\"\r\n\t href=\"https:\/\/trueaccesscapital.com\/es\/contact\/\" >\r\n\t\t\t\t\t\r\n\t\t\t\t\tP\u00f3ngase En Contacto Con Nosotros \r\n\t\t\t\t\t\r\n\t\t\t\t\t \r\n\t\t\t\t<\/a>\r\n\t\t\t\n \r\n\t\t\t\r\n\t\t<\/div>\r\n\t\n \r\n\t\t<\/div>\r\n\t\n \r\n\t\t<\/div>\r\n\t\n \r\n\t\t<\/div>","protected":false},"excerpt":{"rendered":"<p> [&#8230;]<\/p>\n<p><a class=\"btn btn-secondary understrap-read-more-link\" href=\"http:\/\/trueaccesscapital.com\/es\/new-markets-opportunities-program\/\">Read More&#8230;<span class=\"screen-reader-text\"> from New Markets Opportunities Program<\/span><\/a><\/p>\n","protected":false},"author":1,"featured_media":0,"parent":0,"menu_order":0,"comment_status":"closed","ping_status":"closed","template":"page-templates\/tacBasic.php","meta":{"_acf_changed":false,"footnotes":""},"class_list":["post-1014","page","type-page","status-publish","hentry"],"acf":[],"_links":{"self":[{"href":"http:\/\/trueaccesscapital.com\/es\/wp-json\/wp\/v2\/pages\/1014","targetHints":{"allow":["GET"]}}],"collection":[{"href":"http:\/\/trueaccesscapital.com\/es\/wp-json\/wp\/v2\/pages"}],"about":[{"href":"http:\/\/trueaccesscapital.com\/es\/wp-json\/wp\/v2\/types\/page"}],"author":[{"embeddable":true,"href":"http:\/\/trueaccesscapital.com\/es\/wp-json\/wp\/v2\/users\/1"}],"replies":[{"embeddable":true,"href":"http:\/\/trueaccesscapital.com\/es\/wp-json\/wp\/v2\/comments?post=1014"}],"version-history":[{"count":5,"href":"http:\/\/trueaccesscapital.com\/es\/wp-json\/wp\/v2\/pages\/1014\/revisions"}],"predecessor-version":[{"id":1964,"href":"http:\/\/trueaccesscapital.com\/es\/wp-json\/wp\/v2\/pages\/1014\/revisions\/1964"}],"wp:attachment":[{"href":"http:\/\/trueaccesscapital.com\/es\/wp-json\/wp\/v2\/media?parent=1014"}],"curies":[{"name":"wp","href":"https:\/\/api.w.org\/{rel}","templated":true}]}}