{"id":1042,"date":"2024-09-03T18:49:19","date_gmt":"2024-09-03T18:49:19","guid":{"rendered":"https:\/\/trueaccesscapital.com\/?page_id=1042"},"modified":"2025-06-18T21:27:05","modified_gmt":"2025-06-18T21:27:05","slug":"community-development","status":"publish","type":"page","link":"http:\/\/trueaccesscapital.com\/es\/community-development\/","title":{"rendered":"El Desarrollo De La Comunidad"},"content":{"rendered":"<div  class=\"block-85ad2aed-eaee-4727-8e2b-474e4f4d368a areoi-strip areoi-element strip alignfull section-block section-comm-dev\">\r\n\t\t\t\r\n\t\t\t\n\r\n\t\t<div  class=\"block-66a0b1c5-54a3-4e5c-8856-0820694bf065 areoi-element container\">\r\n\t\t\t\r\n\t\t\t\n\r\n\t\t<div  class=\"block-2aeb7492-c645-4c33-8be4-112f6cd49401 row areoi-element\">\r\n\t\t\t\r\n\r\n\t\t\t\n\r\n\t\t<div  class=\"block-c7a3e17a-6163-422e-87f7-af4a7049dc83 col areoi-element\">\r\n\t\t\t\r\n\t\t\t\n\n<h2 class=\"wp-block-heading\">True Access Capital apoya proyectos que cambian la vida de las personas.<\/h2>\n\n \r\n\t\t\t\r\n\t\t<\/div>\r\n\t\n \r\n\t\t<\/div>\r\n\t\n\n\r\n\t\t<div  class=\"block-a7628093-473b-4c53-b9ac-8bf218ba2fad row areoi-element\">\r\n\t\t\t\r\n\r\n\t\t\t\n\r\n\t\t<div  class=\"block-9ff02448-ca92-4b88-a25a-16e2b1eae860 col areoi-element\">\r\n\t\t\t\r\n\t\t\t\n\n<h3 class=\"wp-block-heading\">Fondo de Revitalizaci\u00f3n del Corredor del Condado de New Castle<\/h3>\n\n\n\n<p>En 2024, True Access Capital se asoci\u00f3 con el gobierno del condado de New Castle y Claymont Renaissance Development Corp. para lanzar el Fondo de Revitalizaci\u00f3n del Corredor del Condado de New Castle, un programa que ofrece hasta $10,000 en subvenciones a peque\u00f1as empresas y organizaciones sin fines de lucro. El objetivo del programa era ayudar a los propietarios, principalmente a los que se encuentran a lo largo o cerca de Philadelphia Pike, North Market Street en Wilmington, la Ruta 9 y la Ruta 13, a realizar mejoras exteriores que aumenten el atractivo exterior e impulsen la actividad econ\u00f3mica. Gracias a esta iniciativa, TAC ha otorgado m\u00e1s de $420,000 en subvenciones a 49 peque\u00f1as empresas y organizaciones comunitarias ubicadas a lo largo de estos corredores comerciales.<\/p>\n\n \r\n\t\t\t\r\n\t\t<\/div>\r\n\t\n \r\n\t\t<\/div>\r\n\t\n \r\n\t\t<\/div>\r\n\t\n \r\n\t\t<\/div>\r\n\t\n\n\n<figure class=\"wp-block-image size-large training-highlight-img\"><img loading=\"lazy\" decoding=\"async\" width=\"1024\" height=\"294\" src=\"http:\/\/trueaccesscapital.com\/wp-content\/uploads\/2025\/06\/large-hero_early_learning_opt-1024x294.webp\" alt=\"\" class=\"wp-image-2057\" srcset=\"http:\/\/trueaccesscapital.com\/wp-content\/uploads\/2025\/06\/large-hero_early_learning_opt-1024x294.webp 1024w, http:\/\/trueaccesscapital.com\/wp-content\/uploads\/2025\/06\/large-hero_early_learning_opt-300x86.webp 300w, http:\/\/trueaccesscapital.com\/wp-content\/uploads\/2025\/06\/large-hero_early_learning_opt-768x221.webp 768w, http:\/\/trueaccesscapital.com\/wp-content\/uploads\/2025\/06\/large-hero_early_learning_opt-18x5.webp 18w, http:\/\/trueaccesscapital.com\/wp-content\/uploads\/2025\/06\/large-hero_early_learning_opt.webp 1280w\" sizes=\"auto, (max-width: 1024px) 100vw, 1024px\" \/><\/figure>\n\n\n\r\n\t\t<div  class=\"block-1f929ef2-3694-467d-a028-0434f322dd00 areoi-strip areoi-element strip alignfull section-training-highlight gradient-orange\">\r\n\t\t\t\r\n\t\t\t\n\r\n\t\t<div  class=\"block-cc0d3389-d092-41d8-939a-ac009c7b9a22 areoi-element container section-training-highlight-inner\">\r\n\t\t\t\r\n\t\t\t\n\r\n\t\t<div  class=\"block-21959b08-cba4-462f-85be-440f5891c12a row areoi-element\">\r\n\t\t\t\r\n\r\n\t\t\t\n\r\n\t\t<div  class=\"block-93e922be-3e1e-40f8-bad9-d761620a1052 col areoi-element\">\r\n\t\t\t\r\n\t\t\t\n\n<h3 class=\"wp-block-heading\">Centro de aprendizaje temprano Christopher<\/h3>\n\n \r\n\t\t\t\r\n\t\t<\/div>\r\n\t\n \r\n\t\t<\/div>\r\n\t\n \r\n\t\t<\/div>\r\n\t\n \r\n\t\t<\/div>\r\n\t\n\n\r\n\t\t<div  class=\"block-613954d2-39bd-4822-b122-ee7a043100e0 areoi-strip areoi-element strip alignfull training-bottom\">\r\n\t\t\t\r\n\t\t\t\n\r\n\t\t<div  class=\"block-4b4ade74-379b-4442-a85e-e8748ca07cad areoi-element container\">\r\n\t\t\t\r\n\t\t\t\n\r\n\t\t<div  class=\"block-3620b27b-f442-47c1-b0dc-5c15c9c7ccfc row areoi-element\">\r\n\t\t\t\r\n\r\n\t\t\t\n\r\n\t\t<div  class=\"block-51529033-6059-47ad-94aa-52da384f1d03 col areoi-element\">\r\n\t\t\t\r\n\t\t\t\n\n<p>Un edificio de estuco deteriorado en la calle North Market de Wilmington se transform\u00f3 en el impresionante Centro de Educaci\u00f3n Infantil Christopher, revestido de piedra, gracias en parte a una subvenci\u00f3n del Fondo de Revitalizaci\u00f3n del Corredor del Condado de New Castle. &#034;La gente me llama constantemente para decirme que se ve fant\u00e1stico e incre\u00edble&#034;, dijo Everett Harris. &#034;Quer\u00edamos que nuestra escuela y guarder\u00eda fueran un faro de esperanza en esta comunidad&#034;. El edificio renovado tambi\u00e9n cuenta con un espacio al aire libre donde los ni\u00f1os de la comunidad pueden asistir a programas educativos. &#034;Nos alegra que a los ni\u00f1os les guste venir aqu\u00ed. Es una forma de enriquecer a la comunidad&#034;.<\/p>\n\n \r\n\t\t\t\r\n\t\t<\/div>\r\n\t\n \r\n\t\t<\/div>\r\n\t\n \r\n\t\t<\/div>\r\n\t\n \r\n\t\t<\/div>\r\n\t\n\n\n<figure class=\"wp-block-image size-large training-highlight-img\"><img loading=\"lazy\" decoding=\"async\" width=\"1024\" height=\"294\" src=\"https:\/\/trueaccesscapital.com\/wp-content\/uploads\/2025\/06\/hero_muffler-1024x294.webp\" alt=\"\" class=\"wp-image-1991\" srcset=\"http:\/\/trueaccesscapital.com\/wp-content\/uploads\/2025\/06\/hero_muffler-1024x294.webp 1024w, http:\/\/trueaccesscapital.com\/wp-content\/uploads\/2025\/06\/hero_muffler-300x86.webp 300w, http:\/\/trueaccesscapital.com\/wp-content\/uploads\/2025\/06\/hero_muffler-768x221.webp 768w, http:\/\/trueaccesscapital.com\/wp-content\/uploads\/2025\/06\/hero_muffler-18x5.webp 18w, http:\/\/trueaccesscapital.com\/wp-content\/uploads\/2025\/06\/hero_muffler.webp 1336w\" sizes=\"auto, (max-width: 1024px) 100vw, 1024px\" \/><\/figure>\n\n\n\r\n\t\t<div  class=\"block-1f929ef2-3694-467d-a028-0434f322dd00 areoi-strip areoi-element strip alignfull section-training-highlight gradient-orange\">\r\n\t\t\t\r\n\t\t\t\n\r\n\t\t<div  class=\"block-cc0d3389-d092-41d8-939a-ac009c7b9a22 areoi-element container section-training-highlight-inner\">\r\n\t\t\t\r\n\t\t\t\n\r\n\t\t<div  class=\"block-21959b08-cba4-462f-85be-440f5891c12a row areoi-element\">\r\n\t\t\t\r\n\r\n\t\t\t\n\r\n\t\t<div  class=\"block-93e922be-3e1e-40f8-bad9-d761620a1052 col areoi-element\">\r\n\t\t\t\r\n\t\t\t\n\n<h3 class=\"wp-block-heading\">Mighty Muffler and Tire Shop<\/h3>\n\n \r\n\t\t\t\r\n\t\t<\/div>\r\n\t\n \r\n\t\t<\/div>\r\n\t\n \r\n\t\t<\/div>\r\n\t\n \r\n\t\t<\/div>\r\n\t\n\n\r\n\t\t<div  class=\"block-613954d2-39bd-4822-b122-ee7a043100e0 areoi-strip areoi-element strip alignfull training-bottom\">\r\n\t\t\t\r\n\t\t\t\n\r\n\t\t<div  class=\"block-4b4ade74-379b-4442-a85e-e8748ca07cad areoi-element container\">\r\n\t\t\t\r\n\t\t\t\n\r\n\t\t<div  class=\"block-3620b27b-f442-47c1-b0dc-5c15c9c7ccfc row areoi-element\">\r\n\t\t\t\r\n\r\n\t\t\t\n\r\n\t\t<div  class=\"block-51529033-6059-47ad-94aa-52da384f1d03 col areoi-element\">\r\n\t\t\t\r\n\t\t\t\n\n<p>Los edificios de Muffler and Tire Shop en Philadelphia Pike, Claymont, llevaban mucho tiempo necesitando una renovaci\u00f3n. &#034;Se ve\u00edan bastante mal&#034;, dijo el nuevo propietario, Nelson Whitlock. &#034;Fueron construidos en la d\u00e9cada de 1950 y nadie les hab\u00eda dado mantenimiento&#034;. Un gran proyecto de renovaci\u00f3n ya estaba en la mesa de dibujo cuando Nelson se enter\u00f3 del Programa de Subvenciones del Fondo para la Revitalizaci\u00f3n del Corredor. &#034;Lleg\u00f3 en el momento perfecto&#034;, dijo. Destin\u00f3 los fondos a cubrir las necesidades urgentes de reparaci\u00f3n del techo, nueva se\u00f1alizaci\u00f3n e iluminaci\u00f3n exterior. &#034;La subvenci\u00f3n me ayud\u00f3 a completar las mejoras mucho antes&#034;.<\/p>\n\n \r\n\t\t\t\r\n\t\t<\/div>\r\n\t\n \r\n\t\t<\/div>\r\n\t\n \r\n\t\t<\/div>\r\n\t\n \r\n\t\t<\/div>\r\n\t\n\n\r\n\t\t<div  class=\"block-068cfc19-1d37-496a-971c-ebb49e9fc884 areoi-strip areoi-element strip alignfull section-corridor\">\r\n\t\t\t\r\n\t\t\t\n\r\n\t\t<div  class=\"block-9ae0b5f8-0c67-407d-b9c3-43c552026b18 areoi-element container\">\r\n\t\t\t\r\n\t\t\t\n\r\n\t\t<div  class=\"block-a7628093-473b-4c53-b9ac-8bf218ba2fad row areoi-element\">\r\n\t\t\t\r\n\r\n\t\t\t\n\r\n\t\t<div  class=\"block-9ff02448-ca92-4b88-a25a-16e2b1eae860 col areoi-element\">\r\n\t\t\t\r\n\t\t\t\n\n<h3 class=\"wp-block-heading\">El Fondo de Revitalizaci\u00f3n del Corredor del Lado Oeste<\/h3>\n\n\n\n<p>El Fondo de Revitalizaci\u00f3n del Corredor del Lado Oeste (WSCRF), una alianza entre True Access Capital y Cornerstone West CDC, ofrece hasta $10,000 en pr\u00e9stamos condonables para apoyar a peque\u00f1as empresas, propietarios y promotores inmobiliarios a invertir en el Lado Oeste de Wilmington. Abarcando un \u00e1rea desde la I-95\/Calle Jackson hasta la Calle Union y desde la Calle 7 hasta la Avenida Lancaster, el fondo apoya proyectos como adquisici\u00f3n de terrenos, renovaciones, ampliaciones, inventario y equipamiento. Los solicitantes deben demostrar control del terreno y aportar fondos de contrapartida. El programa est\u00e1 dise\u00f1ado para estimular el crecimiento econ\u00f3mico y fortalecer la inversi\u00f3n comunitaria mediante financiaci\u00f3n espec\u00edfica y condicional. La financiaci\u00f3n se estructura en forma de pr\u00e9stamo condonable, en el que los fondos otorgados se condonan cuando se cumplen ciertas condiciones.<\/p>\n\n \r\n\t\t\t\r\n\t\t<\/div>\r\n\t\n \r\n\t\t<\/div>\r\n\t\n \r\n\t\t<\/div>\r\n\t\n \r\n\t\t<\/div>\r\n\t\n\n\n<figure class=\"wp-block-image size-large training-highlight-img\"><img loading=\"lazy\" decoding=\"async\" width=\"1024\" height=\"294\" src=\"https:\/\/trueaccesscapital.com\/wp-content\/uploads\/2025\/06\/hero_bakeshop-1024x294.webp\" alt=\"\" class=\"wp-image-1998\" srcset=\"http:\/\/trueaccesscapital.com\/wp-content\/uploads\/2025\/06\/hero_bakeshop-1024x294.webp 1024w, http:\/\/trueaccesscapital.com\/wp-content\/uploads\/2025\/06\/hero_bakeshop-300x86.webp 300w, http:\/\/trueaccesscapital.com\/wp-content\/uploads\/2025\/06\/hero_bakeshop-768x221.webp 768w, http:\/\/trueaccesscapital.com\/wp-content\/uploads\/2025\/06\/hero_bakeshop-18x5.webp 18w, http:\/\/trueaccesscapital.com\/wp-content\/uploads\/2025\/06\/hero_bakeshop.webp 1336w\" sizes=\"auto, (max-width: 1024px) 100vw, 1024px\" \/><\/figure>\n\n\n\r\n\t\t<div  class=\"block-1f929ef2-3694-467d-a028-0434f322dd00 areoi-strip areoi-element strip alignfull section-training-highlight gradient-orange\">\r\n\t\t\t\r\n\t\t\t\n\r\n\t\t<div  class=\"block-cc0d3389-d092-41d8-939a-ac009c7b9a22 areoi-element container section-training-highlight-inner\">\r\n\t\t\t\r\n\t\t\t\n\r\n\t\t<div  class=\"block-21959b08-cba4-462f-85be-440f5891c12a row areoi-element\">\r\n\t\t\t\r\n\r\n\t\t\t\n\r\n\t\t<div  class=\"block-93e922be-3e1e-40f8-bad9-d761620a1052 col areoi-element\">\r\n\t\t\t\r\n\t\t\t\n\n<h3 class=\"wp-block-heading\">Pasteler\u00eda Hell&#039;s Belles<\/h3>\n\n \r\n\t\t\t\r\n\t\t<\/div>\r\n\t\n \r\n\t\t<\/div>\r\n\t\n \r\n\t\t<\/div>\r\n\t\n \r\n\t\t<\/div>\r\n\t\n\n\r\n\t\t<div  class=\"block-613954d2-39bd-4822-b122-ee7a043100e0 areoi-strip areoi-element strip alignfull training-bottom\">\r\n\t\t\t\r\n\t\t\t\n\r\n\t\t<div  class=\"block-4b4ade74-379b-4442-a85e-e8748ca07cad areoi-element container\">\r\n\t\t\t\r\n\t\t\t\n\r\n\t\t<div  class=\"block-3620b27b-f442-47c1-b0dc-5c15c9c7ccfc row areoi-element\">\r\n\t\t\t\r\n\r\n\t\t\t\n\r\n\t\t<div  class=\"block-51529033-6059-47ad-94aa-52da384f1d03 col areoi-element\">\r\n\t\t\t\r\n\t\t\t\n\n<p>Hell&#039;s Belles Bake Shop es un peque\u00f1o negocio dirigido por mujeres en el West End de Wilmington. Sirve reposter\u00eda casera y se inspira creativamente en diversas culturas y etnias. Sus propietarias, Stephanie Grubb y Hannah Schoenbach, comparten a\u00f1os de experiencia culinaria y una gran pasi\u00f3n por todo lo relacionado con la mantequilla. Cuando estaban abriendo la panader\u00eda y afrontando altos costos iniciales, se enteraron de las subvenciones y pr\u00e9stamos disponibles del Fondo de Revitalizaci\u00f3n del Corredor del West Side. &#034;Lleg\u00f3 en el momento justo&#034;, coment\u00f3 Hannah. &#034;La maquinaria necesaria para una panader\u00eda es muy extensa y costosa&#034;, a\u00f1adi\u00f3. Se alegraron de recibir un pr\u00e9stamo condonable de True Access Capital. Ahora, Union Street es el hogar de un nuevo negocio popular y pr\u00f3spero. &#034;Estamos muy agradecidos con True Access&#034;, concluy\u00f3.<\/p>\n\n \r\n\t\t\t\r\n\t\t<\/div>\r\n\t\n \r\n\t\t<\/div>\r\n\t\n \r\n\t\t<\/div>\r\n\t\n \r\n\t\t<\/div>\r\n\t\n\n\r\n\t\t<div  class=\"block-31220d9b-8d82-4d77-88b2-82996586b2ee areoi-strip areoi-element strip alignfull section-block section-form\">\r\n\t\t\t\r\n\t\t\t\n\r\n\t\t<div  class=\"block-cedf88ff-e803-4f8f-83e9-5fbf00e72ab4 areoi-element container\">\r\n\t\t\t\r\n\t\t\t\n\r\n\t\t<div  class=\"block-2bb26e09-9fcc-424a-b4a7-239d46f70f73 row areoi-element\">\r\n\t\t\t\r\n\r\n\t\t\t\n\r\n\t\t<div  class=\"block-3d7370b3-70f0-4c79-b49d-b425cc4008e7 col areoi-element\">\r\n\t\t\t\r\n\t\t\t\n\n<h2 class=\"wp-block-heading\">\u00bfNecesita m\u00e1s informaci\u00f3n sobre las iniciativas de Desarrollo Comunitario de True Access? Env\u00edenos un mensaje y nos pondremos en contacto con usted.<\/h2>\n\n \r\n\t\t\t\r\n\t\t<\/div>\r\n\t\n \r\n\t\t<\/div>\r\n\t\n\n\r\n\t\t<div  class=\"block-eb3ced4c-4f54-41d8-bc18-34c840407f45 row areoi-element section-form-inner\">\r\n\t\t\t\r\n\r\n\t\t\t\n\r\n\t\t<div  class=\"block-c18985a2-d6d7-471f-ae10-c1af4890fc5f col areoi-element\">\r\n\t\t\t\r\n\t\t\t\n\n<div class=\"wpcf7 no-js\" id=\"wpcf7-f6-o1\" lang=\"en-US\" dir=\"ltr\" data-wpcf7-id=\"6\">\n<div class=\"screen-reader-response\"><p role=\"status\" aria-live=\"polite\" aria-atomic=\"true\"><\/p> <ul><\/ul><\/div>\n<form action=\"\/es\/wp-json\/wp\/v2\/pages\/1042#wpcf7-f6-o1\" method=\"post\" class=\"wpcf7-form init\" aria-label=\"Contact form\" novalidate=\"novalidate\" data-status=\"init\" data-trp-original-action=\"\/es\/wp-json\/wp\/v2\/pages\/1042#wpcf7-f6-o1\">\n<fieldset class=\"hidden-fields-container\"><input type=\"hidden\" name=\"_wpcf7\" value=\"6\" \/><input type=\"hidden\" name=\"_wpcf7_version\" value=\"6.1.5\" \/><input type=\"hidden\" name=\"_wpcf7_locale\" value=\"en_US\" \/><input type=\"hidden\" name=\"_wpcf7_unit_tag\" value=\"wpcf7-f6-o1\" \/><input type=\"hidden\" name=\"_wpcf7_container_post\" value=\"0\" \/><input type=\"hidden\" name=\"_wpcf7_posted_data_hash\" value=\"\" \/><input type=\"hidden\" name=\"_wpcf7_recaptcha_response\" value=\"\" \/>\n<\/fieldset>\n<div class=\"row\">\n\t<div class=\"col-6\">\n\t\t<p><label>Nombre de pila<br \/>\n<span class=\"wpcf7-form-control-wrap\" data-name=\"first-name\"><input size=\"40\" maxlength=\"400\" class=\"wpcf7-form-control wpcf7-text wpcf7-validates-as-required\" autocomplete=\"name\" aria-required=\"true\" aria-invalid=\"false\" value=\"\" type=\"text\" name=\"first-name\" \/><\/span> <\/label>\n\t\t<\/p>\n\t<\/div>\n\t<div class=\"col-6\">\n\t\t<p><label>Apellido<br \/>\n<span class=\"wpcf7-form-control-wrap\" data-name=\"last-name\"><input size=\"40\" maxlength=\"400\" class=\"wpcf7-form-control wpcf7-text wpcf7-validates-as-required\" autocomplete=\"name\" aria-required=\"true\" aria-invalid=\"false\" value=\"\" type=\"text\" name=\"last-name\" \/><\/span> <\/label>\n\t\t<\/p>\n\t<\/div>\n<\/div>\n<div class=\"row\">\n\t<div class=\"col-12\">\n\t\t<p><label>Direcci\u00f3n de correo electr\u00f3nico<br \/>\n<span class=\"wpcf7-form-control-wrap\" data-name=\"email\"><input size=\"40\" maxlength=\"400\" class=\"wpcf7-form-control wpcf7-email wpcf7-validates-as-required wpcf7-text wpcf7-validates-as-email\" autocomplete=\"email\" aria-required=\"true\" aria-invalid=\"false\" value=\"\" type=\"email\" name=\"email\" \/><\/span> <\/label>\n\t\t<\/p>\n\t<\/div>\n<\/div>\n<div class=\"row\">\n\t<div class=\"col-12\">\n\t\t<p><label>Sujeto<br \/>\n<span class=\"wpcf7-form-control-wrap\" data-name=\"subject\"><input size=\"40\" maxlength=\"400\" class=\"wpcf7-form-control wpcf7-text wpcf7-validates-as-required\" aria-required=\"true\" aria-invalid=\"false\" value=\"\" type=\"text\" name=\"subject\" \/><\/span> <\/label>\n\t\t<\/p>\n\t<\/div>\n<\/div>\n<div class=\"row\">\n\t<div class=\"col-12\">\n\t\t<p><label>Mensaje<br \/>\n<span class=\"wpcf7-form-control-wrap\" data-name=\"message\"><textarea cols=\"40\" rows=\"10\" maxlength=\"2000\" class=\"wpcf7-form-control wpcf7-textarea\" aria-invalid=\"false\" name=\"message\"><\/textarea><\/span> <\/label>\n\t\t<\/p>\n\t<\/div>\n<\/div>\n<p><input class=\"wpcf7-form-control wpcf7-submit has-spinner form-btn\" type=\"submit\" value=\"Enviar\" \/>\n<\/p><div class=\"wpcf7-response-output\" aria-hidden=\"true\"><\/div>\n<input type=\"hidden\" name=\"trp-form-language\" value=\"es\"\/><\/form>\n<\/div>\n\n\n \r\n\t\t\t\r\n\t\t<\/div>\r\n\t\n \r\n\t\t<\/div>\r\n\t\n \r\n\t\t<\/div>\r\n\t\n \r\n\t\t<\/div>","protected":false},"excerpt":{"rendered":"<p> [&#8230;]<\/p>\n<p><a class=\"btn btn-secondary understrap-read-more-link\" href=\"http:\/\/trueaccesscapital.com\/es\/community-development\/\">Read More&#8230;<span class=\"screen-reader-text\"> from Community Development<\/span><\/a><\/p>\n","protected":false},"author":1,"featured_media":0,"parent":0,"menu_order":0,"comment_status":"closed","ping_status":"closed","template":"page-templates\/tacBasic.php","meta":{"_acf_changed":false,"footnotes":""},"class_list":["post-1042","page","type-page","status-publish","hentry"],"acf":[],"_links":{"self":[{"href":"http:\/\/trueaccesscapital.com\/es\/wp-json\/wp\/v2\/pages\/1042","targetHints":{"allow":["GET"]}}],"collection":[{"href":"http:\/\/trueaccesscapital.com\/es\/wp-json\/wp\/v2\/pages"}],"about":[{"href":"http:\/\/trueaccesscapital.com\/es\/wp-json\/wp\/v2\/types\/page"}],"author":[{"embeddable":true,"href":"http:\/\/trueaccesscapital.com\/es\/wp-json\/wp\/v2\/users\/1"}],"replies":[{"embeddable":true,"href":"http:\/\/trueaccesscapital.com\/es\/wp-json\/wp\/v2\/comments?post=1042"}],"version-history":[{"count":5,"href":"http:\/\/trueaccesscapital.com\/es\/wp-json\/wp\/v2\/pages\/1042\/revisions"}],"predecessor-version":[{"id":2058,"href":"http:\/\/trueaccesscapital.com\/es\/wp-json\/wp\/v2\/pages\/1042\/revisions\/2058"}],"wp:attachment":[{"href":"http:\/\/trueaccesscapital.com\/es\/wp-json\/wp\/v2\/media?parent=1042"}],"curies":[{"name":"wp","href":"https:\/\/api.w.org\/{rel}","templated":true}]}}