{"id":1075,"date":"2024-09-09T16:56:59","date_gmt":"2024-09-09T16:56:59","guid":{"rendered":"https:\/\/trueaccesscapital.com\/?page_id=1075"},"modified":"2026-03-05T16:10:30","modified_gmt":"2026-03-05T16:10:30","slug":"training-education","status":"publish","type":"page","link":"http:\/\/trueaccesscapital.com\/es\/training-education\/","title":{"rendered":"Capacitaci\u00f3n \/ Educaci\u00f3n"},"content":{"rendered":"<div  class=\"block-7d989a6f-8e79-43db-8766-a72d8ac1d697 areoi-strip areoi-element strip alignfull section-block section-intro no-btm-pad\">\r\n\t\t\t\r\n\t\t\t\n\r\n\t\t<div  class=\"block-9d995aa8-b9b8-483a-b978-fd79cd4ae52e areoi-element container\">\r\n\t\t\t\r\n\t\t\t\n\r\n\t\t<div  class=\"block-d32ed41e-c236-478e-b343-28c5773e7a1e row areoi-element\">\r\n\t\t\t\r\n\r\n\t\t\t\n\r\n\t\t<div  class=\"block-2636f629-6a8f-4770-8213-4b37df521b64 col areoi-element\">\r\n\t\t\t\r\n\t\t\t\n\n<h2 class=\"wp-block-heading\">Tambi\u00e9n ofrecemos programas de formaci\u00f3n especializada.<\/h2>\n\n\n\n<p>True Access Capital ofrece un conjunto completo de programas de capacitaci\u00f3n y talleres dise\u00f1ados para apoyar a los emprendedores en cada etapa de su trayectoria empresarial. Estos programas brindan formaci\u00f3n pr\u00e1ctica para ayudarles a desarrollar, lanzar y hacer crecer su negocio con \u00e9xito.<\/p>\n\n\n\n<p><\/p>\n\n \r\n\t\t\t\r\n\t\t<\/div>\r\n\t\n \r\n\t\t<\/div>\r\n\t\n \r\n\t\t<\/div>\r\n\t\n \r\n\t\t<\/div>\r\n\t\n\n\r\n\t\t<div  class=\"block-510bb58e-0489-43a5-9310-dd2af9188f4f areoi-strip areoi-element strip alignfull section-block no-top-pad no-btm-pad section-btm-cta\">\r\n\t\t\t\r\n\t\t\t\n\r\n\t\t<div  class=\"block-e796e573-82d4-48c6-9aab-86deb6015437 areoi-element container\">\r\n\t\t\t\r\n\t\t\t\n\r\n\t\t<div  class=\"block-afd292a4-841b-4928-aee8-8e93370ce06c row areoi-element section-btm-cta-inner\">\r\n\t\t\t\r\n\r\n\t\t\t\n\r\n\t\t<div  class=\"block-7dca1382-7045-4e28-a4a2-25dd1c59a58c col areoi-element col-md-7\">\r\n\t\t\t\r\n\t\t\t\n\n<p>\u00bfEst\u00e1s listo para llevar tu negocio al siguiente nivel? <em>Haga clic en el bot\u00f3n Solicitar Asesor\u00eda o llame al: <a href=\"tel:3026526774\">302-652-6774<\/a><\/em> <em>extensi\u00f3n 127<\/em><\/p>\n\n \r\n\t\t\t\r\n\t\t<\/div>\r\n\t\n\n\r\n\t\t<div  class=\"block-eeebe113-3959-4648-9cc5-0de55c81c077 col areoi-element btn-box col-md-5\">\r\n\t\t\t\r\n\t\t\t\n\r\n\t\t\t\t\r\n\t\t<a \r\n\t\t\t\r\n\t\t\tclass=\"block-30534079-275b-4dcb-8c6d-121076054369 btn areoi-has-url position-relative btn-form gradient-orange btn-primary\"\r\n\t href=\"https:\/\/wbc.trueaccesscapital.org\/reg.aspx?mode=counsel&#038;center=73001&#038;subloc=0\" rel=\"noreferrer noopener\" target=\"_blank\" >\r\n\t\t\t\t\t\r\n\t\t\t\t\tSolicitud de asesoramiento \r\n\t\t\t\t\t\r\n\t\t\t\t\t \r\n\t\t\t\t<\/a>\r\n\t\t\t\n \r\n\t\t\t\r\n\t\t<\/div>\r\n\t\n \r\n\t\t<\/div>\r\n\t\n \r\n\t\t<\/div>\r\n\t\n \r\n\t\t<\/div>\r\n\t\n\n\r\n\t\t<div  class=\"block-caf7cd4d-c8bd-43f2-ac59-b86d63d0f9ac areoi-strip areoi-element strip alignfull section-block no-top-pad\">\r\n\t\t\t\r\n\t\t\t\n\r\n\t\t<div  class=\"block-a78d058c-d869-4190-85a0-fbc052593f77 areoi-element container\">\r\n\t\t\t\r\n\t\t\t\n\r\n\t\t<div  class=\"block-cadd2d22-9566-4b86-b30a-5c5dd0c834e0 row areoi-element\">\r\n\t\t\t\r\n\r\n\t\t\t\n\r\n\t\t<div  class=\"block-56873dd6-80f3-4d7e-9e0a-0a41d3ade892 col areoi-element\">\r\n\t\t\t\r\n\t\t\t\n\n<h2 class=\"section-hdr section-hdr-borders\" style=\"text-align: center;\">\u00bfQue sigue?<\/h2>\n\n \r\n\t\t\t\r\n\t\t<\/div>\r\n\t\n \r\n\t\t<\/div>\r\n\t\n \r\n\t\t<\/div>\r\n\t\n \r\n\t\t<\/div>\r\n\t\n\n\r\n\t\t<div  class=\"block-dd920841-d348-4b9e-8c9e-802d329b5a5a areoi-strip areoi-element strip alignfull\">\r\n\t\t\t\r\n\t\t\t\n\r\n\t\t<div  class=\"block-92e6e7cc-75c7-4f4f-9be8-a7e15e2750c5 areoi-element container\">\r\n\t\t\t\r\n\t\t\t\n\r\n\t\t<div  class=\"block-57f6ce01-d041-46c7-8ac4-bf6be332ae20 row areoi-element\">\r\n\t\t\t\r\n\r\n\t\t\t\n\r\n\t\t<div  class=\"block-4ba9a46d-6ced-41cc-874d-72849e2432d9 col areoi-element\">\r\n\t\t\t\r\n\t\t\t\n<div class='row event-row'><div class='col-md-12 event-box'><h2> Plan Forward: 8 Weeks to Business Brilliance (Session 8)<\/h2><h3>Thursday, May 14, 2026 <\/h3>D\u00f3nde: <b>WBC, The Community Service Building, Wilmington<\/b>\n<br \/>Cuando: <i>Thursday, May 14, 2026 6:00 PM to 7:30 PM<\/i><br \/>Tarifa: Sin costo<br \/><a href=\"https:\/\/wbc.trueaccesscapital.org\/workshop.aspx?ekey=1460030\">Link<\/a><\/div><\/div><div class='row event-row'><div class='col-md-12 event-box'><h2> Grant Finding for Small Business Owners<\/h2><h3>Thursday, May 21, 2026 <\/h3>D\u00f3nde: <b>En l\u00ednea<\/b><br \/>Cuando: <i>Thursday, May 21, 2026 6:00 PM to 8:00 PM<\/i><br \/>Topic: Managing a Business\n<p>This practical webinar helps small business owners take a realistic and strategic approach to finding grant funding. Led by three-time grant winner Dre Steinberg, participants will learn about the different types of non-dilutive funding available, how to identify opportunities they are actually eligible for, and where to find trusted sources while avoiding scams. The session also introduces how AI can support the grant writing process and provides a simple, repeatable formula for long-term success. Attendees will leave with a clearer understanding of their funding options, a structured process for finding opportunities, and tools such as Grant Hub to make the search more efficient.<\/p>\n\n<p><br \/>Speaker: Andre Steinberg<br \/>Co-Sponsor: <br \/><\/p><br \/>Tarifa: Sin costo<br \/><a href=\"https:\/\/wbc.trueaccesscapital.org\/workshop.aspx?ekey=1460023\">Link<\/a><\/div><\/div><div class='row event-row'><div class='col-md-12 event-box'><h2> Borrow Smart: Mastering the Essentials of Responsible Borrowing<\/h2><h3>Tuesday, May 26, 2026 <\/h3>D\u00f3nde: <b>En l\u00ednea<\/b><br \/>Cuando: <i>Tuesday, May 26, 2026 6:00 PM to 8:00 PM<\/i><br \/>Tema: Contabilidad y presupuesto empresarial\n<p>Explore the different options for borrowing money and gain a clear understanding of the costs involved. This session will help you make informed decisions and build confidence when considering loans or credit.<\/p>\n\n<p><br \/>Speaker: Citizens Bank<br \/>Co-Sponsor: <br \/><\/p><br \/>Tarifa: Sin costo<br \/><a href=\"https:\/\/wbc.trueaccesscapital.org\/workshop.aspx?ekey=1460020\">Link<\/a><\/div><\/div>\n\n \r\n\t\t\t\r\n\t\t<\/div>\r\n\t\n \r\n\t\t<\/div>\r\n\t\n\n\r\n\t\t<div  class=\"block-8fdade6e-99ee-4d6c-9e63-1be0a5d3229f row areoi-element all-events-box\">\r\n\t\t\t\r\n\r\n\t\t\t\n\r\n\t\t<div  class=\"block-bcd24e94-9f08-49cb-97b8-d28fb90fba6d col areoi-element\">\r\n\t\t\t\r\n\t\t\t\n\r\n\t\t\t\t\r\n\t\t<a \r\n\t\t\t\r\n\t\t\tclass=\"block-e816f10b-be40-4dff-81fd-f8919c122bca btn areoi-has-url position-relative btn-all-events gradient-orange btn-primary\"\r\n\t href=\"https:\/\/wbc.trueaccesscapital.org\/center.aspx?center=73001\" rel=\"noreferrer noopener\" target=\"_blank\" >\r\n\t\t\t\t\t\r\n\t\t\t\t\tVER TODOS LOS ENTRENAMIENTOS DE WBC \r\n\t\t\t\t\t\r\n\t\t\t\t\t \r\n\t\t\t\t<\/a>\r\n\t\t\t\n \r\n\t\t\t\r\n\t\t<\/div>\r\n\t\n \r\n\t\t<\/div>\r\n\t\n \r\n\t\t<\/div>\r\n\t\n \r\n\t\t<\/div>\r\n\t\n\n\r\n\t\t<div  class=\"block-c8519e01-c902-4178-81b6-24efff3ae9cd areoi-strip areoi-element strip alignfull section-block no-btm-pad\">\r\n\t\t\t\r\n\t\t\t\n\r\n\t\t<div  class=\"block-5e4df84f-07c4-4b50-b7be-a1c532a7cf57 areoi-element container\">\r\n\t\t\t\r\n\t\t\t\n\r\n\t\t<div  class=\"block-cadd2d22-9566-4b86-b30a-5c5dd0c834e0 row areoi-element\">\r\n\t\t\t\r\n\r\n\t\t\t\n\r\n\t\t<div  class=\"block-56873dd6-80f3-4d7e-9e0a-0a41d3ade892 col areoi-element\">\r\n\t\t\t\r\n\t\t\t\n\n<h2 class=\"section-hdr section-hdr-borders\" style=\"text-align: center;\">Navegue por el aprendizaje autodirigido.<\/h2>\n\n \r\n\t\t\t\r\n\t\t<\/div>\r\n\t\n \r\n\t\t<\/div>\r\n\t\n \r\n\t\t<\/div>\r\n\t\n \r\n\t\t<\/div>\r\n\t\n\n\r\n\t\t<div  class=\"block-603f8702-cd04-48a3-8833-9bedbe6284f4 areoi-strip areoi-element strip alignfull section-block no-pad\">\r\n\t\t\t\r\n\t\t\t\n\r\n\t\t<div  class=\"block-f6796794-4c08-4cb4-a906-1c5fada3e1d6 areoi-element container\">\r\n\t\t\t\r\n\t\t\t\n\r\n\t\t<div  class=\"block-dd86d48a-897c-4223-ba25-8f33eadc12b6 row areoi-element\">\r\n\t\t\t\r\n\r\n\t\t\t\n\r\n\t\t<div  class=\"block-23c77c99-256e-4e44-bfc1-ce84ef9fb32d col areoi-element\">\r\n\t\t\t\r\n\t\t\t\n\n<p class=\"has-medium-font-size\"><strong>Descubra la flexibilidad, la personalizaci\u00f3n y el empoderamiento en la educaci\u00f3n autodirigida<\/strong><\/p>\n\n\n\n<p>Descubre la flexibilidad, la personalizaci\u00f3n y el empoderamiento en la educaci\u00f3n autodirigida. Si no puedes asistir a nuestras clases o si prefieres aprender a tu propio ritmo, el Centro de Mujeres Empresariales tambi\u00e9n cuenta con una plataforma de aprendizaje donde los cursos autodirigidos revolucionan tu forma de aprender y crecer. Nuestra plataforma te permite tomar el control de tu aprendizaje con cursos flexibles y personalizados, adaptados a tus necesidades e intereses.<\/p>\n\n\n\n<p>Con nosotros, puedes aprender a tu propio ritmo, con tu propio horario, desde cualquier lugar del mundo. Ya sea que est\u00e9s mejorando tus habilidades profesionales, explorando nuevas aficiones o adentr\u00e1ndote en temas fascinantes, nuestros cursos autodirigidos te ofrecen la oportunidad perfecta.<\/p>\n\n \r\n\t\t\t\r\n\t\t<\/div>\r\n\t\n \r\n\t\t<\/div>\r\n\t\n \r\n\t\t<\/div>\r\n\t\n \r\n\t\t<\/div>\r\n\t\n\n\r\n\t\t<div  class=\"block-28a0bb4f-1271-463e-9f10-1302892c7ded areoi-strip areoi-element strip alignfull section-block section-register\">\r\n\t\t\t\r\n\t\t\t\n\r\n\t\t<div  class=\"block-bccb8795-9a01-4745-8985-d1cdd29e5b31 areoi-element container section-register-inner gradient-orange\">\r\n\t\t\t\r\n\t\t\t\n\r\n\t\t<div  class=\"block-aa5487d5-eea8-4d04-ac45-e0a09fbf900d row areoi-element\">\r\n\t\t\t\r\n\r\n\t\t\t\n\r\n\t\t<div  class=\"block-e5f7aaca-e51f-4122-a399-7b893ee504b8 col areoi-element register-logo col-md-6\">\r\n\t\t\t\r\n\t\t\t\n\n<h3>Libera tu potencial.<br\/><span>Aprendizaje autodirigido.<\/span><\/h3>\n\n\n\n<figure class=\"wp-block-image size-full\"><img loading=\"lazy\" decoding=\"async\" width=\"436\" height=\"119\" src=\"https:\/\/trueaccesscapital.com\/wp-content\/uploads\/2024\/10\/Learning-OnDemand-stacked-white.png\" alt=\"\" class=\"wp-image-1136\" srcset=\"http:\/\/trueaccesscapital.com\/wp-content\/uploads\/2024\/10\/Learning-OnDemand-stacked-white.png 436w, http:\/\/trueaccesscapital.com\/wp-content\/uploads\/2024\/10\/Learning-OnDemand-stacked-white-300x82.png 300w\" sizes=\"auto, (max-width: 436px) 100vw, 436px\" \/><\/figure>\n\n \r\n\t\t\t\r\n\t\t<\/div>\r\n\t\n\n\r\n\t\t<div  class=\"block-f8869c1b-6fa3-4d0d-a869-4a6ee03272a5 col areoi-element col-md-6\">\r\n\t\t\t\r\n\t\t\t\n\n<div class=\"wp-block-group cta-box\"><div class=\"wp-block-group__inner-container is-layout-constrained wp-block-group-is-layout-constrained\">\n<p><strong><em>Flexibilidad:<\/em><\/strong> Dile adi\u00f3s a los horarios y plazos r\u00edgidos.<\/p>\n\n\n\n<p><strong><em>Personalizaci\u00f3n:<\/em><\/strong> Los cursos se adaptan a tu estilo de aprendizaje.<\/p>\n\n\n\n<p><strong><em>Empoderamiento:<\/em><\/strong> Toma posesi\u00f3n y libera tu potencial. <\/p>\n\n\n\n<p><strong><em>Seguimiento del progreso:<\/em><\/strong> Monitorea tu avance sin esfuerzo. <\/p>\n\n\n\n<p><strong><em>Acceso de por vida:<\/em><\/strong> Disfrute de acceso ilimitado a los materiales del curso.<\/p>\n\n\n\r\n\t\t\t\t\r\n\t\t<a \r\n\t\t\t\r\n\t\t\tclass=\"block-cebfe18f-e0bc-41fe-8573-2a609e5f6e7b btn areoi-has-url position-relative btn-cta gradient-orange btn-primary\"\r\n\t href=\"https:\/\/dewbc.talentlms.com\/plus\/\" rel=\"noreferrer noopener\" target=\"_blank\" >\r\n\t\t\t\t\t\r\n\t\t\t\t\tVer cursos autodirigidos \r\n\t\t\t\t\t\r\n\t\t\t\t\t \r\n\t\t\t\t<\/a>\r\n\t\t\t<\/div><\/div>\n\n \r\n\t\t\t\r\n\t\t<\/div>\r\n\t\n \r\n\t\t<\/div>\r\n\t\n\n\r\n\t\t<div  class=\"block-163d1237-c694-4c43-818b-781c30aabd00 row areoi-element\">\r\n\t\t\t\r\n\r\n\t\t\t\n\r\n\t\t<div  class=\"block-c9eb94e2-f598-4223-9719-ae16b3caada8 col areoi-element register-bottom\">\r\n\t\t\t\r\n\t\t\t\n\n<h4 class=\"wp-block-heading\">Si no est\u00e1 seguro de qu\u00e9 documentos necesita, True Access Capital lo ayudar\u00e1.<\/h4>\n\n \r\n\t\t\t\r\n\t\t<\/div>\r\n\t\n \r\n\t\t<\/div>\r\n\t\n \r\n\t\t<\/div>\r\n\t\n \r\n\t\t<\/div>\r\n\t\n\n\r\n\t\t<div  class=\"block-ff82b8b3-a88e-4f63-aadc-cd3fd5f0bb6a areoi-strip areoi-element strip alignfull section-block\">\r\n\t\t\t\r\n\t\t\t\n\r\n\t\t<div  class=\"block-83b82877-6c64-4ba6-8f78-d52bdd348ee6 areoi-element container\">\r\n\t\t\t\r\n\t\t\t\n\r\n\t\t<div  class=\"block-97d1b6db-bb63-461e-8b45-f957ef25f44e row areoi-element\">\r\n\t\t\t\r\n\r\n\t\t\t\n\r\n\t\t<div  class=\"block-0c32e2b9-9a59-49d0-b191-11ff193fe594 col areoi-element\">\r\n\t\t\t\r\n\t\t\t\n\n<h4 class=\"wp-block-heading has-text-align-center\"><strong>Federal Funding Disclosures \u2013 The Women\u2019s Business Center at True Access Capital<\/strong><\/h4>\n\n\n\n<p class=\"has-text-align-center\"><strong>In accordance with Section 632 of Public Law 117-328:<\/strong><\/p>\n\n\n\n<p class=\"has-text-align-center\">The Women\u2019s Business Center Program<br>Federal Share: 50% \u2013 $150,000.00<br>Non-Federal Share: 50% \u2013 $150,000.00<br>Total Program Cost: $300,000.00<\/p>\n\n \r\n\t\t\t\r\n\t\t<\/div>\r\n\t\n \r\n\t\t<\/div>\r\n\t\n \r\n\t\t<\/div>\r\n\t\n \r\n\t\t<\/div>","protected":false},"excerpt":{"rendered":"<p> [&#8230;]<\/p>\n<p><a class=\"btn btn-secondary understrap-read-more-link\" href=\"http:\/\/trueaccesscapital.com\/es\/training-education\/\">Read More&#8230;<span class=\"screen-reader-text\"> from Training \/ Education<\/span><\/a><\/p>\n","protected":false},"author":1,"featured_media":0,"parent":0,"menu_order":0,"comment_status":"closed","ping_status":"closed","template":"page-templates\/tacBasic.php","meta":{"_acf_changed":false,"footnotes":""},"class_list":["post-1075","page","type-page","status-publish","hentry"],"acf":[],"_links":{"self":[{"href":"http:\/\/trueaccesscapital.com\/es\/wp-json\/wp\/v2\/pages\/1075","targetHints":{"allow":["GET"]}}],"collection":[{"href":"http:\/\/trueaccesscapital.com\/es\/wp-json\/wp\/v2\/pages"}],"about":[{"href":"http:\/\/trueaccesscapital.com\/es\/wp-json\/wp\/v2\/types\/page"}],"author":[{"embeddable":true,"href":"http:\/\/trueaccesscapital.com\/es\/wp-json\/wp\/v2\/users\/1"}],"replies":[{"embeddable":true,"href":"http:\/\/trueaccesscapital.com\/es\/wp-json\/wp\/v2\/comments?post=1075"}],"version-history":[{"count":5,"href":"http:\/\/trueaccesscapital.com\/es\/wp-json\/wp\/v2\/pages\/1075\/revisions"}],"predecessor-version":[{"id":2309,"href":"http:\/\/trueaccesscapital.com\/es\/wp-json\/wp\/v2\/pages\/1075\/revisions\/2309"}],"wp:attachment":[{"href":"http:\/\/trueaccesscapital.com\/es\/wp-json\/wp\/v2\/media?parent=1075"}],"curies":[{"name":"wp","href":"https:\/\/api.w.org\/{rel}","templated":true}]}}