{"id":1165,"date":"2025-02-19T15:29:16","date_gmt":"2025-02-19T15:29:16","guid":{"rendered":"https:\/\/trueaccesscapital.com\/?page_id=1165"},"modified":"2025-06-12T18:11:01","modified_gmt":"2025-06-12T18:11:01","slug":"504-loans","status":"publish","type":"page","link":"http:\/\/trueaccesscapital.com\/es\/loan-products\/504-loans\/","title":{"rendered":"Pr\u00e9stamos 504"},"content":{"rendered":"<div  class=\"block-198eb202-0b79-43b0-8af8-000c5912debf areoi-strip areoi-element strip alignfull section-block\">\r\n\t\t\t\r\n\t\t\t\n\r\n\t\t<div  class=\"block-653685d3-6fe8-4da6-80b3-f65ba175a9ee areoi-element container\">\r\n\t\t\t\r\n\t\t\t\n\r\n\t\t<div  class=\"block-42291673-5f9c-447f-aced-a6f4f5b96480 row areoi-element\">\r\n\t\t\t\r\n\r\n\t\t\t\n\r\n\t\t<div  class=\"block-675af3e3-dafa-4a63-a8ff-1b85ab06eb0b col areoi-element\">\r\n\t\t\t\r\n\t\t\t\n\n<h2 class=\"wp-block-heading\">Para propietarios de peque\u00f1as empresas que buscan expandirse.<\/h2>\n\n\n\n<p>Para los propietarios de peque\u00f1as empresas que buscan crecer o expandirse, el programa de pr\u00e9stamos SBA 504 ofrece una excelente oportunidad para acceder a financiamiento asequible a largo plazo. Con el respaldo de la Administraci\u00f3n de Peque\u00f1as Empresas de EE. UU. (SBA), el pr\u00e9stamo 504 est\u00e1 dise\u00f1ado espec\u00edficamente para ayudar a las empresas a adquirir activos fijos, como inmuebles comerciales, maquinaria o equipos, manteniendo pagos mensuales manejables.<\/p>\n\n\n\n<p>Con una estructura \u00fanica que combina la financiaci\u00f3n del sector privado con el apoyo de la SBA, el programa 504 no solo facilita el crecimiento empresarial, sino que tambi\u00e9n fomenta el desarrollo econ\u00f3mico y la creaci\u00f3n de empleo. Ya sea que planee adquirir nuevas instalaciones, modernizar sus operaciones o invertir en proyectos de energ\u00eda sostenible, el pr\u00e9stamo 504 de la SBA le proporciona la base financiera que necesita para alcanzar sus objetivos empresariales.<\/p>\n\n\n\n<div style=\"height:40px\" aria-hidden=\"true\" class=\"wp-block-spacer\"><\/div>\n\n\n\n<figure class=\"wp-block-image size-large\"><img loading=\"lazy\" decoding=\"async\" width=\"1024\" height=\"245\" src=\"https:\/\/trueaccesscapital.com\/wp-content\/uploads\/2025\/02\/Image-10-1024x245.png\" alt=\"\" class=\"wp-image-1168\" srcset=\"http:\/\/trueaccesscapital.com\/wp-content\/uploads\/2025\/02\/Image-10-1024x245.png 1024w, http:\/\/trueaccesscapital.com\/wp-content\/uploads\/2025\/02\/Image-10-300x72.png 300w, http:\/\/trueaccesscapital.com\/wp-content\/uploads\/2025\/02\/Image-10-768x183.png 768w, http:\/\/trueaccesscapital.com\/wp-content\/uploads\/2025\/02\/Image-10.png 1206w\" sizes=\"auto, (max-width: 1024px) 100vw, 1024px\" \/><\/figure>\n\n \r\n\t\t\t\r\n\t\t<\/div>\r\n\t\n \r\n\t\t<\/div>\r\n\t\n \r\n\t\t<\/div>\r\n\t\n \r\n\t\t<\/div>\r\n\t\n\n\r\n\t\t<div  class=\"block-510bb58e-0489-43a5-9310-dd2af9188f4f areoi-strip areoi-element strip alignfull section-block no-top-pad section-btm-cta\">\r\n\t\t\t\r\n\t\t\t\n\r\n\t\t<div  class=\"block-e796e573-82d4-48c6-9aab-86deb6015437 areoi-element container\">\r\n\t\t\t\r\n\t\t\t\n\r\n\t\t<div  class=\"block-afd292a4-841b-4928-aee8-8e93370ce06c row areoi-element section-btm-cta-inner\">\r\n\t\t\t\r\n\r\n\t\t\t\n\r\n\t\t<div  class=\"block-7dca1382-7045-4e28-a4a2-25dd1c59a58c col areoi-element col-md-7\">\r\n\t\t\t\r\n\t\t\t\n\n<p>\u00bfEst\u00e1s listo para llevar tu negocio al siguiente nivel? <em><em>Haga clic en el bot\u00f3n Solicitar Asesor\u00eda<\/em> o llamar: <a href=\"tel:3026526774\">302-652-6774<\/a><\/em><\/p>\n\n \r\n\t\t\t\r\n\t\t<\/div>\r\n\t\n\n\r\n\t\t<div  class=\"block-eeebe113-3959-4648-9cc5-0de55c81c077 col areoi-element btn-box col-md-5\">\r\n\t\t\t\r\n\t\t\t\n\r\n\t\t\t\t\r\n\t\t<a \r\n\t\t\t\r\n\t\t\tclass=\"block-30534079-275b-4dcb-8c6d-121076054369 btn areoi-has-url position-relative btn-form gradient-teal btn-primary\"\r\n\t href=\"https:\/\/wbc.trueaccesscapital.org\/reg.aspx?mode=counsel&#038;center=73001&#038;subloc=0\" rel=\"noreferrer noopener\" target=\"_blank\" >\r\n\t\t\t\t\t\r\n\t\t\t\t\tSolicitud de asesoramiento \r\n\t\t\t\t\t\r\n\t\t\t\t\t \r\n\t\t\t\t<\/a>\r\n\t\t\t\n \r\n\t\t\t\r\n\t\t<\/div>\r\n\t\n \r\n\t\t<\/div>\r\n\t\n \r\n\t\t<\/div>\r\n\t\n \r\n\t\t<\/div>","protected":false},"excerpt":{"rendered":"<p> [&#8230;]<\/p>\n<p><a class=\"btn btn-secondary understrap-read-more-link\" href=\"http:\/\/trueaccesscapital.com\/es\/loan-products\/504-loans\/\">Read More&#8230;<span class=\"screen-reader-text\"> from 504 Loans<\/span><\/a><\/p>\n","protected":false},"author":1,"featured_media":0,"parent":953,"menu_order":0,"comment_status":"closed","ping_status":"closed","template":"page-templates\/tacBasic.php","meta":{"_acf_changed":false,"footnotes":""},"class_list":["post-1165","page","type-page","status-publish","hentry"],"acf":[],"_links":{"self":[{"href":"http:\/\/trueaccesscapital.com\/es\/wp-json\/wp\/v2\/pages\/1165","targetHints":{"allow":["GET"]}}],"collection":[{"href":"http:\/\/trueaccesscapital.com\/es\/wp-json\/wp\/v2\/pages"}],"about":[{"href":"http:\/\/trueaccesscapital.com\/es\/wp-json\/wp\/v2\/types\/page"}],"author":[{"embeddable":true,"href":"http:\/\/trueaccesscapital.com\/es\/wp-json\/wp\/v2\/users\/1"}],"replies":[{"embeddable":true,"href":"http:\/\/trueaccesscapital.com\/es\/wp-json\/wp\/v2\/comments?post=1165"}],"version-history":[{"count":5,"href":"http:\/\/trueaccesscapital.com\/es\/wp-json\/wp\/v2\/pages\/1165\/revisions"}],"predecessor-version":[{"id":2046,"href":"http:\/\/trueaccesscapital.com\/es\/wp-json\/wp\/v2\/pages\/1165\/revisions\/2046"}],"up":[{"embeddable":true,"href":"http:\/\/trueaccesscapital.com\/es\/wp-json\/wp\/v2\/pages\/953"}],"wp:attachment":[{"href":"http:\/\/trueaccesscapital.com\/es\/wp-json\/wp\/v2\/media?parent=1165"}],"curies":[{"name":"wp","href":"https:\/\/api.w.org\/{rel}","templated":true}]}}