{"id":1246,"date":"2025-02-21T15:16:38","date_gmt":"2025-02-21T15:16:38","guid":{"rendered":"https:\/\/trueaccesscapital.com\/?page_id=1246"},"modified":"2026-03-05T15:46:47","modified_gmt":"2026-03-05T15:46:47","slug":"womens-business-center","status":"publish","type":"page","link":"http:\/\/trueaccesscapital.com\/es\/womens-business-center\/","title":{"rendered":"El Centro de Mujeres de Negocios"},"content":{"rendered":"<div  class=\"block-7d989a6f-8e79-43db-8766-a72d8ac1d697 areoi-strip areoi-element strip alignfull section-block section-intro no-btm-pad\">\r\n\t\t\t\r\n\t\t\t\n\r\n\t\t<div  class=\"block-9d995aa8-b9b8-483a-b978-fd79cd4ae52e areoi-element container\">\r\n\t\t\t\r\n\t\t\t\n\r\n\t\t<div  class=\"block-d32ed41e-c236-478e-b343-28c5773e7a1e row areoi-element\">\r\n\t\t\t\r\n\r\n\t\t\t\n\r\n\t\t<div  class=\"block-2636f629-6a8f-4770-8213-4b37df521b64 col areoi-element\">\r\n\t\t\t\r\n\t\t\t\n\n<h2 class=\"wp-block-heading\">Aqu\u00ed en el WBC no solo nos dedicamos a hacer negocios: nuestro objetivo es capacitarlo para prosperar.<\/h2>\n\n\n\n<p>Nuestros programas de capacitaci\u00f3n est\u00e1n dise\u00f1ados con un solo objetivo: ayudar a emprendedores como t\u00fa a construir, desarrollar y mantener negocios exitosos. Tanto si est\u00e1s empezando como si buscas perfeccionar tus habilidades, nuestros cursos abarcan temas esenciales como marketing, operaciones, conocimientos financieros, branding, herramientas digitales y m\u00e1s.<\/p>\n\n\n\n<p>Cada programa est\u00e1 estructurado para brindar estrategias pr\u00e1cticas y herramientas que puedes aplicar de inmediato. Nuestra capacitaci\u00f3n es clara, enfocada y orientada a resultados para apoyar tu crecimiento en cada paso del camino.<\/p>\n\n\n\n<p>No esperes m\u00e1s para invertir en ti y en tu negocio. Explora nuestros pr\u00f3ximos programas de capacitaci\u00f3n y da el siguiente paso para hacer realidad tus metas. Reg\u00edstrate hoy mismo y empieza a desarrollar los conocimientos y la confianza que necesitas para prosperar.<\/p>\n\n\n\n<h3 class=\"wp-block-heading\">Miembro de AWBC<\/h3>\n\n\n<div class=\"wp-block-image\">\n<figure class=\"alignright size-full is-resized\"><img loading=\"lazy\" decoding=\"async\" width=\"216\" height=\"216\" src=\"https:\/\/trueaccesscapital.com\/wp-content\/uploads\/2025\/02\/image006.png\" alt=\"\" class=\"wp-image-1252\" style=\"width:142px;height:auto\" srcset=\"http:\/\/trueaccesscapital.com\/wp-content\/uploads\/2025\/02\/image006.png 216w, http:\/\/trueaccesscapital.com\/wp-content\/uploads\/2025\/02\/image006-150x150.png 150w\" sizes=\"auto, (max-width: 216px) 100vw, 216px\" \/><\/figure>\n<\/div>\n\n\n<p>La Asociaci\u00f3n de Centros Empresariales para Mujeres (AWBC) trabaja para garantizar la justicia econ\u00f3mica y las oportunidades empresariales para las mujeres mediante el apoyo y el mantenimiento de una red nacional de casi 150 Centros Empresariales para Mujeres (WBC). Los WBC ayudan a las mujeres a alcanzar el \u00e9xito empresarial brindando capacitaci\u00f3n, mentor\u00eda, desarrollo empresarial y oportunidades de financiamiento a m\u00e1s de 150,000 emprendedoras cada a\u00f1o.<\/p>\n\n\n\r\n\t\t\t\t\r\n\t\t<a \r\n\t\t\t\r\n\t\t\tclass=\"block-3cf02bfb-a9ed-4752-804c-86b6c028c37c btn areoi-has-url position-relative btn-form gradient-purple btn-primary\"\r\n\t href=\"\/es\/training-education\/\" >\r\n\t\t\t\t\t\r\n\t\t\t\t\tProgramas de formaci\u00f3n y educaci\u00f3n \r\n\t\t\t\t\t\r\n\t\t\t\t\t \r\n\t\t\t\t<\/a>\r\n\t\t\t\n \r\n\t\t\t\r\n\t\t<\/div>\r\n\t\n \r\n\t\t<\/div>\r\n\t\n \r\n\t\t<\/div>\r\n\t\n \r\n\t\t<\/div>\r\n\t\n\n\r\n\t\t<div  class=\"block-510bb58e-0489-43a5-9310-dd2af9188f4f areoi-strip areoi-element strip alignfull section-block section-btm-cta\">\r\n\t\t\t\r\n\t\t\t\n\r\n\t\t<div  class=\"block-e796e573-82d4-48c6-9aab-86deb6015437 areoi-element container\">\r\n\t\t\t\r\n\t\t\t\n\r\n\t\t<div  class=\"block-afd292a4-841b-4928-aee8-8e93370ce06c row areoi-element section-btm-cta-inner\">\r\n\t\t\t\r\n\r\n\t\t\t\n\r\n\t\t<div  class=\"block-7dca1382-7045-4e28-a4a2-25dd1c59a58c col areoi-element col-md-12\">\r\n\t\t\t\r\n\t\t\t\n\n<p><strong>Para obtener m\u00e1s informaci\u00f3n sobre el Centro de Mujeres Empresariales, comun\u00edquese con:<\/strong><br><em>El Centro de Negocios para Mujeres de True Access Capital<\/em><br><strong><a href=\"tel:3026526774\">302-652-6774 ext. 127<\/a><\/strong> | <a href=\"mailto:wbc@trueaccesscapital.org\"><strong>wbc@trueaccesscapital.org<\/strong><\/a><\/p>\n\n \r\n\t\t\t\r\n\t\t<\/div>\r\n\t\n \r\n\t\t<\/div>\r\n\t\n \r\n\t\t<\/div>\r\n\t\n \r\n\t\t<\/div>\r\n\t\n\n\r\n\t\t<div  class=\"block-792f4c95-dc21-4264-bec1-0b326495e8a6 areoi-strip areoi-element strip alignfull section-block section-mission\">\r\n\t\t\t\r\n\t\t\t\n\r\n\t\t<div  class=\"block-3cbbe2dd-3a73-49f7-8cca-0ac82ebe70db areoi-element container section-mission-inner gradient-purple\">\r\n\t\t\t\r\n\t\t\t\n\r\n\t\t<div  class=\"block-e29b2229-3acd-4b65-ba8c-aba8f686858c row areoi-element\">\r\n\t\t\t\r\n\r\n\t\t\t\n\r\n\t\t<div  class=\"block-9161f7b1-9dee-4ce7-9415-a61e987dfd2f col areoi-element\">\r\n\t\t\t\r\n\t\t\t\n\n<h2 class=\"wp-block-heading\">Nuestra misi\u00f3n<\/h2>\n\n\n\n<p class=\"inner-copy\">El Centro de Negocios para Mujeres de True Access Capital, como socio oficial de recursos de la SBA, se compromete a promover el empoderamiento de mujeres y emprendedoras. Ofrecemos una amplia gama de recursos, s\u00f3lidos programas de capacitaci\u00f3n y asesoramiento personalizado con expertos, todo dise\u00f1ado para apoyar la trayectoria empresarial de cada persona. Mediante la colaboraci\u00f3n y la reducci\u00f3n de barreras, buscamos fomentar la innovaci\u00f3n e impulsar el desarrollo econ\u00f3mico sostenible en nuestra comunidad.<\/p>\n\n \r\n\t\t\t\r\n\t\t<\/div>\r\n\t\n \r\n\t\t<\/div>\r\n\t\n \r\n\t\t<\/div>\r\n\t\n \r\n\t\t<\/div>\r\n\t\n\n\r\n\t\t<div  class=\"block-f868f20d-5a5c-4a9c-8c36-f4bfa80e2b66 areoi-strip areoi-element strip alignfull section-block section-vision\">\r\n\t\t\t\r\n\t\t\t\n\r\n\t\t<div  class=\"block-599c0464-a044-444d-be42-a5b8082221e6 areoi-element container section-vision-inner\">\r\n\t\t\t\r\n\t\t\t\n\r\n\t\t<div  class=\"block-993537eb-6921-4493-9478-fefbca61f14f row areoi-element\">\r\n\t\t\t\r\n\r\n\t\t\t\n\r\n\t\t<div  class=\"block-a73e7c36-1674-4c66-91aa-87aae6cee8df col areoi-element\">\r\n\t\t\t\r\n\t\t\t\n\n<p class=\"has-text-align-center\">~ Visi\u00f3n ~ <\/p>\n\n\n\n<p class=\"has-text-align-center\">El Centro de Negocios para Mujeres de True Access Capital aspira a ser una piedra angular para el \u00e9xito empresarial, ofreciendo un espacio de apoyo donde las mujeres y todos los empresarios puedan prosperar e impulsar un crecimiento econ\u00f3mico significativo.<\/p>\n\n \r\n\t\t\t\r\n\t\t<\/div>\r\n\t\n \r\n\t\t<\/div>\r\n\t\n \r\n\t\t<\/div>\r\n\t\n \r\n\t\t<\/div>\r\n\t\n\n\n<figure class=\"wp-block-image size-large training-highlight-img\"><img loading=\"lazy\" decoding=\"async\" width=\"1024\" height=\"294\" src=\"http:\/\/trueaccesscapital.com\/wp-content\/uploads\/2025\/02\/wbc_smile-1024x294.webp\" alt=\"\" class=\"wp-image-1272\" srcset=\"http:\/\/trueaccesscapital.com\/wp-content\/uploads\/2025\/02\/wbc_smile-1024x294.webp 1024w, http:\/\/trueaccesscapital.com\/wp-content\/uploads\/2025\/02\/wbc_smile-300x86.webp 300w, http:\/\/trueaccesscapital.com\/wp-content\/uploads\/2025\/02\/wbc_smile-768x221.webp 768w, http:\/\/trueaccesscapital.com\/wp-content\/uploads\/2025\/02\/wbc_smile.webp 1336w\" sizes=\"auto, (max-width: 1024px) 100vw, 1024px\" \/><\/figure>\n\n\n\r\n\t\t<div  class=\"block-1f929ef2-3694-467d-a028-0434f322dd00 areoi-strip areoi-element strip alignfull section-training-highlight gradient-purple\">\r\n\t\t\t\r\n\t\t\t\n\r\n\t\t<div  class=\"block-cc0d3389-d092-41d8-939a-ac009c7b9a22 areoi-element container section-training-highlight-inner\">\r\n\t\t\t\r\n\t\t\t\n\r\n\t\t<div  class=\"block-21959b08-cba4-462f-85be-440f5891c12a row areoi-element\">\r\n\t\t\t\r\n\r\n\t\t\t\n\r\n\t\t<div  class=\"block-93e922be-3e1e-40f8-bad9-d761620a1052 col areoi-element\">\r\n\t\t\t\r\n\t\t\t\n\n<h3 class=\"wp-block-heading\">Asesor\u00eda empresarial<\/h3>\n\n \r\n\t\t\t\r\n\t\t<\/div>\r\n\t\n \r\n\t\t<\/div>\r\n\t\n \r\n\t\t<\/div>\r\n\t\n \r\n\t\t<\/div>\r\n\t\n\n\r\n\t\t<div  class=\"block-613954d2-39bd-4822-b122-ee7a043100e0 areoi-strip areoi-element strip alignfull training-bottom\">\r\n\t\t\t\r\n\t\t\t\n\r\n\t\t<div  class=\"block-4b4ade74-379b-4442-a85e-e8748ca07cad areoi-element container\">\r\n\t\t\t\r\n\t\t\t\n\r\n\t\t<div  class=\"block-3620b27b-f442-47c1-b0dc-5c15c9c7ccfc row areoi-element\">\r\n\t\t\t\r\n\r\n\t\t\t\n\r\n\t\t<div  class=\"block-51529033-6059-47ad-94aa-52da384f1d03 col areoi-element\">\r\n\t\t\t\r\n\t\t\t\n\n<p>El Centro de Negocios para Mujeres (WBC) de True Access Capital ofrece servicios de asesor\u00eda empresarial experta y gratuita a emprendedoras, tanto aspirantes como consolidadas. Nuestro equipo de asesores experimentados ofrece orientaci\u00f3n personalizada sobre una amplia gama de temas, como planificaci\u00f3n empresarial, gesti\u00f3n financiera, estrategias de marketing y cumplimiento de requisitos regulatorios. Ya sea que est\u00e9 iniciando una nueva empresa o buscando expandir su negocio actual, nuestros asesores est\u00e1n aqu\u00ed para apoyarle en cada paso del camino, asegur\u00e1ndose de que cuente con las herramientas y el conocimiento necesarios para el \u00e9xito. Aproveche este valioso recurso para hacer realidad sus sue\u00f1os empresariales.<\/p>\n\n\n\r\n\t\t\t\t\r\n\t\t<a \r\n\t\t\t\r\n\t\t\tclass=\"block-e9dc16b7-142c-45b3-a976-29c93c9565df btn areoi-has-url position-relative btn-form gradient-purple btn-primary\"\r\n\t href=\"https:\/\/wbc.trueaccesscapital.org\/reg.aspx?mode=counsel&#038;center=73001&#038;subloc=0\" rel=\"noreferrer noopener\" target=\"_blank\" >\r\n\t\t\t\t\t\r\n\t\t\t\t\tREG\u00cdSTRATE AHORA \r\n\t\t\t\t\t\r\n\t\t\t\t\t \r\n\t\t\t\t<\/a>\r\n\t\t\t\n \r\n\t\t\t\r\n\t\t<\/div>\r\n\t\n \r\n\t\t<\/div>\r\n\t\n \r\n\t\t<\/div>\r\n\t\n \r\n\t\t<\/div>\r\n\t\n\n\n<figure class=\"wp-block-image size-large training-highlight-img\"><img loading=\"lazy\" decoding=\"async\" width=\"1024\" height=\"230\" src=\"https:\/\/trueaccesscapital.com\/wp-content\/uploads\/2025\/04\/her_banner-1024x230.webp\" alt=\"\" class=\"wp-image-1926\" srcset=\"http:\/\/trueaccesscapital.com\/wp-content\/uploads\/2025\/04\/her_banner-1024x230.webp 1024w, http:\/\/trueaccesscapital.com\/wp-content\/uploads\/2025\/04\/her_banner-300x67.webp 300w, http:\/\/trueaccesscapital.com\/wp-content\/uploads\/2025\/04\/her_banner-768x172.webp 768w, http:\/\/trueaccesscapital.com\/wp-content\/uploads\/2025\/04\/her_banner.webp 1490w\" sizes=\"auto, (max-width: 1024px) 100vw, 1024px\" \/><\/figure>\n\n\n\r\n\t\t<div  class=\"block-1f929ef2-3694-467d-a028-0434f322dd00 areoi-strip areoi-element strip alignfull section-training-highlight gradient-purple\">\r\n\t\t\t\r\n\t\t\t\n\r\n\t\t<div  class=\"block-cc0d3389-d092-41d8-939a-ac009c7b9a22 areoi-element container section-training-highlight-inner\">\r\n\t\t\t\r\n\t\t\t\n\r\n\t\t<div  class=\"block-21959b08-cba4-462f-85be-440f5891c12a row areoi-element\">\r\n\t\t\t\r\n\r\n\t\t\t\n\r\n\t\t<div  class=\"block-93e922be-3e1e-40f8-bad9-d761620a1052 col areoi-element\">\r\n\t\t\t\r\n\t\t\t\n\n<h3 class=\"wp-block-heading\">Concurso de planes de negocios HER<\/h3>\n\n \r\n\t\t\t\r\n\t\t<\/div>\r\n\t\n \r\n\t\t<\/div>\r\n\t\n \r\n\t\t<\/div>\r\n\t\n \r\n\t\t<\/div>\r\n\t\n\n\r\n\t\t<div  class=\"block-613954d2-39bd-4822-b122-ee7a043100e0 areoi-strip areoi-element strip alignfull training-bottom\">\r\n\t\t\t\r\n\t\t\t\n\r\n\t\t<div  class=\"block-4b4ade74-379b-4442-a85e-e8748ca07cad areoi-element container\">\r\n\t\t\t\r\n\t\t\t\n\r\n\t\t<div  class=\"block-3620b27b-f442-47c1-b0dc-5c15c9c7ccfc row areoi-element\">\r\n\t\t\t\r\n\r\n\t\t\t\n\r\n\t\t<div  class=\"block-51529033-6059-47ad-94aa-52da384f1d03 col areoi-element\">\r\n\t\t\t\r\n\t\t\t\n\n<p>Construir un negocio sostenible comienza con una base s\u00f3lida, y esto empieza con un plan estrat\u00e9gico claro. El Centro de Negocios para Mujeres de True Access Capital se enorgullece de presentar el Concurso Anual de Planes de Negocios HER, una iniciativa creada para empoderar y promover a las mujeres emprendedoras en todo Delaware. Dise\u00f1ado para apoyar tanto a emprendedoras con aspiraciones como a emprendedoras ya establecidas, el concurso brinda acceso a herramientas esenciales, financiaci\u00f3n y recursos que ayudan a lanzar, desarrollar y expandir negocios propiedad de mujeres. A trav\u00e9s de este programa, fomentamos el \u00e9xito a largo plazo y fortalecemos el ecosistema emprendedor en todo el estado.<\/p>\n\n\n\r\n\t\t\t\t\r\n\t\t<a \r\n\t\t\t\r\n\t\t\tclass=\"block-e9dc16b7-142c-45b3-a976-29c93c9565df btn areoi-has-url position-relative btn-form gradient-purple btn-primary\"\r\n\t href=\"https:\/\/dewbc.awardsplatform.com\/\" rel=\"noreferrer noopener\" target=\"_blank\" >\r\n\t\t\t\t\t\r\n\t\t\t\t\tAPRENDER M\u00c1S \r\n\t\t\t\t\t\r\n\t\t\t\t\t \r\n\t\t\t\t<\/a>\r\n\t\t\t\n \r\n\t\t\t\r\n\t\t<\/div>\r\n\t\n \r\n\t\t<\/div>\r\n\t\n \r\n\t\t<\/div>\r\n\t\n \r\n\t\t<\/div>\r\n\t\n\n\n<figure class=\"wp-block-image size-large training-highlight-img\"><img loading=\"lazy\" decoding=\"async\" width=\"1024\" height=\"294\" src=\"http:\/\/trueaccesscapital.com\/wp-content\/uploads\/2025\/02\/wbc_writing-1024x294.webp\" alt=\"\" class=\"wp-image-1276\" srcset=\"http:\/\/trueaccesscapital.com\/wp-content\/uploads\/2025\/02\/wbc_writing-1024x294.webp 1024w, http:\/\/trueaccesscapital.com\/wp-content\/uploads\/2025\/02\/wbc_writing-300x86.webp 300w, http:\/\/trueaccesscapital.com\/wp-content\/uploads\/2025\/02\/wbc_writing-768x221.webp 768w, http:\/\/trueaccesscapital.com\/wp-content\/uploads\/2025\/02\/wbc_writing.webp 1336w\" sizes=\"auto, (max-width: 1024px) 100vw, 1024px\" \/><\/figure>\n\n\n\r\n\t\t<div  class=\"block-1f929ef2-3694-467d-a028-0434f322dd00 areoi-strip areoi-element strip alignfull section-training-highlight gradient-purple\">\r\n\t\t\t\r\n\t\t\t\n\r\n\t\t<div  class=\"block-cc0d3389-d092-41d8-939a-ac009c7b9a22 areoi-element container section-training-highlight-inner\">\r\n\t\t\t\r\n\t\t\t\n\r\n\t\t<div  class=\"block-21959b08-cba4-462f-85be-440f5891c12a row areoi-element\">\r\n\t\t\t\r\n\r\n\t\t\t\n\r\n\t\t<div  class=\"block-93e922be-3e1e-40f8-bad9-d761620a1052 col areoi-element\">\r\n\t\t\t\r\n\t\t\t\n\n<h3 class=\"wp-block-heading\">Descubra la educaci\u00f3n personalizada y autodirigida<\/h3>\n\n \r\n\t\t\t\r\n\t\t<\/div>\r\n\t\n \r\n\t\t<\/div>\r\n\t\n \r\n\t\t<\/div>\r\n\t\n \r\n\t\t<\/div>\r\n\t\n\n\r\n\t\t<div  class=\"block-613954d2-39bd-4822-b122-ee7a043100e0 areoi-strip areoi-element strip alignfull training-bottom\">\r\n\t\t\t\r\n\t\t\t\n\r\n\t\t<div  class=\"block-4b4ade74-379b-4442-a85e-e8748ca07cad areoi-element container\">\r\n\t\t\t\r\n\t\t\t\n\r\n\t\t<div  class=\"block-3620b27b-f442-47c1-b0dc-5c15c9c7ccfc row areoi-element\">\r\n\t\t\t\r\n\r\n\t\t\t\n\r\n\t\t<div  class=\"block-51529033-6059-47ad-94aa-52da384f1d03 col areoi-element\">\r\n\t\t\t\r\n\t\t\t\n\n<p>\u00bfEres un emprendedor con iniciativa que busca ampliar sus conocimientos empresariales a su propio ritmo? Accede a la plataforma de gesti\u00f3n de aprendizaje TalentLMS, que ofrece m\u00e1s de 900 cursos, incluidos 90 en espa\u00f1ol, todos dise\u00f1ados para adaptarse a tu ritmo y objetivos.<\/p>\n\n\n\n<p>Esta plataforma integral impulsa el crecimiento empresarial y el desarrollo personal con una amplia gama de temas, desde marketing y finanzas hasta liderazgo y comunicaci\u00f3n. Su interfaz intuitiva facilita el aprendizaje, mientras que el contenido interactivo y atractivo garantiza una experiencia enriquecedora.<\/p>\n\n\n\n<p>Comience a aprender hoy y d\u00e9 el siguiente paso hacia el crecimiento de su negocio con confianza.<\/p>\n\n \r\n\t\t\t\r\n\t\t<\/div>\r\n\t\n \r\n\t\t<\/div>\r\n\t\n \r\n\t\t<\/div>\r\n\t\n \r\n\t\t<\/div>\r\n\t\n\n\r\n\t\t<div  class=\"block-28a0bb4f-1271-463e-9f10-1302892c7ded areoi-strip areoi-element strip alignfull section-block section-register\">\r\n\t\t\t\r\n\t\t\t\n\r\n\t\t<div  class=\"block-bccb8795-9a01-4745-8985-d1cdd29e5b31 areoi-element container section-register-inner gradient-purple\">\r\n\t\t\t\r\n\t\t\t\n\r\n\t\t<div  class=\"block-aa5487d5-eea8-4d04-ac45-e0a09fbf900d row areoi-element\">\r\n\t\t\t\r\n\r\n\t\t\t\n\r\n\t\t<div  class=\"block-e5f7aaca-e51f-4122-a399-7b893ee504b8 col areoi-element register-logo col-md-6\">\r\n\t\t\t\r\n\t\t\t\n\n<h3>Libera tu potencial.<br\/><span>Aprendizaje autodirigido.<\/span><\/h3>\n\n\n\n<figure class=\"wp-block-image size-full\"><img loading=\"lazy\" decoding=\"async\" width=\"436\" height=\"119\" src=\"https:\/\/trueaccesscapital.com\/wp-content\/uploads\/2024\/10\/Learning-OnDemand-stacked-white.png\" alt=\"\" class=\"wp-image-1136\" srcset=\"http:\/\/trueaccesscapital.com\/wp-content\/uploads\/2024\/10\/Learning-OnDemand-stacked-white.png 436w, http:\/\/trueaccesscapital.com\/wp-content\/uploads\/2024\/10\/Learning-OnDemand-stacked-white-300x82.png 300w\" sizes=\"auto, (max-width: 436px) 100vw, 436px\" \/><\/figure>\n\n \r\n\t\t\t\r\n\t\t<\/div>\r\n\t\n\n\r\n\t\t<div  class=\"block-f8869c1b-6fa3-4d0d-a869-4a6ee03272a5 col areoi-element col-md-6\">\r\n\t\t\t\r\n\t\t\t\n\n<div class=\"wp-block-group cta-box\"><div class=\"wp-block-group__inner-container is-layout-constrained wp-block-group-is-layout-constrained\">\n<p><strong><em>Flexibilidad:<\/em><\/strong> Dile adi\u00f3s a los horarios y plazos r\u00edgidos.<\/p>\n\n\n\n<p><strong><em>Personalizaci\u00f3n:<\/em><\/strong> Los cursos se adaptan a tu estilo de aprendizaje.<\/p>\n\n\n\n<p><strong><em>Empoderamiento:<\/em><\/strong> Toma posesi\u00f3n y libera tu potencial. <\/p>\n\n\n\n<p><strong><em>Seguimiento del progreso:<\/em><\/strong> Monitorea tu avance sin esfuerzo. <\/p>\n\n\n\n<p><strong><em>Acceso de por vida:<\/em><\/strong> Disfrute de acceso ilimitado a los materiales del curso.<\/p>\n\n\n\r\n\t\t\t\t\r\n\t\t<a \r\n\t\t\t\r\n\t\t\tclass=\"block-cebfe18f-e0bc-41fe-8573-2a609e5f6e7b btn areoi-has-url position-relative btn-cta gradient-purple btn-primary\"\r\n\t href=\"https:\/\/dewbc.talentlms.com\/plus\/\" rel=\"noreferrer noopener\" target=\"_blank\" >\r\n\t\t\t\t\t\r\n\t\t\t\t\tVer cursos autodirigidos \r\n\t\t\t\t\t\r\n\t\t\t\t\t \r\n\t\t\t\t<\/a>\r\n\t\t\t<\/div><\/div>\n\n \r\n\t\t\t\r\n\t\t<\/div>\r\n\t\n \r\n\t\t<\/div>\r\n\t\n\n\r\n\t\t<div  class=\"block-163d1237-c694-4c43-818b-781c30aabd00 row areoi-element\">\r\n\t\t\t\r\n\r\n\t\t\t\n\r\n\t\t<div  class=\"block-c9eb94e2-f598-4223-9719-ae16b3caada8 col areoi-element register-bottom\">\r\n\t\t\t\r\n\t\t\t\n\n<h4 class=\"wp-block-heading\">Si no est\u00e1 seguro de qu\u00e9 documentos necesita, True Access Capital lo ayudar\u00e1.<\/h4>\n\n \r\n\t\t\t\r\n\t\t<\/div>\r\n\t\n \r\n\t\t<\/div>\r\n\t\n \r\n\t\t<\/div>\r\n\t\n \r\n\t\t<\/div>\r\n\t\n\n\r\n\t\t<div  class=\"block-a7b9b992-7bd5-4bc1-832b-1de4333ac629 areoi-strip areoi-element strip alignfull\">\r\n\t\t\t\r\n\t\t\t\n\r\n\t\t<div  class=\"block-a9a3f68a-451e-4d6e-a357-2ee2e73fa396 areoi-element container\">\r\n\t\t\t\r\n\t\t\t\n\r\n\t\t<div  class=\"block-97d1b6db-bb63-461e-8b45-f957ef25f44e row areoi-element\">\r\n\t\t\t\r\n\r\n\t\t\t\n\r\n\t\t<div  class=\"block-0c32e2b9-9a59-49d0-b191-11ff193fe594 col areoi-element\">\r\n\t\t\t\r\n\t\t\t\n\n<h4 class=\"wp-block-heading has-text-align-center\"><strong>Federal Funding Disclosures \u2013 The Women\u2019s Business Center at True Access Capital<\/strong><\/h4>\n\n\n\n<p class=\"has-text-align-center\"><strong>In accordance with Section 632 of Public Law 117-328:<\/strong><\/p>\n\n\n\n<p class=\"has-text-align-center\">The Women\u2019s Business Center Program<br>Federal Share: 50% \u2013 $150,000.00<br>Non-Federal Share: 50% \u2013 $150,000.00<br>Total Program Cost: $300,000.00<\/p>\n\n \r\n\t\t\t\r\n\t\t<\/div>\r\n\t\n \r\n\t\t<\/div>\r\n\t\n \r\n\t\t<\/div>\r\n\t\n \r\n\t\t<\/div>\r\n\t\n\n\r\n\t\t<div  class=\"block-7206e956-e660-4efc-b364-e0d2ddd98aa9 areoi-strip areoi-element strip alignfull section-block section-sba\">\r\n\t\t\t\r\n\t\t\t\n\r\n\t\t<div  class=\"block-23a44567-4966-4c32-a393-bec559f7973d areoi-element container\">\r\n\t\t\t\r\n\t\t\t\n\r\n\t\t<div  class=\"block-0eea29ae-8e40-4575-bc94-db4bc1f16cc6 row areoi-element\">\r\n\t\t\t\r\n\r\n\t\t\t\n\r\n\t\t<div  class=\"block-2f0cab6c-c915-45fd-8f49-329311442d14 col areoi-element left col-6\">\r\n\t\t\t\r\n\t\t\t\n\n<figure class=\"wp-block-image size-full\"><img loading=\"lazy\" decoding=\"async\" width=\"345\" height=\"127\" src=\"https:\/\/trueaccesscapital.com\/wp-content\/uploads\/2025\/03\/logo_sba.png\" alt=\"\" class=\"wp-image-1332\" srcset=\"http:\/\/trueaccesscapital.com\/wp-content\/uploads\/2025\/03\/logo_sba.png 345w, http:\/\/trueaccesscapital.com\/wp-content\/uploads\/2025\/03\/logo_sba-300x110.png 300w\" sizes=\"auto, (max-width: 345px) 100vw, 345px\" \/><\/figure>\n\n \r\n\t\t\t\r\n\t\t<\/div>\r\n\t\n\n\r\n\t\t<div  class=\"block-3c2c9a38-6a5b-45d3-a222-0317656016e3 col areoi-element right col-6\">\r\n\t\t\t\r\n\t\t\t\n\n<p>El Centro de Negocios para Mujeres de True Access Capital est\u00e1 financiado en parte a trav\u00e9s de un acuerdo de cooperaci\u00f3n con la Administraci\u00f3n de Peque\u00f1as Empresas de EE. UU.<\/p>\n\n \r\n\t\t\t\r\n\t\t<\/div>\r\n\t\n \r\n\t\t<\/div>\r\n\t\n \r\n\t\t<\/div>\r\n\t\n \r\n\t\t<\/div>","protected":false},"excerpt":{"rendered":"<p> [&#8230;]<\/p>\n<p><a class=\"btn btn-secondary understrap-read-more-link\" href=\"http:\/\/trueaccesscapital.com\/es\/womens-business-center\/\">Read More&#8230;<span class=\"screen-reader-text\"> from The Women\u2019s Business Center<\/span><\/a><\/p>\n","protected":false},"author":1,"featured_media":0,"parent":0,"menu_order":0,"comment_status":"closed","ping_status":"closed","template":"page-templates\/tacBasic.php","meta":{"_acf_changed":false,"footnotes":""},"class_list":["post-1246","page","type-page","status-publish","hentry"],"acf":[],"_links":{"self":[{"href":"http:\/\/trueaccesscapital.com\/es\/wp-json\/wp\/v2\/pages\/1246","targetHints":{"allow":["GET"]}}],"collection":[{"href":"http:\/\/trueaccesscapital.com\/es\/wp-json\/wp\/v2\/pages"}],"about":[{"href":"http:\/\/trueaccesscapital.com\/es\/wp-json\/wp\/v2\/types\/page"}],"author":[{"embeddable":true,"href":"http:\/\/trueaccesscapital.com\/es\/wp-json\/wp\/v2\/users\/1"}],"replies":[{"embeddable":true,"href":"http:\/\/trueaccesscapital.com\/es\/wp-json\/wp\/v2\/comments?post=1246"}],"version-history":[{"count":5,"href":"http:\/\/trueaccesscapital.com\/es\/wp-json\/wp\/v2\/pages\/1246\/revisions"}],"predecessor-version":[{"id":2307,"href":"http:\/\/trueaccesscapital.com\/es\/wp-json\/wp\/v2\/pages\/1246\/revisions\/2307"}],"wp:attachment":[{"href":"http:\/\/trueaccesscapital.com\/es\/wp-json\/wp\/v2\/media?parent=1246"}],"curies":[{"name":"wp","href":"https:\/\/api.w.org\/{rel}","templated":true}]}}