{"id":1345,"date":"2025-03-04T14:50:11","date_gmt":"2025-03-04T14:50:11","guid":{"rendered":"https:\/\/trueaccesscapital.com\/?page_id=1345"},"modified":"2025-10-28T17:43:19","modified_gmt":"2025-10-28T17:43:19","slug":"resources","status":"publish","type":"page","link":"http:\/\/trueaccesscapital.com\/es\/resources\/","title":{"rendered":"Recursos"},"content":{"rendered":"<div  class=\"block-04032249-49fc-416f-af3e-9f3ef0cb4df3 areoi-strip areoi-element strip alignfull section-block section-success\">\r\n\t\t\t\r\n\t\t\t\n\r\n\t\t<div  class=\"block-ec3e57c9-10e0-4c98-89ad-15be6ec55909 areoi-element container\">\r\n\t\t\t\r\n\t\t\t\n\r\n\t\t<div  class=\"block-65071aa3-f5ad-4b46-afcd-6e8b06e29ad2 row areoi-element\">\r\n\t\t\t\r\n\r\n\t\t\t\n\r\n\t\t<div  class=\"block-7a03e607-caed-4df7-a226-4d17993df6e4 col areoi-element col-md-12\">\r\n\t\t\t\r\n\t\t\t\n\n<h2 class=\"wp-block-heading\">Vea c\u00f3mo True Access Capital ayud\u00f3 a estos empresarios a hacer realidad sus sue\u00f1os comerciales.<\/h2>\n\n\n<div class='row'><div class='col-md-4 ss-high-box'><a href='\/es\/express-graphics-and-printing-inc\/'><img src='http:\/\/trueaccesscapital.com\/wp-content\/uploads\/2025\/03\/83d3f6888d44e77f8572df1156bcd45e-copy.webp' class='card-img-top' title='Express Graphics and Printing, Inc.' alt='Express Graphics and Printing, Inc.'><\/a><p class='title'>Express Graphics and Printing, Inc.<\/p><p class='summary'>Sara D. V\u00e1squez naci\u00f3 en C\u00facuta Norte de Santander, Colombia. A los 18 a\u00f1os, Sara lleg\u00f3 a Estados Unidos con su madre para darle un cambio a su vida que la beneficiara a ella y a su familia.<\/p><p class='link'><a href='\/es\/express-graphics-and-printing-inc\/'>Leer m\u00e1s &gt;<\/a><\/a><\/div><div class='col-md-4 ss-high-box'><a href='\/es\/peruchos\/'><img src='http:\/\/trueaccesscapital.com\/wp-content\/uploads\/2025\/03\/d5bb167d356b22a2c434211f9a8e34ea-copy.webp' class='card-img-top' title='Peruchos' alt='Peruchos'><\/a><p class='title'>Peruchos<\/p><p class='summary'>Los peruchos surgieron por demanda popular. Hace a\u00f1os, Jos\u00e9 y su esposa, Mildred B\u00e1rbara, preparaban deliciosos pollos en su patio trasero para sus amigos.<\/p><p class='link'><a href='\/es\/peruchos\/'>Leer m\u00e1s &gt;<\/a><\/a><\/div><div class='col-md-4 ss-high-box'><a href='\/es\/tornado-ii-janitorial-service-achieve-logistics-transport\/'><img src='http:\/\/trueaccesscapital.com\/wp-content\/uploads\/2025\/03\/6799d10cb980cc15424659020f36ab71-copy.webp' class='card-img-top' title='Servicio de limpieza Tornado II \/ Achieve Logistic Systems' alt='Tornado II Janitorial Service \/ Achieve Logistic Systems'><\/a><p class='title'>Servicio de limpieza Tornado II \/ Achieve Logistic Systems<\/p><p class='summary'>El marido y la mujer son propietarios de dos empresas, ambas al servicio de instituciones educativas en todo el estado.<\/p><p class='link'><a href='\/es\/tornado-ii-janitorial-service-achieve-logistics-transport\/'>Leer m\u00e1s &gt;<\/a><\/a><\/div><\/div>\n\n \r\n\t\t\t\r\n\t\t<\/div>\r\n\t\n \r\n\t\t<\/div>\r\n\t\n\n\r\n\t\t<div  class=\"block-c3d38273-50c9-4e04-b8b3-e2275da2258d row areoi-element row-btn\">\r\n\t\t\t\r\n\r\n\t\t\t\n\r\n\t\t<div  class=\"block-5c34d4d7-896d-4cf9-be7d-3095453cfcac col areoi-element\">\r\n\t\t\t\r\n\t\t\t\n\r\n\t\t\t\t\r\n\t\t<a \r\n\t\t\t\r\n\t\t\tclass=\"block-6bd800eb-8234-4707-a80c-fa999709a827 btn areoi-has-url position-relative btn-form gradient-teal btn-primary\"\r\n\t href=\"\/es\/success-stories\/\" >\r\n\t\t\t\t\t\r\n\t\t\t\t\tVER TODAS LAS HISTORIAS DE \u00c9XITO \r\n\t\t\t\t\t\r\n\t\t\t\t\t \r\n\t\t\t\t<\/a>\r\n\t\t\t\n \r\n\t\t\t\r\n\t\t<\/div>\r\n\t\n \r\n\t\t<\/div>\r\n\t\n \r\n\t\t<\/div>\r\n\t\n \r\n\t\t<\/div>\r\n\t\n\n\r\n\t\t<div  class=\"block-7ea286ae-023e-4dee-9f7a-ca5e27651fb5 areoi-strip areoi-element strip alignfull section-block section-success-videos\">\r\n\t\t\t\r\n\t\t\t\n\r\n\t\t<div  class=\"block-ab77e767-7097-4f52-8961-24540c95fa8d areoi-element container\">\r\n\t\t\t\r\n\t\t\t\n\r\n\t\t<div  class=\"block-c1baba6b-f8b6-4040-91b2-bb280c30af86 row areoi-element row-videos\">\r\n\t\t\t\r\n\r\n\t\t\t\n\r\n\t\t<div  class=\"block-3a79a095-0828-408b-b8ad-ab27b4502718 col areoi-element\">\r\n\t\t\t\r\n\t\t\t\n\n<h2 class=\"wp-block-heading\">Vea estos videos cortos de historias de \u00e9xito de True Access Capital<\/h2>\n\n \r\n\t\t\t\r\n\t\t<\/div>\r\n\t\n \r\n\t\t<\/div>\r\n\t\n\n\r\n\t\t<div  class=\"block-c916a69a-dae4-444a-b35e-0738d3c6957f row areoi-element row-videos\">\r\n\t\t\t\r\n\r\n\t\t\t\n\r\n\t\t<div  class=\"block-6798697a-643a-45b9-9d91-f8b93e3e3ed3 col areoi-element col-12 col-md-4\">\r\n\t\t\t\r\n\t\t\t\n\n<figure class=\"wp-block-embed is-type-rich is-provider-embed-handler wp-block-embed-embed-handler wp-embed-aspect-16-9 wp-has-aspect-ratio\"><div class=\"wp-block-embed__wrapper\">\n<iframe loading=\"lazy\" title=\"Caf\u00e9 De Thai1\" width=\"640\" height=\"360\" src=\"https:\/\/www.youtube.com\/embed\/Ojn_Z1QpQ8M?feature=oembed\" frameborder=\"0\" allow=\"accelerometer; autoplay; clipboard-write; encrypted-media; gyroscope; picture-in-picture; web-share\" referrerpolicy=\"strict-origin-when-cross-origin\" allowfullscreen><\/iframe>\n<\/div><\/figure>\n\n \r\n\t\t\t\r\n\t\t<\/div>\r\n\t\n\n\r\n\t\t<div  class=\"block-ac8e3cab-037f-4965-aa30-2b19da85fc4b col areoi-element col-12 col-md-4\">\r\n\t\t\t\r\n\t\t\t\n\n<figure class=\"wp-block-embed is-type-rich is-provider-embed-handler wp-block-embed-embed-handler wp-embed-aspect-16-9 wp-has-aspect-ratio\"><div class=\"wp-block-embed__wrapper\">\n<iframe loading=\"lazy\" title=\"Pantano y melena\" width=\"640\" height=\"360\" src=\"https:\/\/www.youtube.com\/embed\/bAG9KOhB0xc?feature=oembed\" frameborder=\"0\" allow=\"accelerometer; autoplay; clipboard-write; encrypted-media; gyroscope; picture-in-picture; web-share\" referrerpolicy=\"strict-origin-when-cross-origin\" allowfullscreen><\/iframe>\n<\/div><\/figure>\n\n \r\n\t\t\t\r\n\t\t<\/div>\r\n\t\n\n\r\n\t\t<div  class=\"block-6798697a-643a-45b9-9d91-f8b93e3e3ed3 col areoi-element col-12 col-md-4\">\r\n\t\t\t\r\n\t\t\t\n\n<figure class=\"wp-block-embed is-type-rich is-provider-embed-handler wp-block-embed-embed-handler wp-embed-aspect-16-9 wp-has-aspect-ratio\"><div class=\"wp-block-embed__wrapper\">\n<iframe loading=\"lazy\" title=\"Academia Cottage Seven\" width=\"640\" height=\"360\" src=\"https:\/\/www.youtube.com\/embed\/pkdOmCnZS30?feature=oembed\" frameborder=\"0\" allow=\"accelerometer; autoplay; clipboard-write; encrypted-media; gyroscope; picture-in-picture; web-share\" referrerpolicy=\"strict-origin-when-cross-origin\" allowfullscreen><\/iframe>\n<\/div><\/figure>\n\n \r\n\t\t\t\r\n\t\t<\/div>\r\n\t\n \r\n\t\t<\/div>\r\n\t\n\n\r\n\t\t<div  class=\"block-020f16b5-42ad-4c37-a36b-4a67a9c45e52 row areoi-element row-videos\">\r\n\t\t\t\r\n\r\n\t\t\t\n\r\n\t\t<div  class=\"block-7ad8cef0-12e8-4d3e-a0b6-47533fb56418 col areoi-element col-12 col-md-4\">\r\n\t\t\t\r\n\t\t\t\n\n<figure class=\"wp-block-embed is-type-rich is-provider-embed-handler wp-block-embed-embed-handler wp-embed-aspect-16-9 wp-has-aspect-ratio\"><div class=\"wp-block-embed__wrapper\">\n<iframe loading=\"lazy\" title=\"Bardenas\" width=\"640\" height=\"360\" src=\"https:\/\/www.youtube.com\/embed\/33SMPTsplAk?feature=oembed\" frameborder=\"0\" allow=\"accelerometer; autoplay; clipboard-write; encrypted-media; gyroscope; picture-in-picture; web-share\" referrerpolicy=\"strict-origin-when-cross-origin\" allowfullscreen><\/iframe>\n<\/div><\/figure>\n\n \r\n\t\t\t\r\n\t\t<\/div>\r\n\t\n\n\r\n\t\t<div  class=\"block-3f5d8010-edb4-4853-8cda-9ceaa8b6b747 col areoi-element col-12 col-md-4\">\r\n\t\t\t\r\n\t\t\t\n\n<figure class=\"wp-block-embed is-type-rich is-provider-embed-handler wp-block-embed-embed-handler wp-embed-aspect-16-9 wp-has-aspect-ratio\"><div class=\"wp-block-embed__wrapper\">\n<iframe loading=\"lazy\" title=\"Receta de TrueAccess para el \u00e9xito\" width=\"640\" height=\"360\" src=\"https:\/\/www.youtube.com\/embed\/YJ3od1SQl6o?feature=oembed\" frameborder=\"0\" allow=\"accelerometer; autoplay; clipboard-write; encrypted-media; gyroscope; picture-in-picture; web-share\" referrerpolicy=\"strict-origin-when-cross-origin\" allowfullscreen><\/iframe>\n<\/div><\/figure>\n\n \r\n\t\t\t\r\n\t\t<\/div>\r\n\t\n\n\r\n\t\t<div  class=\"block-7ad8cef0-12e8-4d3e-a0b6-47533fb56418 col areoi-element col-md-4\">\r\n\t\t\t\r\n\t\t\t \r\n\t\t\t\r\n\t\t<\/div>\r\n\t\n \r\n\t\t<\/div>\r\n\t\n \r\n\t\t<\/div>\r\n\t\n \r\n\t\t<\/div>\r\n\t\n\n\r\n\t\t<div  class=\"block-23e04a7a-c92a-4e13-84d4-fd4b08655ee0 areoi-strip areoi-element strip alignfull section-downloads-hdr\">\r\n\t\t\t\r\n\t\t\t\n\r\n\t\t<div  class=\"block-64613ed9-a9c7-40fa-a73a-df6dcbf86558 areoi-element container\">\r\n\t\t\t\r\n\t\t\t\n\r\n\t\t<div  class=\"block-26ccc0b9-d87b-4667-8d22-023bd92557fb row areoi-element\">\r\n\t\t\t\r\n\r\n\t\t\t\n\r\n\t\t<div  class=\"block-b7cc065b-f55f-4b74-a1cc-4512f156dbb7 col areoi-element\">\r\n\t\t\t\r\n\t\t\t\n\n<h2 class=\"wp-block-heading\">Enlaces y descargas:<\/h2>\n\n \r\n\t\t\t\r\n\t\t<\/div>\r\n\t\n \r\n\t\t<\/div>\r\n\t\n \r\n\t\t<\/div>\r\n\t\n \r\n\t\t<\/div>\r\n\t\n\n\r\n\t\t<div  class=\"block-03b9d863-b7f1-43ce-afe7-62c5ea4a074c areoi-strip areoi-element strip alignfull section-block no-btm-pad section-downloads\">\r\n\t\t\t\r\n\t\t\t\n\r\n\t\t<div  class=\"block-e53052af-159e-47a5-a0fe-b4fb82b261a2 areoi-element container\">\r\n\t\t\t\r\n\t\t\t\n\r\n\t\t<div  class=\"block-5c623382-5ab1-4e11-b76d-8228c968163d row areoi-element\">\r\n\t\t\t\r\n\r\n\t\t\t\n\r\n\t\t<div  class=\"block-6b14be5d-883f-4af0-88c4-0cbefcd3f414 col areoi-element\">\r\n\t\t\t\r\n\t\t\t\n\n<h3 class=\"wp-block-heading\">Informes de impacto<\/h3>\n\n \r\n\t\t\t\r\n\t\t<\/div>\r\n\t\n \r\n\t\t<\/div>\r\n\t\n\n\r\n\t\t<div  class=\"block-f33d2187-2184-4701-8375-5de768d5360b row areoi-element section-downloads-inner\">\r\n\t\t\t\r\n\r\n\t\t\t\n\r\n\t\t<div  class=\"block-5358a43a-fe0d-4c5c-a911-d33ff6b61691 col areoi-element left col-12 col-md-4\">\r\n\t\t\t\r\n\t\t\t\n\n<figure class=\"wp-block-image size-full\"><img loading=\"lazy\" decoding=\"async\" width=\"419\" height=\"507\" src=\"https:\/\/trueaccesscapital.com\/wp-content\/uploads\/2025\/10\/TAC-2025-Impact-Report.webp\" alt=\"\" class=\"wp-image-2295\" srcset=\"http:\/\/trueaccesscapital.com\/wp-content\/uploads\/2025\/10\/TAC-2025-Impact-Report.webp 419w, http:\/\/trueaccesscapital.com\/wp-content\/uploads\/2025\/10\/TAC-2025-Impact-Report-248x300.webp 248w, http:\/\/trueaccesscapital.com\/wp-content\/uploads\/2025\/10\/TAC-2025-Impact-Report-10x12.webp 10w\" sizes=\"auto, (max-width: 419px) 100vw, 419px\" \/><\/figure>\n\n\n\n<p><strong><a href=\"https:\/\/trueaccesscapital.com\/es\/2025-impact-report\/\">2024-2025 Impact Report<\/a><\/strong><\/p>\n\n \r\n\t\t\t\r\n\t\t<\/div>\r\n\t\n\n\r\n\t\t<div  class=\"block-0e6fb2a3-a0fa-4766-b0c9-56988db97768 col areoi-element right col-12 col-md-8\">\r\n\t\t\t\r\n\t\t\t\n\n<ul class=\"wp-block-list\">\n<li><a href=\"\/es\/2023-2024-impact-report\/\"><strong>2023-24<\/strong> <strong>Informe de impacto<\/strong><\/a><\/li>\n\n\n\n<li><strong><a href=\"\/es\/annual-report-2022\/\">Informe anual 2022<\/a><\/strong><\/li>\n\n\n\n<li><strong><a href=\"\/es\/annual-report-2021\/\">Informe anual 2021<\/a><\/strong><\/li>\n\n\n\n<li><strong><a href=\"\/es\/annual-report-2020\/\">Informe anual 2020<\/a><\/strong><\/li>\n\n\n\n<li><strong><a href=\"\/wp-content\/uploads\/2025\/03\/True-Access-2019-Annual-Report.pdf\" target=\"_blank\" rel=\"noreferrer noopener\">Informe anual 2019.PDF<\/a><\/strong><\/li>\n\n\n\n<li><strong><a href=\"\/wp-content\/uploads\/2025\/03\/True-Access-2018-Annual-Report.pdf\" target=\"_blank\" rel=\"noreferrer noopener\">Informe anual 2018.PDF<\/a><\/strong><\/li>\n\n\n\n<li><strong><a href=\"\/wp-content\/uploads\/2025\/03\/FSCLF-2017-Annual-Report.pdf\" target=\"_blank\" rel=\"noreferrer noopener\">Informe anual 2017.PDF<\/a><\/strong><\/li>\n<\/ul>\n\n \r\n\t\t\t\r\n\t\t<\/div>\r\n\t\n \r\n\t\t<\/div>\r\n\t\n\n\r\n\t\t<div  class=\"block-5c623382-5ab1-4e11-b76d-8228c968163d row areoi-element\">\r\n\t\t\t\r\n\r\n\t\t\t\n\r\n\t\t<div  class=\"block-6b14be5d-883f-4af0-88c4-0cbefcd3f414 col areoi-element\">\r\n\t\t\t\r\n\t\t\t\n\n<h3 class=\"wp-block-heading\">Garant\u00eda de True Access Capital<\/h3>\n\n \r\n\t\t\t\r\n\t\t<\/div>\r\n\t\n \r\n\t\t<\/div>\r\n\t\n\n\r\n\t\t<div  class=\"block-f33d2187-2184-4701-8375-5de768d5360b row areoi-element section-downloads-inner\">\r\n\t\t\t\r\n\r\n\t\t\t\n\r\n\t\t<div  class=\"block-5358a43a-fe0d-4c5c-a911-d33ff6b61691 col areoi-element left col-12 col-md-4\">\r\n\t\t\t\r\n\t\t\t\n\n<figure class=\"wp-block-image size-full thumb-box\"><a href=\"\/wp-content\/uploads\/2025\/06\/TAC-Loans-Handout-FINAL-QR.pdf\" target=\"_blank\" rel=\" noreferrer noopener\"><img loading=\"lazy\" decoding=\"async\" width=\"307\" height=\"460\" src=\"https:\/\/trueaccesscapital.com\/wp-content\/uploads\/2025\/06\/TACLoansHandout2.webp\" alt=\"\" class=\"wp-image-2022\" srcset=\"http:\/\/trueaccesscapital.com\/wp-content\/uploads\/2025\/06\/TACLoansHandout2.webp 307w, http:\/\/trueaccesscapital.com\/wp-content\/uploads\/2025\/06\/TACLoansHandout2-200x300.webp 200w, http:\/\/trueaccesscapital.com\/wp-content\/uploads\/2025\/06\/TACLoansHandout2-8x12.webp 8w\" sizes=\"auto, (max-width: 307px) 100vw, 307px\" \/><\/a><\/figure>\n\n\n\n<p><strong>Pr\u00e9stamos TAC<\/strong><\/p>\n\n \r\n\t\t\t\r\n\t\t<\/div>\r\n\t\n\n\r\n\t\t<div  class=\"block-adb0d7ad-e133-46b0-b702-f0e7c8ebe22d col areoi-element left col-12 col-md-4\">\r\n\t\t\t\r\n\t\t\t\n\n<p><\/p>\n\n \r\n\t\t\t\r\n\t\t<\/div>\r\n\t\n\n\r\n\t\t<div  class=\"block-5358a43a-fe0d-4c5c-a911-d33ff6b61691 col areoi-element left col-12 col-md-4\">\r\n\t\t\t\r\n\t\t\t\n\n<p><\/p>\n\n \r\n\t\t\t\r\n\t\t<\/div>\r\n\t\n \r\n\t\t<\/div>\r\n\t\n\n\r\n\t\t<div  class=\"block-5c623382-5ab1-4e11-b76d-8228c968163d row areoi-element\">\r\n\t\t\t\r\n\r\n\t\t\t\n\r\n\t\t<div  class=\"block-6b14be5d-883f-4af0-88c4-0cbefcd3f414 col areoi-element\">\r\n\t\t\t\r\n\t\t\t\n\n<h3 class=\"wp-block-heading\">Material colateral del WBC<\/h3>\n\n \r\n\t\t\t\r\n\t\t<\/div>\r\n\t\n \r\n\t\t<\/div>\r\n\t\n\n\r\n\t\t<div  class=\"block-f33d2187-2184-4701-8375-5de768d5360b row areoi-element section-downloads-inner\">\r\n\t\t\t\r\n\r\n\t\t\t\n\r\n\t\t<div  class=\"block-5358a43a-fe0d-4c5c-a911-d33ff6b61691 col areoi-element left col-12 col-md-4\">\r\n\t\t\t\r\n\t\t\t\n\n<figure class=\"wp-block-image size-full is-resized thumb-box\"><a href=\"\/wp-content\/uploads\/2025\/06\/WBC_Business-Brief-Spr-2024-Newsletter-FNL_3-6-24.pdf\" target=\"_blank\" rel=\"noreferrer noopener\"><img loading=\"lazy\" decoding=\"async\" width=\"612\" height=\"774\" src=\"https:\/\/trueaccesscapital.com\/wp-content\/uploads\/2025\/06\/brief_030624.jpg\" alt=\"\" class=\"wp-image-2033\" style=\"width:335px\" srcset=\"http:\/\/trueaccesscapital.com\/wp-content\/uploads\/2025\/06\/brief_030624.jpg 612w, http:\/\/trueaccesscapital.com\/wp-content\/uploads\/2025\/06\/brief_030624-237x300.jpg 237w, http:\/\/trueaccesscapital.com\/wp-content\/uploads\/2025\/06\/brief_030624-9x12.jpg 9w\" sizes=\"auto, (max-width: 612px) 100vw, 612px\" \/><\/a><\/figure>\n\n\n\n<p><strong>Bolet\u00edn informativo WBC Business Brief de primavera de 2024<\/strong><\/p>\n\n \r\n\t\t\t\r\n\t\t<\/div>\r\n\t\n\n\r\n\t\t<div  class=\"block-fec700d2-eaec-44f0-a7fd-caf79d564d44 col areoi-element left col-12 col-md-4\">\r\n\t\t\t\r\n\t\t\t\n\n<figure class=\"wp-block-image size-full is-resized thumb-box\"><a href=\"\/wp-content\/uploads\/2025\/06\/WBC_Business-Brief-Q3-2024-Newsletter-ForPrint_6-21-24.pdf\" target=\"_blank\" rel=\"noreferrer noopener\"><img loading=\"lazy\" decoding=\"async\" width=\"654\" height=\"834\" src=\"https:\/\/trueaccesscapital.com\/wp-content\/uploads\/2025\/06\/brief_062124.jpg\" alt=\"\" class=\"wp-image-2032\" style=\"width:335px\" srcset=\"http:\/\/trueaccesscapital.com\/wp-content\/uploads\/2025\/06\/brief_062124.jpg 654w, http:\/\/trueaccesscapital.com\/wp-content\/uploads\/2025\/06\/brief_062124-235x300.jpg 235w, http:\/\/trueaccesscapital.com\/wp-content\/uploads\/2025\/06\/brief_062124-9x12.jpg 9w\" sizes=\"auto, (max-width: 654px) 100vw, 654px\" \/><\/a><\/figure>\n\n\n\n<p><strong>Bolet\u00edn informativo WBC Business Brief de verano de 2024<\/strong><\/p>\n\n \r\n\t\t\t\r\n\t\t<\/div>\r\n\t\n\n\r\n\t\t<div  class=\"block-4e6583a0-f44a-4831-8b8e-eb3008d0a744 col areoi-element left col-md-4\">\r\n\t\t\t\r\n\t\t\t\n\n<figure class=\"wp-block-image size-full is-resized thumb-box\"><a href=\"\/wp-content\/uploads\/2025\/06\/WBC_Business-Brief-Q4-2024-Newsletter-singles-FNL-ForPrint_9-24-24.pdf\" target=\"_blank\" rel=\"noreferrer noopener\"><img loading=\"lazy\" decoding=\"async\" width=\"654\" height=\"834\" src=\"https:\/\/trueaccesscapital.com\/wp-content\/uploads\/2025\/06\/brief_092424.jpg\" alt=\"\" class=\"wp-image-2031\" style=\"width:335px;height:auto\" srcset=\"http:\/\/trueaccesscapital.com\/wp-content\/uploads\/2025\/06\/brief_092424.jpg 654w, http:\/\/trueaccesscapital.com\/wp-content\/uploads\/2025\/06\/brief_092424-235x300.jpg 235w, http:\/\/trueaccesscapital.com\/wp-content\/uploads\/2025\/06\/brief_092424-9x12.jpg 9w\" sizes=\"auto, (max-width: 654px) 100vw, 654px\" \/><\/a><\/figure>\n\n\n\n<p><strong>Fall 2024 WBC Business Brief Newsletter<\/strong><\/p>\n\n \r\n\t\t\t\r\n\t\t<\/div>\r\n\t\n \r\n\t\t<\/div>\r\n\t\n \r\n\t\t<\/div>\r\n\t\n \r\n\t\t<\/div>\r\n\t\n\n\r\n\t\t<div  class=\"block-510bb58e-0489-43a5-9310-dd2af9188f4f areoi-strip areoi-element strip alignfull section-block no-top-pad section-btm-cta\">\r\n\t\t\t\r\n\t\t\t\n\r\n\t\t<div  class=\"block-e796e573-82d4-48c6-9aab-86deb6015437 areoi-element container\">\r\n\t\t\t\r\n\t\t\t\n\r\n\t\t<div  class=\"block-afd292a4-841b-4928-aee8-8e93370ce06c row areoi-element section-btm-cta-inner\">\r\n\t\t\t\r\n\r\n\t\t\t\n\r\n\t\t<div  class=\"block-7dca1382-7045-4e28-a4a2-25dd1c59a58c col areoi-element col-md-7\">\r\n\t\t\t\r\n\t\t\t\n\n<p><em>Preguntas? Env\u00edenos un mensaje.<br>Estaremos en contacto!<\/em><\/p>\n\n \r\n\t\t\t\r\n\t\t<\/div>\r\n\t\n\n\r\n\t\t<div  class=\"block-eeebe113-3959-4648-9cc5-0de55c81c077 col areoi-element btn-box col-md-5\">\r\n\t\t\t\r\n\t\t\t\n\r\n\t\t\t\t\r\n\t\t<a \r\n\t\t\t\r\n\t\t\tclass=\"block-30534079-275b-4dcb-8c6d-121076054369 btn areoi-has-url position-relative btn-form gradient-teal btn-primary\"\r\n\t href=\"\/es\/contact\/\" >\r\n\t\t\t\t\t\r\n\t\t\t\t\tP\u00f3ngase En Contacto Con Nosotros \r\n\t\t\t\t\t\r\n\t\t\t\t\t \r\n\t\t\t\t<\/a>\r\n\t\t\t\n \r\n\t\t\t\r\n\t\t<\/div>\r\n\t\n \r\n\t\t<\/div>\r\n\t\n \r\n\t\t<\/div>\r\n\t\n \r\n\t\t<\/div>","protected":false},"excerpt":{"rendered":"<p> [&#8230;]<\/p>\n<p><a class=\"btn btn-secondary understrap-read-more-link\" href=\"http:\/\/trueaccesscapital.com\/es\/resources\/\">Read More&#8230;<span class=\"screen-reader-text\"> from Resources<\/span><\/a><\/p>\n","protected":false},"author":1,"featured_media":0,"parent":0,"menu_order":0,"comment_status":"closed","ping_status":"closed","template":"page-templates\/tacBasic.php","meta":{"_acf_changed":false,"footnotes":""},"class_list":["post-1345","page","type-page","status-publish","hentry"],"acf":[],"_links":{"self":[{"href":"http:\/\/trueaccesscapital.com\/es\/wp-json\/wp\/v2\/pages\/1345","targetHints":{"allow":["GET"]}}],"collection":[{"href":"http:\/\/trueaccesscapital.com\/es\/wp-json\/wp\/v2\/pages"}],"about":[{"href":"http:\/\/trueaccesscapital.com\/es\/wp-json\/wp\/v2\/types\/page"}],"author":[{"embeddable":true,"href":"http:\/\/trueaccesscapital.com\/es\/wp-json\/wp\/v2\/users\/1"}],"replies":[{"embeddable":true,"href":"http:\/\/trueaccesscapital.com\/es\/wp-json\/wp\/v2\/comments?post=1345"}],"version-history":[{"count":5,"href":"http:\/\/trueaccesscapital.com\/es\/wp-json\/wp\/v2\/pages\/1345\/revisions"}],"predecessor-version":[{"id":2298,"href":"http:\/\/trueaccesscapital.com\/es\/wp-json\/wp\/v2\/pages\/1345\/revisions\/2298"}],"wp:attachment":[{"href":"http:\/\/trueaccesscapital.com\/es\/wp-json\/wp\/v2\/media?parent=1345"}],"curies":[{"name":"wp","href":"https:\/\/api.w.org\/{rel}","templated":true}]}}