{"id":1383,"date":"2025-03-04T20:41:55","date_gmt":"2025-03-04T20:41:55","guid":{"rendered":"https:\/\/trueaccesscapital.com\/?page_id=1383"},"modified":"2025-10-01T13:29:37","modified_gmt":"2025-10-01T13:29:37","slug":"about","status":"publish","type":"page","link":"http:\/\/trueaccesscapital.com\/es\/about\/","title":{"rendered":"Acerca de"},"content":{"rendered":"<div  class=\"block-33bdf5ce-278e-4a3b-a02a-5f6401a234b5 areoi-strip areoi-element strip alignfull section-block section-intro\">\r\n\t\t\t\r\n\t\t\t\n\r\n\t\t<div  class=\"block-9959ea82-0f7d-4b40-8d75-7e5740dc0c04 areoi-element container\">\r\n\t\t\t\r\n\t\t\t\n\r\n\t\t<div  class=\"block-50afe67f-21d7-4e4b-b6fa-f2f136cc173a row areoi-element row-vision\">\r\n\t\t\t\r\n\r\n\t\t\t\n\r\n\t\t<div  class=\"block-0e271507-87ca-4baa-b0cd-d29fc1db2e06 col areoi-element vision-text\">\r\n\t\t\t\r\n\t\t\t\n\n<h2 class=\"wp-block-heading\">Nuestra Visi\u00f3n<\/h2>\n\n\n\n<p>El Verdadero Acceso visi\u00f3n es la de una vibrante comunidad inclusiva, donde todos los emprendedores y las peque\u00f1as empresas pueden realizar sus sue\u00f1os.<\/p>\n\n \r\n\t\t\t\r\n\t\t<\/div>\r\n\t\n \r\n\t\t<\/div>\r\n\t\n\n\r\n\t\t<div  class=\"block-afe86abc-2a79-4883-ae83-9b88b571f1cd row areoi-element row-values\">\r\n\t\t\t\r\n\r\n\t\t\t\n\r\n\t\t<div  class=\"block-90f4432a-ceac-437a-8a46-4cd508fffdab col areoi-element\">\r\n\t\t\t\r\n\t\t\t\n\n<h2 class=\"wp-block-heading\">Nuestros Valores<\/h2>\n\n\n\n<p class=\"values-text\">El verdadero Acceso de Capital es apasionado en sus esfuerzos para proporcionar soluciones creativas e innovadoras para satisfacer empleador, cliente, y las necesidades de nuestros asociados. <\/p>\n\n \r\n\t\t\t\r\n\t\t<\/div>\r\n\t\n \r\n\t\t<\/div>\r\n\t\n\n\r\n\t\t<div  class=\"block-a361bcc0-2bdb-45c9-b5fb-13aa50e012f9 row areoi-element\">\r\n\t\t\t\r\n\r\n\t\t\t\n\r\n\t\t<div  class=\"block-5f1f993b-81b5-4da3-baa3-6e2ddef98251 col areoi-element\">\r\n\t\t\t\r\n\t\t\t\n\n<h2 class=\"wp-block-heading\">Nuestra Historia<\/h2>\n\n\n\n<p>En 1992, cuando la sede Episcopal de la Convenci\u00f3n General reconoci\u00f3 la necesidad de elevar a las comunidades marginadas en Wilmington, Delaware, en que actuaba. Los l\u00edderes de la convenci\u00f3n reuni\u00f3 a una mezcla din\u00e1mica de la comunidad de campeones para establecer el Primer Estado de la Comunidad Fondo de Pr\u00e9stamos. El fondo no era s\u00f3lo cuesti\u00f3n de dinero; era (y es) sobre el fomento del crecimiento y la prestaci\u00f3n de apoyo a las organizaciones locales y los empresarios en \u00e1reas de bajos ingresos.<\/p>\n\n\n\n<p>Como pasaba el tiempo, el impacto del fondo llegado m\u00e1s all\u00e1 de Wilmington, que se extiende su influencia a trav\u00e9s de Delaware y el sureste de Pennsylvania. Como la organizaci\u00f3n prosperado y ha ampliado su oferta para incluir capacitaci\u00f3n, servicios t\u00e9cnicos, iniciativas de desarrollo comunitario, y m\u00e1s, el fondo adopt\u00f3 una nueva identidad: el Verdadero Acceso de Capital.<\/p>\n\n\n\n<p>Desde el inicio, el Verdadero Acceso de Capital ha estado en una misi\u00f3n para empoderar a las peque\u00f1as empresas y las organizaciones de la comunidad, con un fuerte enfoque en la satisfacci\u00f3n de las necesidades de las comunidades marginadas.<\/p>\n\n \r\n\t\t\t\r\n\t\t<\/div>\r\n\t\n \r\n\t\t<\/div>\r\n\t\n \r\n\t\t<\/div>\r\n\t\n \r\n\t\t<\/div>\r\n\t\n\n\r\n\t\t<div  class=\"block-b3b24e35-0487-48f5-9b97-b14dd0a5568d areoi-strip areoi-element strip alignfull section-block section-charts gradient-teal\">\r\n\t\t\t\r\n\t\t\t\n\r\n\t\t<div  class=\"block-60051391-9b8d-4d60-9e5f-75ecf993bbe0 areoi-element container\">\r\n\t\t\t\r\n\t\t\t\n\r\n\t\t<div  class=\"block-781f924a-f6d7-473c-bb61-fc6bab09a551 row areoi-element\">\r\n\t\t\t\r\n\r\n\t\t\t\n\r\n\t\t<div  class=\"block-44c96dd0-3814-42d5-b12b-821c5276f86c col areoi-element charts-title-box col-12 col-md-6\">\r\n\t\t\t\r\n\t\t\t\n\n<h2>El Verdadero Acceso De Capital<br\/><span>Los Compromisos De Pr\u00e9stamo<\/span><\/h2>\n\n \r\n\t\t\t\r\n\t\t<\/div>\r\n\t\n\n\r\n\t\t<div  class=\"block-16fb98a8-538e-4d8e-a526-86711da70420 col areoi-element col-12 col-md-6\">\r\n\t\t\t\r\n\t\t\t\n\n<figure class=\"wp-block-image size-full\"><img loading=\"lazy\" decoding=\"async\" width=\"572\" height=\"330\" src=\"http:\/\/trueaccesscapital.com\/wp-content\/uploads\/2025\/03\/Group-78.png\" alt=\"\" class=\"wp-image-1762\" srcset=\"http:\/\/trueaccesscapital.com\/wp-content\/uploads\/2025\/03\/Group-78.png 572w, http:\/\/trueaccesscapital.com\/wp-content\/uploads\/2025\/03\/Group-78-300x173.png 300w\" sizes=\"auto, (max-width: 572px) 100vw, 572px\" \/><\/figure>\n\n \r\n\t\t\t\r\n\t\t<\/div>\r\n\t\n \r\n\t\t<\/div>\r\n\t\n\n\r\n\t\t<div  class=\"block-de63196d-e744-43f2-b933-5088d8f9bd33 row areoi-element\">\r\n\t\t\t\r\n\r\n\t\t\t\n\r\n\t\t<div  class=\"block-a94bbf40-39e2-4215-bccd-88b924eee4dd col areoi-element col-12 col-md-6\">\r\n\t\t\t\r\n\t\t\t\n\n<figure class=\"wp-block-image size-full\"><img loading=\"lazy\" decoding=\"async\" width=\"572\" height=\"330\" src=\"http:\/\/trueaccesscapital.com\/wp-content\/uploads\/2025\/03\/Group-96.png\" alt=\"\" class=\"wp-image-1763\" srcset=\"http:\/\/trueaccesscapital.com\/wp-content\/uploads\/2025\/03\/Group-96.png 572w, http:\/\/trueaccesscapital.com\/wp-content\/uploads\/2025\/03\/Group-96-300x173.png 300w\" sizes=\"auto, (max-width: 572px) 100vw, 572px\" \/><\/figure>\n\n \r\n\t\t\t\r\n\t\t<\/div>\r\n\t\n\n\r\n\t\t<div  class=\"block-31e6a925-5f17-4e6f-a6b3-e8c981e2c1e9 col areoi-element col-12 col-md-6\">\r\n\t\t\t\r\n\t\t\t\n\n<figure class=\"wp-block-image size-full\"><img loading=\"lazy\" decoding=\"async\" width=\"572\" height=\"330\" src=\"http:\/\/trueaccesscapital.com\/wp-content\/uploads\/2025\/03\/Group-104.png\" alt=\"\" class=\"wp-image-1764\" srcset=\"http:\/\/trueaccesscapital.com\/wp-content\/uploads\/2025\/03\/Group-104.png 572w, http:\/\/trueaccesscapital.com\/wp-content\/uploads\/2025\/03\/Group-104-300x173.png 300w\" sizes=\"auto, (max-width: 572px) 100vw, 572px\" \/><\/figure>\n\n \r\n\t\t\t\r\n\t\t<\/div>\r\n\t\n \r\n\t\t<\/div>\r\n\t\n \r\n\t\t<\/div>\r\n\t\n \r\n\t\t<\/div>\r\n\t\n\n\r\n\t\t<div  class=\"block-510bb58e-0489-43a5-9310-dd2af9188f4f areoi-strip areoi-element strip alignfull section-block section-btm-cta\">\r\n\t\t\t\r\n\t\t\t\n\r\n\t\t<div  class=\"block-e796e573-82d4-48c6-9aab-86deb6015437 areoi-element container\">\r\n\t\t\t\r\n\t\t\t\n\r\n\t\t<div  class=\"block-afd292a4-841b-4928-aee8-8e93370ce06c row areoi-element section-btm-cta-inner\">\r\n\t\t\t\r\n\r\n\t\t\t\n\r\n\t\t<div  class=\"block-7dca1382-7045-4e28-a4a2-25dd1c59a58c col areoi-element col-md-7\">\r\n\t\t\t\r\n\t\t\t\n\n<p><em>Preguntas? Env\u00edenos un mensaje.<br>Estaremos en contacto!<\/em><\/p>\n\n \r\n\t\t\t\r\n\t\t<\/div>\r\n\t\n\n\r\n\t\t<div  class=\"block-eeebe113-3959-4648-9cc5-0de55c81c077 col areoi-element btn-box col-md-5\">\r\n\t\t\t\r\n\t\t\t\n\r\n\t\t\t\t\r\n\t\t<a \r\n\t\t\t\r\n\t\t\tclass=\"block-30534079-275b-4dcb-8c6d-121076054369 btn areoi-has-url position-relative btn-form gradient-teal btn-primary\"\r\n\t href=\"\/es\/contact\/\" >\r\n\t\t\t\t\t\r\n\t\t\t\t\tP\u00f3ngase En Contacto Con Nosotros \r\n\t\t\t\t\t\r\n\t\t\t\t\t \r\n\t\t\t\t<\/a>\r\n\t\t\t\n \r\n\t\t\t\r\n\t\t<\/div>\r\n\t\n \r\n\t\t<\/div>\r\n\t\n \r\n\t\t<\/div>\r\n\t\n \r\n\t\t<\/div>\r\n\t\n\n\r\n\t\t<div  class=\"block-8d6bb0a5-b948-41bb-bce9-32ba0ef76b1a areoi-strip areoi-element strip alignfull section-block section-team no-pad-top\">\r\n\t\t\t\r\n\t\t\t\n\r\n\t\t<div  class=\"block-9d4531d4-1572-44b5-b880-4cd944b81a61 areoi-element container section-team-inner\">\r\n\t\t\t\r\n\t\t\t\n\r\n\t\t<div  class=\"block-c54bc2e8-1ff1-4c78-beef-3884efdd7c99 row areoi-element\">\r\n\t\t\t\r\n\r\n\t\t\t\n\r\n\t\t<div  class=\"block-bd737144-6eb8-4cd6-a3aa-cc2d50a78f17 col areoi-element\">\r\n\t\t\t\r\n\t\t\t\n\n<h2 class=\"wp-block-heading\">Nuestro Equipo<\/h2>\n\n \r\n\t\t\t\r\n\t\t<\/div>\r\n\t\n \r\n\t\t<\/div>\r\n\t\n\n\r\n\t\t<div  class=\"block-9ef8024b-8754-47f3-8706-077d960657f8 row areoi-element\">\r\n\t\t\t\r\n\r\n\t\t\t\n\r\n\t\t<div  class=\"block-79429cbe-c2a8-4b58-a166-a708151f9876 col areoi-element team-box col-md-12\">\r\n\t\t\t\r\n\t\t\t\n<div class='row'><div class='col-md-4 team-box'><a href='\/es\/vandell-hampton-jr\/#team'><img src='http:\/\/trueaccesscapital.com\/wp-content\/uploads\/2025\/03\/hdst_hampton.webp' class='card-img-top' title='Vandell Hampton, Jr.' alt='Vandell Hampton, Jr.'><\/a><p class='name'><a href='\/es\/vandell-hampton-jr\/#team'>Vandell Hampton, Jr.<\/a><\/p><p class='title'>El presidente y consejero delegado<\/p><\/div><div class='col-md-4 team-box'><a href='\/es\/luz-a-sellers\/#team'><img src='http:\/\/trueaccesscapital.com\/wp-content\/uploads\/2025\/03\/hdst_sellers.webp' class='card-img-top' title='Luz A. Vendedores' alt='Luz A. Sellers'><\/a><p class='name'><a href='\/es\/luz-a-sellers\/#team'>Luz A. Vendedores<\/a><\/p><p class='title'>Vicepresidente Senior, Director de Servicios de Asesor\u00eda de Negocios<\/p><\/div><div class='col-md-4 team-box'><a href='\/es\/chris-fullman\/#team'><img src='http:\/\/trueaccesscapital.com\/wp-content\/uploads\/2025\/03\/chris2.webp' class='card-img-top' title='Chris Fullman' alt='Chris Fullman'><\/a><p class='name'><a href='\/es\/chris-fullman\/#team'>Chris Fullman<\/a><\/p><p class='title'>Nuevos Mercados De Oportunidad Director Del Programa<\/p><\/div><div class='col-md-4 team-box'><a href='\/es\/lorenzo-merino\/#team'><img src='http:\/\/trueaccesscapital.com\/wp-content\/uploads\/2025\/03\/hdst_merino.webp' class='card-img-top' title='Lorenzo Merino' alt='Lorenzo Merino'><\/a><p class='name'><a href='\/es\/lorenzo-merino\/#team'>Lorenzo Merino<\/a><\/p><p class='title'>Vicepresidente Senior, Director de los Pr\u00e9stamos<\/p><\/div><div class='col-md-4 team-box'><a href='\/es\/sheila-harrigan\/#team'><img src='http:\/\/trueaccesscapital.com\/wp-content\/uploads\/2025\/03\/hdst_harrigan.webp' class='card-img-top' title='Sheila Harrigan' alt='Sheila Harrigan'><\/a><p class='name'><a href='\/es\/sheila-harrigan\/#team'>Sheila Harrigan<\/a><\/p><p class='title'>Gestor De Activos<\/p><\/div><div class='col-md-4 team-box'><a href='\/es\/david-ortiz\/#team'><img src='http:\/\/trueaccesscapital.com\/wp-content\/uploads\/2025\/03\/hdst_ortiz.webp' class='card-img-top' title='David Ortiz' alt='David Ortiz'><\/a><p class='name'><a href='\/es\/david-ortiz\/#team'>David Ortiz<\/a><\/p><p class='title'>Oficial De Desarrollo De Negocios <\/p><\/div><div class='col-md-4 team-box'><a href='\/es\/john-l-banks\/#team'><img src='http:\/\/trueaccesscapital.com\/wp-content\/uploads\/2025\/03\/hdst_banks.webp' class='card-img-top' title='John L. Bancos' alt='John L. Banks'><\/a><p class='name'><a href='\/es\/john-l-banks\/#team'>John L. Bancos<\/a><\/p><p class='title'>Consultor<\/p><\/div><div class='col-md-4 team-box'><a href='\/es\/ivori-s-price\/#team'><img src='http:\/\/trueaccesscapital.com\/wp-content\/uploads\/2025\/03\/hdst_price.webp' class='card-img-top' title='Ivori S. Precio' alt='Ivori S. Price'><\/a><p class='name'><a href='\/es\/ivori-s-price\/#team'>Ivori S. Precio<\/a><\/p><p class='title'>Asistente Ejecutiva De La Oficina Del Administrador De<\/p><\/div><div class='col-md-4 team-box'><a href='\/es\/chris-chaplin\/#team'><img src='http:\/\/trueaccesscapital.com\/wp-content\/uploads\/2025\/04\/chaplin.webp' class='card-img-top' title='Chris Chaplin' alt='Chris Chaplin'><\/a><p class='name'><a href='\/es\/chris-chaplin\/#team'>Chris Chaplin<\/a><\/p><p class='title'>Senior De La Comunidad Oficial De Pr\u00e9stamo<\/p><\/div><div class='col-md-4 team-box'><a href='\/es\/bernis-duran\/#team'><img src='http:\/\/trueaccesscapital.com\/wp-content\/uploads\/2025\/03\/hdst_duran.png' class='card-img-top' title='Bernis Dur\u00e1n' alt='Bernis Duran'><\/a><p class='name'><a href='\/es\/bernis-duran\/#team'>Bernis Dur\u00e1n<\/a><\/p><p class='title'>Comunidad Oficial De Pr\u00e9stamos<\/p><\/div><div class='col-md-4 team-box'><a href='\/es\/shawnna-lynch\/#team'><img src='http:\/\/trueaccesscapital.com\/wp-content\/uploads\/2025\/03\/hdst_lynch.webp' class='card-img-top' title='Shawnna Lynch' alt='Shawnna Lynch'><\/a><p class='name'><a href='\/es\/shawnna-lynch\/#team'>Shawnna Lynch<\/a><\/p><p class='title'>Contabilidad Y Finanzas Gerente De<\/p><\/div><div class='col-md-4 team-box'><a href='\/es\/cyonna-henry\/#team'><img src='http:\/\/trueaccesscapital.com\/wp-content\/uploads\/2025\/03\/hdst_henry_2.webp' class='card-img-top' title='C&#039;Yonna Henry' alt='C\u2019Yonna Henry'><\/a><p class='name'><a href='\/es\/cyonna-henry\/#team'>C&#039;Yonna Henry<\/a><\/p><p class='title'>Program Director of the Women\u2019s Business Center<\/p><\/div><div class='col-md-4 team-box'><a href='\/es\/nicole-bracey\/#team'><img src='http:\/\/trueaccesscapital.com\/wp-content\/uploads\/2025\/03\/hdst_bracey.webp' class='card-img-top' title='Nicole Bracey' alt='Nicole Bracey'><\/a><p class='name'><a href='\/es\/nicole-bracey\/#team'>Nicole Bracey<\/a><\/p><p class='title'>Administrador De Cartera<\/p><\/div><div class='col-md-4 team-box'><a href='\/es\/chris-chaplin-2\/#team'><img src='http:\/\/trueaccesscapital.com\/wp-content\/uploads\/2025\/04\/adam.webp' class='card-img-top' title='Ad\u00e1n Hebert' alt='Adam Hebert'><\/a><p class='name'><a href='\/es\/chris-chaplin-2\/#team'>Ad\u00e1n Hebert<\/a><\/p><p class='title'>Asistencia T\u00e9cnica Coordinador De<\/p><\/div><div class='col-md-4 team-box'><a href='\/es\/chandler-nicas\/#team'><img src='http:\/\/trueaccesscapital.com\/wp-content\/uploads\/2025\/03\/hdst_nicas.webp' class='card-img-top' title='Chandler Nicas' alt='Chandler Nicas'><\/a><p class='name'><a href='\/es\/chandler-nicas\/#team'>Chandler Nicas<\/a><\/p><p class='title'>Contabilidad Y Cartera De Administrador<\/p><\/div><div class='col-md-4 team-box'><a href='\/es\/sheree-curtis-scott\/#team'><img src='http:\/\/trueaccesscapital.com\/wp-content\/uploads\/2025\/03\/hdst_curtis.webp' class='card-img-top' title='Sheree Curtis-Scott' alt='Sheree Curtis-Scott'><\/a><p class='name'><a href='\/es\/sheree-curtis-scott\/#team'>Sheree Curtis-Scott<\/a><\/p><p class='title'>La Documentaci\u00f3n De Los Pr\u00e9stamos Especialista<\/p><\/div><div class='col-md-4 team-box'><a href='\/es\/sandra-simmons\/#team'><img src='http:\/\/trueaccesscapital.com\/wp-content\/uploads\/2025\/06\/simmons_opt2.jpg' class='card-img-top' title='Sandra Simmons' alt='Sandra Simmons'><\/a><p class='name'><a href='\/es\/sandra-simmons\/#team'>Sandra Simmons<\/a><\/p><p class='title'>Accounting Associate<\/p><\/div><\/div>\n\n \r\n\t\t\t\r\n\t\t<\/div>\r\n\t\n \r\n\t\t<\/div>\r\n\t\n \r\n\t\t<\/div>\r\n\t\n \r\n\t\t<\/div>\r\n\t\n\n\r\n\t\t<div  class=\"block-b208bc08-97c3-47c3-97e0-4a18a0f7a1be areoi-strip areoi-element strip alignfull section-block section-bod\">\r\n\t\t\t\r\n\t\t\t\n\r\n\t\t<div  class=\"block-7be91288-2245-4a67-a515-750f5a9bb39c areoi-element container\">\r\n\t\t\t\r\n\t\t\t\n\r\n\t\t<div  class=\"block-0807a317-5ad4-475c-b993-2659f398f9a2 row areoi-element\">\r\n\t\t\t\r\n\r\n\t\t\t\n\r\n\t\t<div  class=\"block-8f5a3225-6422-4155-8d00-6f960b70a65c col areoi-element\">\r\n\t\t\t\r\n\t\t\t\n\n<h2 class=\"wp-block-heading\">Nuestro Consejo<\/h2>\n\n \r\n\t\t\t\r\n\t\t<\/div>\r\n\t\n \r\n\t\t<\/div>\r\n\t\n\n\r\n\t\t<div  class=\"block-06d6575b-0e3f-4604-b3c6-704286e60c01 row areoi-element\">\r\n\t\t\t\r\n\r\n\t\t\t\n\r\n\t\t<div  class=\"block-0fa05eef-90c7-4e9d-bddc-a88a4d8f46cd col areoi-element col-12 col-md-4\">\r\n\t\t\t\r\n\t\t\t\n\n<p><strong>Justin D. Poser<\/strong><br><em>Presidente<br>El Vicepresidente Ejecutivo De<\/em><br><em>M&amp;T Bank<\/em><\/p>\n\n\n\n<p><strong>Barry L. Lott<\/strong><br><em>Secretario<\/em><br><em>Director<\/em><br><em>Consejo nacional sobre el Envejecimiento (NCOA)<\/em><\/p>\n\n\n\n<p><strong>Rafael X. Zahralddin, Esq.<\/strong><br><em>Socio<\/em><br><em>Lewis Brisbois<\/em><\/p>\n\n\n\n<p><strong>Gregory M. Makosky<\/strong><br><em>El Vicepresidente<\/em><br><em>Artesanos Banco<\/em><\/p>\n\n\n\n<p><strong>Joseph W. Wilson<\/strong><br><em>El Vicepresidente<\/em><br><em>PNC Bank<\/em><\/p>\n\n \r\n\t\t\t\r\n\t\t<\/div>\r\n\t\n\n\r\n\t\t<div  class=\"block-dfd9ce27-84dd-43c4-847e-2afed01648da col areoi-element col-12 col-md-4\">\r\n\t\t\t\r\n\t\t\t\n\n<p><strong>Rachael Mears<\/strong><br><em>Tesorero<br>Asistente Del Vice Presidente<\/em><br><em>Banco de Sincron\u00eda<\/em><\/p>\n\n\n\n<p><strong>Emanuel V. DeShields<\/strong><br><em>Principal<\/em><br><em>Corporaci\u00f3n de Desarrollo Comunitario Be Ready<\/em><\/p>\n\n\n\n<p><strong>Lissa Brutus<\/strong><br><em>Asistente Del Vice Presidente<\/em><br><em>WSFS Banco<\/em><\/p>\n\n\n\n<p><strong>Helen R. Foster, JD<\/strong><br><em>Peque\u00f1a Empresa Coordinador De<\/em><br><em>El Condado De New Castle Gobierno<\/em><\/p>\n\n\n\n<p><strong><br>Derrick R. Robinson<strong><br><\/strong><\/strong><em>Director ejecutivo<strong><br><\/strong>JP Morgan Chase &amp; Co<strong><br><\/strong><\/em><\/p>\n\n \r\n\t\t\t\r\n\t\t<\/div>\r\n\t\n\n\r\n\t\t<div  class=\"block-0fa05eef-90c7-4e9d-bddc-a88a4d8f46cd col areoi-element col-12 col-md-4\">\r\n\t\t\t\r\n\t\t\t\n\n<p><strong>Thomas E. Hanson, Jr., Esq.<\/strong><br><em>El Vicepresidente<br>Socio<br>Barnes &amp; Thornburg<\/em><\/p>\n\n\n\n<p><strong>Robert Gunter, Sr.<\/strong><br><em>Asociado<br>JPMorgan Chase<\/em><\/p>\n\n\n\n<p><strong>Ron Kimbrough<\/strong><br><em>Miembro Del Comit\u00e9 Ejecutivo De<\/em><br><em>Vice Presidente Senior<br>Citi<\/em> <em>Soluciones de tesorer\u00eda y comercio<\/em><\/p>\n\n\n\n<p><strong>Jerry A. Alfano, Jr.<\/strong><br><em>Vice Presidente Senior<br>Citizens Bank<\/em><\/p>\n\n \r\n\t\t\t\r\n\t\t<\/div>\r\n\t\n \r\n\t\t<\/div>\r\n\t\n \r\n\t\t<\/div>\r\n\t\n \r\n\t\t<\/div>\r\n\t\n\n\r\n\t\t<div  class=\"block-11bf16be-9289-43f6-95ca-6ac59c7cbfcc areoi-strip areoi-element strip alignfull section-block section-investors\">\r\n\t\t\t\r\n\t\t\t\n\r\n\t\t<div  class=\"block-b006371d-6234-4336-8fbd-f050b63f7b7f areoi-element container\">\r\n\t\t\t\r\n\t\t\t\n\r\n\t\t<div  class=\"block-840a82a3-fde3-44a6-93d1-db33ec093ca1 row areoi-element\">\r\n\t\t\t\r\n\r\n\t\t\t\n\r\n\t\t<div  class=\"block-40a3d68f-3c9e-47c2-8ffc-69497986ebcf col areoi-element\">\r\n\t\t\t\r\n\t\t\t\n\n<h2 class=\"wp-block-heading\">Los Inversores Y Colaboradores<\/h2>\n\n\n\n<p>Listo para hacer una diferencia? Cuando usted dona a la Verdadera Acceso al Capital, no s\u00f3lo de dar, eres <em>la inversi\u00f3n<\/em> en el crecimiento de las peque\u00f1as empresas, la creaci\u00f3n de empleo, la vivienda asequible, y programas de desarrollo comunitario en las comunidades marginadas en el estado de Delaware y el sureste de Pennsylvania.<\/p>\n\n\n\n<p>Su contribuci\u00f3n no solo es apreciado; es esencial. Cada donaci\u00f3n para el Verdadero Acceso de Capital va directamente a ayudar a proporcionar a los pr\u00e9stamos, servicios de consultor\u00eda, y el apoyo que las empresas y organizaciones de la comunidad necesitan para prosperar.<\/p>\n\n\n\n<p>Listo para poner a trabajar su dinero de la mejora de nuestra comunidad?<\/p>\n\n\n\n<p>Para hacer una donaci\u00f3n segura en l\u00ednea a nuestro Fondo General, simplemente <a href=\"###\">haga clic aqu\u00ed<\/a>. Prefiero la vieja escuela de los m\u00e9todos? No hay problema! Env\u00ede su cheque a:<\/p>\n\n\n\n<p><strong>El verdadero Acceso de Capital, el 100 West 10th Street, Suite 300, Wilmington, DE 19801<\/strong><\/p>\n\n \r\n\t\t\t\r\n\t\t<\/div>\r\n\t\n \r\n\t\t<\/div>\r\n\t\n \r\n\t\t<\/div>\r\n\t\n \r\n\t\t<\/div>\r\n\t\n\n\r\n\t\t<div  class=\"block-6169c401-19c1-463e-9ba3-df8abb062ee0 areoi-strip areoi-element strip alignfull section-block section-contributors\">\r\n\t\t\t\r\n\t\t\t\n\r\n\t\t<div  class=\"block-8c89e400-0deb-458a-be7b-1e9740bdde9e areoi-element container\">\r\n\t\t\t\r\n\t\t\t\n\r\n\t\t<div  class=\"block-baba0b2c-174f-4201-8b60-a1aa0fe52bbd row areoi-element\">\r\n\t\t\t\r\n\r\n\t\t\t\n\r\n\t\t<div  class=\"block-f9aa3e3a-bb96-414c-bcce-1af475b645d8 col areoi-element\">\r\n\t\t\t\r\n\t\t\t\n\n<h2 class=\"wp-block-heading\">Gracias por creer en el Verdadero Acceso de Capital<\/h2>\n\n\n\n<p>Gracias a cada organizaci\u00f3n que apoya el Verdadero Acceso de Capital. Su apoyo significa todo para las comunidades a las que servimos.<\/p>\n\n \r\n\t\t\t\r\n\t\t<\/div>\r\n\t\n \r\n\t\t<\/div>\r\n\t\n\n\r\n\t\t<div  class=\"block-76429bb3-f76d-48a8-b6f5-39d09fe676f6 row areoi-element\">\r\n\t\t\t\r\n\r\n\t\t\t\n\r\n\t\t<div  class=\"block-7b09fa2d-679d-477b-8201-e540d11a0c87 col areoi-element col-12 col-md-4\">\r\n\t\t\t\r\n\t\t\t\n\n<h3 class=\"wp-block-heading\">Los inversores<\/h3>\n\n\n\n<p>Artesanos Banco<br>Banco de Am\u00e9rica<br>Barclays Bank of Delaware<br>Condado de Kennett<br>Cat\u00f3lica Iniciativas De Salud<br>Cinnaire<br>Citizens Bank<br>Los Clientes Del Banco<br>Deutsche Bank Trust<br>Compa\u00f1\u00eda De Delaware<br>La Primera Prioridad Del Banco<br>Primera Iglesia Unitaria de Wilmington<br>HSBC Bank USA, N. A.<br>Meridian Bank<br>M&amp;T Bank<br>Oportunidad De Financiaci\u00f3n De La Red<br>Las hermanas de San Francisco de Filadelfia<br>TD Bank, N. A.<br>Unitarian Universalist<br>Com\u00fan Fondo De Dotaci\u00f3n<br>USDA \u2013 Desarrollo Rural<br>U. S. Small Business Administration<br>WSFS Banco<\/p>\n\n \r\n\t\t\t\r\n\t\t<\/div>\r\n\t\n\n\r\n\t\t<div  class=\"block-f4f6ff39-b0cb-42b0-9def-592cf70bfbf1 col areoi-element col-12 col-md-4\">\r\n\t\t\t\r\n\t\t\t\n\n<h3 class=\"wp-block-heading\">Los colaboradores<\/h3>\n\n\n\n<p>Artesanos Banco<br>Banco de Am\u00e9rica<br>La Fundaci\u00f3n De Caridad<br>Bancorp (La)<br>Capital One<br>El Centro De La Din\u00e1mica<br>El Desarrollo De La Comunidad<br>Instituci\u00f3n Financiera<br>Christiana Care<br>Citizens Bank<br>La ciudad de Wilmington<br>Comenity Banco<br>Descubrir Banco<br>Girard &amp; Feria<br>HSBC Bank USA, N. A.<br>JPMorgan Chase Foundation<br>Laffey McHugh Fundaci\u00f3n<br>Longwood Fundaci\u00f3n<br>Malvern Banco<br>El Banco De Santander<br>TD Bank, N. A.<br>USDA \u2013 Desarrollo Rural<br>U. S. Small Business Administration<br>Fundaci\u00f3n De Bienestar<br>Wells Fargo Fundaci\u00f3n<br>WSFS<\/p>\n\n \r\n\t\t\t\r\n\t\t<\/div>\r\n\t\n\n\r\n\t\t<div  class=\"block-7b09fa2d-679d-477b-8201-e540d11a0c87 col areoi-element col-12 col-md-4\">\r\n\t\t\t\r\n\t\t\t\n\n<h3 class=\"wp-block-heading\">Individual De Los Colaboradores<\/h3>\n\n\n\n<p>Kevin Allen<br>Juan Bonhomme<br>Maggie Cook-Agradable<br>Jim Donahue<br>Gina Hampton<br>Vandell Hampton, Jr.<br>Sheila Harrigan<br>Deborah Harrison<br>Jimmy Jarrell<br>Sara Crawford<br>Daniel Kempski<br>Delores Lee<br>Phyllis McCollum<br>Rachael Mears<br>Pedro Moore<br>Sue Smith<br>Robert Snowberger<br>Melanie Thomas-Precio<br>Leroy Tice<br>Clinton Tymes<br>Pedro Viera<br>Aziz Semanas<br>Neil Wright<\/p>\n\n \r\n\t\t\t\r\n\t\t<\/div>\r\n\t\n \r\n\t\t<\/div>\r\n\t\n \r\n\t\t<\/div>\r\n\t\n \r\n\t\t<\/div>\r\n\t\n\n\r\n\t\t<div  class=\"block-510bb58e-0489-43a5-9310-dd2af9188f4f areoi-strip areoi-element strip alignfull section-block section-btm-cta\">\r\n\t\t\t\r\n\t\t\t\n\r\n\t\t<div  class=\"block-e796e573-82d4-48c6-9aab-86deb6015437 areoi-element container\">\r\n\t\t\t\r\n\t\t\t\n\r\n\t\t<div  class=\"block-afd292a4-841b-4928-aee8-8e93370ce06c row areoi-element section-btm-cta-inner\">\r\n\t\t\t\r\n\r\n\t\t\t\n\r\n\t\t<div  class=\"block-7dca1382-7045-4e28-a4a2-25dd1c59a58c col areoi-element col-md-7\">\r\n\t\t\t\r\n\t\t\t\n\n<p><em>Preguntas? Env\u00edenos un mensaje.<br>Estaremos en contacto!<\/em><\/p>\n\n \r\n\t\t\t\r\n\t\t<\/div>\r\n\t\n\n\r\n\t\t<div  class=\"block-eeebe113-3959-4648-9cc5-0de55c81c077 col areoi-element btn-box col-md-5\">\r\n\t\t\t\r\n\t\t\t\n\r\n\t\t\t\t\r\n\t\t<a \r\n\t\t\t\r\n\t\t\tclass=\"block-30534079-275b-4dcb-8c6d-121076054369 btn areoi-has-url position-relative btn-form gradient-teal btn-primary\"\r\n\t href=\"\/es\/contact\/\" >\r\n\t\t\t\t\t\r\n\t\t\t\t\tP\u00f3ngase En Contacto Con Nosotros \r\n\t\t\t\t\t\r\n\t\t\t\t\t \r\n\t\t\t\t<\/a>\r\n\t\t\t\n \r\n\t\t\t\r\n\t\t<\/div>\r\n\t\n \r\n\t\t<\/div>\r\n\t\n \r\n\t\t<\/div>\r\n\t\n \r\n\t\t<\/div>","protected":false},"excerpt":{"rendered":"<p> [&#8230;]<\/p>\n<p><a class=\"btn btn-secondary understrap-read-more-link\" href=\"http:\/\/trueaccesscapital.com\/es\/about\/\">Read More&#8230;<span class=\"screen-reader-text\"> from About<\/span><\/a><\/p>\n","protected":false},"author":1,"featured_media":0,"parent":0,"menu_order":0,"comment_status":"closed","ping_status":"closed","template":"page-templates\/tacBasic.php","meta":{"_acf_changed":false,"footnotes":""},"class_list":["post-1383","page","type-page","status-publish","hentry"],"acf":[],"_links":{"self":[{"href":"http:\/\/trueaccesscapital.com\/es\/wp-json\/wp\/v2\/pages\/1383","targetHints":{"allow":["GET"]}}],"collection":[{"href":"http:\/\/trueaccesscapital.com\/es\/wp-json\/wp\/v2\/pages"}],"about":[{"href":"http:\/\/trueaccesscapital.com\/es\/wp-json\/wp\/v2\/types\/page"}],"author":[{"embeddable":true,"href":"http:\/\/trueaccesscapital.com\/es\/wp-json\/wp\/v2\/users\/1"}],"replies":[{"embeddable":true,"href":"http:\/\/trueaccesscapital.com\/es\/wp-json\/wp\/v2\/comments?post=1383"}],"version-history":[{"count":5,"href":"http:\/\/trueaccesscapital.com\/es\/wp-json\/wp\/v2\/pages\/1383\/revisions"}],"predecessor-version":[{"id":2168,"href":"http:\/\/trueaccesscapital.com\/es\/wp-json\/wp\/v2\/pages\/1383\/revisions\/2168"}],"wp:attachment":[{"href":"http:\/\/trueaccesscapital.com\/es\/wp-json\/wp\/v2\/media?parent=1383"}],"curies":[{"name":"wp","href":"https:\/\/api.w.org\/{rel}","templated":true}]}}