{"id":15,"date":"2024-07-05T20:25:22","date_gmt":"2024-07-05T20:25:22","guid":{"rendered":"https:\/\/trueaccesscapital.com\/?page_id=15"},"modified":"2025-08-14T14:43:33","modified_gmt":"2025-08-14T14:43:33","slug":"home","status":"publish","type":"page","link":"http:\/\/trueaccesscapital.com\/es\/","title":{"rendered":"Hogar"},"content":{"rendered":"<div  class=\"block-bd313dfd-f9bd-47b9-82a2-add704671a5b areoi-strip areoi-element strip alignfull section-block\">\r\n\t\t\t\r\n\t\t\t\n\r\n\t\t<div  class=\"block-d0991dd5-23fd-447f-a537-eb2ea018092c areoi-element container\">\r\n\t\t\t\r\n\t\t\t\n\r\n\t\t<div  class=\"block-cf397f3f-a525-4321-b84e-76122f73b3bb row areoi-element\">\r\n\t\t\t\r\n\r\n\t\t\t\n\r\n\t\t<div  class=\"block-3d5e2e92-432f-428e-be8d-b2f0376d60b9 col areoi-element col-12 col-md-6\">\r\n\t\t\t\r\n\t\t\t\n\n<h2 class=\"wp-block-heading\">Lo que hacemos.<\/h2>\n\n\n\n<p>El verdadero Acceso de Capital (TAC) es una sin fines de lucro, Instituci\u00f3n Financiera de Desarrollo Comunitario (CDFI), fundada en 1992 como la Primera Comunidad del Estado Fondo de Pr\u00e9stamos. Damos poder a los empresarios y propietarios de peque\u00f1as empresas en el estado de Delaware y el sureste de Pensilvania con la formaci\u00f3n y los servicios de educaci\u00f3n y de acceso a capital.<\/p>\n\n \r\n\t\t\t\r\n\t\t<\/div>\r\n\t\n\n\r\n\t\t<div  class=\"block-2e20c000-3f82-4e46-a565-f61f99d2ac7a col areoi-element col-12 col-md-6\">\r\n\t\t\t\r\n\t\t\t\n\n<figure class=\"wp-block-image size-full img-shadow\"><img loading=\"lazy\" decoding=\"async\" width=\"591\" height=\"470\" src=\"http:\/\/trueaccesscapital.com\/wp-content\/uploads\/2025\/04\/IMG03446_opt.webp\" alt=\"\" class=\"wp-image-1932\" srcset=\"http:\/\/trueaccesscapital.com\/wp-content\/uploads\/2025\/04\/IMG03446_opt.webp 591w, http:\/\/trueaccesscapital.com\/wp-content\/uploads\/2025\/04\/IMG03446_opt-300x239.webp 300w\" sizes=\"auto, (max-width: 591px) 100vw, 591px\" \/><\/figure>\n\n \r\n\t\t\t\r\n\t\t<\/div>\r\n\t\n \r\n\t\t<\/div>\r\n\t\n \r\n\t\t<\/div>\r\n\t\n \r\n\t\t<\/div>\r\n\t\n\n\r\n\t\t<div  class=\"block-6198b477-d360-48f0-a23a-389c1f40789f areoi-strip areoi-element strip alignfull section-block\">\r\n\t\t\t\r\n\t\t\t\n\r\n\t\t<div  class=\"block-ba914211-f0bf-4310-8c24-7b2e85b33075 areoi-element container\">\r\n\t\t\t\r\n\t\t\t\n\r\n\t\t<div  class=\"block-cf397f3f-a525-4321-b84e-76122f73b3bb row areoi-element\">\r\n\t\t\t\r\n\r\n\t\t\t\n\r\n\t\t<div  class=\"block-2e20c000-3f82-4e46-a565-f61f99d2ac7a col areoi-element col-12 col-md-6\">\r\n\t\t\t\r\n\t\t\t\n\n<figure class=\"wp-block-image size-full\"><img loading=\"lazy\" decoding=\"async\" width=\"591\" height=\"470\" src=\"https:\/\/trueaccesscapital.com\/wp-content\/uploads\/2024\/07\/IMG2051.jpg\" alt=\"\" class=\"wp-image-31\" srcset=\"http:\/\/trueaccesscapital.com\/wp-content\/uploads\/2024\/07\/IMG2051.jpg 591w, http:\/\/trueaccesscapital.com\/wp-content\/uploads\/2024\/07\/IMG2051-300x239.jpg 300w\" sizes=\"auto, (max-width: 591px) 100vw, 591px\" \/><\/figure>\n\n \r\n\t\t\t\r\n\t\t<\/div>\r\n\t\n\n\r\n\t\t<div  class=\"block-3d5e2e92-432f-428e-be8d-b2f0376d60b9 col areoi-element col-12 col-md-6\">\r\n\t\t\t\r\n\t\t\t\n\n<h2 class=\"wp-block-heading\">C\u00f3mo Podemos Impactar A Nuestra Comunidad.<\/h2>\n\n\n\n<p>Desde su fundaci\u00f3n, el centro ha proporcionado m\u00e1s de $64 millones en el capital de pr\u00e9stamo para m\u00e1s de 1.500 peque\u00f1as empresas y organizaciones de la comunidad. Abogamos por aquellos a quienes servimos, y colaboramos con otros para el lanzamiento de iniciativas de desarrollo comunitario que ayuda a crear m\u00e1s din\u00e1mico e inclusivo barrios donde los emprendedores y due\u00f1os de peque\u00f1as empresas pueden realizar sus sue\u00f1os.<\/p>\n\n \r\n\t\t\t\r\n\t\t<\/div>\r\n\t\n \r\n\t\t<\/div>\r\n\t\n \r\n\t\t<\/div>\r\n\t\n \r\n\t\t<\/div>\r\n\t\n\n\r\n\t\t<div  class=\"block-db977bc1-3353-4da5-8912-1333d3819bb3 areoi-strip areoi-element strip alignfull section-block section-step gradient-orange\">\r\n\t\t\t\r\n\t\t\t\n\r\n\t\t<div  class=\"block-be1d0389-efff-4883-8915-c521585366f6 areoi-element container\">\r\n\t\t\t\r\n\t\t\t\n\r\n\t\t<div  class=\"block-8cfe5a30-4167-4acf-9f6f-24419fc53f40 row areoi-element\">\r\n\t\t\t\r\n\r\n\t\t\t\n\r\n\t\t<div  class=\"block-86d2db63-c663-4b0f-ae58-4479adc9424c col areoi-element\">\r\n\t\t\t\r\n\t\t\t\n\n<h2 class=\"wp-block-heading has-text-align-center step-hdr\">LE GUIAREMOS PASO A PASO.<\/h2>\n\n\n\n<h3 class=\"wp-block-heading has-text-align-center\">Comience aqu\u00ed.<\/h3>\n\n \r\n\t\t\t\r\n\t\t<\/div>\r\n\t\n \r\n\t\t<\/div>\r\n\t\n\n\r\n\t\t<div  class=\"block-7c0aa7a0-6a2c-4698-8ef1-c5905d4d91ad row areoi-element\">\r\n\t\t\t\r\n\r\n\t\t\t\n\r\n\t\t<div  class=\"block-f958be3d-404f-418d-93f8-1a43eb2b2b17 col areoi-element step-box col-12 col-md-4\">\r\n\t\t\t\r\n\t\t\t\n\n<h3 class=\"wp-block-heading\">Hay mucho que aprender al iniciar o hacer crecer un peque\u00f1o negocio.<\/h3>\n\n\n\n<p>El verdadero Acceso de Capital proporciona peque\u00f1a empresa formaci\u00f3n y experiencia.<\/p>\n\n\n\r\n\t\t\t\t\r\n\t\t<a \r\n\t\t\t\r\n\t\t\tclass=\"block-886f4b08-44bc-4a39-b3af-507aca78fc85 btn areoi-has-url position-relative btn-step gradient-orange btn-primary\"\r\n\t href=\"\/es\/training-education\/\" >\r\n\t\t\t\t\t\r\n\t\t\t\t\tInscribirme \r\n\t\t\t\t\t\r\n\t\t\t\t\t \r\n\t\t\t\t<\/a>\r\n\t\t\t\n \r\n\t\t\t\r\n\t\t<\/div>\r\n\t\n\n\r\n\t\t<div  class=\"block-c5d2297f-5899-45bb-8172-596c0ef1968e col areoi-element step-box col-12 col-md-4\">\r\n\t\t\t\r\n\t\t\t\n\n<h3 class=\"wp-block-heading\">Se necesita un pueblo.<\/h3>\n\n\n\n<p>El verdadero Acceso de Capital asociados con otros para construir el \u00e9xito de una comunidad.<\/p>\n\n\n\r\n\t\t\t\t\r\n\t\t<a \r\n\t\t\t\r\n\t\t\tclass=\"block-6a418b55-c073-4755-8f22-78b088e638fa btn areoi-has-url position-relative btn-step gradient-orange btn-primary\"\r\n\t href=\"\/es\/community-development\/\" >\r\n\t\t\t\t\t\r\n\t\t\t\t\tAprender M\u00e1s \r\n\t\t\t\t\t\r\n\t\t\t\t\t \r\n\t\t\t\t<\/a>\r\n\t\t\t\n \r\n\t\t\t\r\n\t\t<\/div>\r\n\t\n\n\r\n\t\t<div  class=\"block-f958be3d-404f-418d-93f8-1a43eb2b2b17 col areoi-element step-box col-12 col-md-4\">\r\n\t\t\t\r\n\t\t\t\n\n<h3 class=\"wp-block-heading\">Show me the money.<\/h3>\n\n\n\n<p>El verdadero Acceso de Capital ofrece una variedad de pr\u00e9stamos a los prestatarios calificados.<\/p>\n\n\n\r\n\t\t\t\t\r\n\t\t<a \r\n\t\t\t\r\n\t\t\tclass=\"block-abe94614-6877-4dbb-af79-fac926ff08d4 btn areoi-has-url position-relative btn-step gradient-orange btn-primary\"\r\n\t href=\"\/es\/loan-products\/\" >\r\n\t\t\t\t\t\r\n\t\t\t\t\tInicio Proceso De Pr\u00e9stamo \r\n\t\t\t\t\t\r\n\t\t\t\t\t \r\n\t\t\t\t<\/a>\r\n\t\t\t\n \r\n\t\t\t\r\n\t\t<\/div>\r\n\t\n \r\n\t\t<\/div>\r\n\t\n \r\n\t\t<\/div>\r\n\t\n \r\n\t\t<\/div>\r\n\t\n\n\r\n\t\t<div  class=\"block-b99c83ad-7876-43a8-8595-9f10762073e4 areoi-strip areoi-element strip alignfull section-block section-wbc\">\r\n\t\t\t\r\n\t\t\t\n\r\n\t\t<div  class=\"block-803e2d02-4002-4e4f-a678-16c68ca631a4 areoi-element container\">\r\n\t\t\t\r\n\t\t\t\n\r\n\t\t<div  class=\"block-ddb66772-c0c0-48a9-841e-4d077eef43df row areoi-element\">\r\n\t\t\t\r\n\r\n\t\t\t\n\r\n\t\t<div  class=\"block-ea6b9016-374f-4110-814a-e002d8dd23d8 col areoi-element\">\r\n\t\t\t\r\n\t\t\t\n\n<h2 class=\"section-hdr section-hdr-borders\">Las mujeres empresarias. <span>Descubrir el WBC.<\/span><\/h2>\n\n \r\n\t\t\t\r\n\t\t<\/div>\r\n\t\n \r\n\t\t<\/div>\r\n\t\n \r\n\t\t<\/div>\r\n\t\n \r\n\t\t<\/div>\r\n\t\n\n\r\n\t\t<div  class=\"block-6011046e-2c6d-489e-9a17-7e9f1e463397 areoi-strip areoi-element strip alignfull section-wbc-bottom gradient-purple\">\r\n\t\t\t\r\n\t\t\t\n\r\n\t\t<div  class=\"block-5bdd4309-2a06-4de3-a8ca-fee50f0c384e areoi-element container\">\r\n\t\t\t\r\n\t\t\t\n\r\n\t\t<div  class=\"block-31959450-26f5-4c6e-9537-2081b4627f96 row areoi-element\">\r\n\t\t\t\r\n\r\n\t\t\t\n\r\n\t\t<div  class=\"block-d724749d-7d0f-44b3-b3df-05ce96258db8 col areoi-element wbc-copy col-12 col-md-6\">\r\n\t\t\t\r\n\t\t\t\n\n<p>El<strong> Centro de mujeres de Negocios en el Verdadero Acceso de Capital (WBC)<\/strong> ayuda a las mujeres a iniciar y administrar un negocio exitoso. Trabajando con los gl\u00f3bulos blancos, las mujeres empresarias construir planes de negocio, identificar y manejar a la gente, fuente de financiamiento, desarrollar estrategias de marketing y de interactuar con mujeres exitosas due\u00f1os de negocios que desean compartir sus experiencias y ofrecer servicios de mentor.<\/p>\n\n \r\n\t\t\t\r\n\t\t<\/div>\r\n\t\n\n\r\n\t\t<div  class=\"block-4ce957c9-7870-4377-8fb8-bfc074f57abe col areoi-element wbc-image col-12 col-md-6\">\r\n\t\t\t\r\n\t\t\t\n\n<figure class=\"wp-block-image size-full\"><img loading=\"lazy\" decoding=\"async\" width=\"591\" height=\"469\" src=\"https:\/\/trueaccesscapital.com\/wp-content\/uploads\/2025\/02\/Start-Here-copy.webp\" alt=\"\" class=\"wp-image-1144\" srcset=\"http:\/\/trueaccesscapital.com\/wp-content\/uploads\/2025\/02\/Start-Here-copy.webp 591w, http:\/\/trueaccesscapital.com\/wp-content\/uploads\/2025\/02\/Start-Here-copy-300x238.webp 300w\" sizes=\"auto, (max-width: 591px) 100vw, 591px\" \/><\/figure>\n\n \r\n\t\t\t\r\n\t\t<\/div>\r\n\t\n \r\n\t\t<\/div>\r\n\t\n \r\n\t\t<\/div>\r\n\t\n \r\n\t\t<\/div>\r\n\t\n\n\r\n\t\t<div  class=\"block-b99c83ad-7876-43a8-8595-9f10762073e4 areoi-strip areoi-element strip alignfull section-block section-wbc-fondo\">\r\n\t\t\t\r\n\t\t\t\n\r\n\t\t<div  class=\"block-803e2d02-4002-4e4f-a678-16c68ca631a4 areoi-element container\">\r\n\t\t\t\r\n\t\t\t\n\r\n\t\t<div  class=\"block-ddb66772-c0c0-48a9-841e-4d077eef43df row areoi-element\">\r\n\t\t\t\r\n\r\n\t\t\t\n\r\n\t\t<div  class=\"block-ea6b9016-374f-4110-814a-e002d8dd23d8 col areoi-element col-md-6\">\r\n\t\t\t\r\n\t\t\t\n\r\n\t\t\t\t\r\n\t\t<a \r\n\t\t\t\r\n\t\t\tclass=\"block-aaedacca-29fc-434c-9c21-38a0c1f16612 btn areoi-has-url position-relative btn-wbc gradient-purple btn-primary\"\r\n\t href=\"\/es\/womens-business-center\/\" >\r\n\t\t\t\t\t\r\n\t\t\t\t\tAPRENDER M\u00c1S \r\n\t\t\t\t\t\r\n\t\t\t\t\t \r\n\t\t\t\t<\/a>\r\n\t\t\t\n \r\n\t\t\t\r\n\t\t<\/div>\r\n\t\n \r\n\t\t<\/div>\r\n\t\n \r\n\t\t<\/div>\r\n\t\n \r\n\t\t<\/div>\r\n\t\n\n\r\n\t\t<div  class=\"block-1c6999db-7db4-45ef-bb77-c8a01e78df26 areoi-strip areoi-element strip alignfull section-block section-news gradient-greylite\">\r\n\t\t\t\r\n\t\t\t\n\r\n\t\t<div  class=\"block-4b94e841-1f83-4c55-8b02-f0233e2a6f7f areoi-element container section-news-inner\">\r\n\t\t\t\r\n\t\t\t\n\r\n\t\t<div  class=\"block-393771da-6095-48ee-ae86-41ebc9bcce6e row areoi-element\">\r\n\t\t\t\r\n\r\n\t\t\t\n\r\n\t\t<div  class=\"block-2e83828c-65a3-4737-b696-d2ddc230056b col areoi-element col-md-8\">\r\n\t\t\t\r\n\t\t\t\n<div class='row row-news'><div class='col-md-12'><h2>\u00daltimas Noticias<\/h2><\/div><div class='col-md-12'><div class='news-box'><h3><a href='\/es\/emergence-relief-funds-available-to-help-delaware-based-small-businesses\/'>Del Socorro de emergencia de los Fondos Disponibles para Ayudar con sede en Delaware, las Peque\u00f1as Empresas<\/a><\/h3><div class='excerpt'><p>Verdadero Acceso a Capital, con sede en Delaware, sin fines de lucro, el gobierno federal certificados de la Comunidad Instituci\u00f3n Financiera de Desarrollo, ha puesto en marcha el Peque\u00f1o Negocio de Socorro y Recuperaci\u00f3n de Pr\u00e9stamos y Programa de Subvenciones para apoyar a las empresas que han luchado, como resultado de COVID-19.<\/p>\n<\/div><\/div><\/div><div class='col-md-12'><a href='\/es\/blog\/' class='gradient-teal btn-form' style='text-align: center; margin-top: 45px;'>Ver Todas Las Noticias<\/a><\/div><\/div>\n\n \r\n\t\t\t\r\n\t\t<\/div>\r\n\t\n\n\r\n\t\t<div  class=\"block-82e0a485-2e46-4f75-9c55-1ea7cba6d3b4 col areoi-element col-events col-md-4\">\r\n\t\t\t\r\n\t\t\t\n\n<h2 class=\"wp-block-heading\">Pr\u00f3ximos Eventos<\/h2>\n\n\n<div class='col-md-12 event-home-box'><h3><a href='https:\/\/wbc.trueaccesscapital.org\/workshop.aspx?ekey=1460028' target='_blank'> Plan Forward: 8 Weeks to Business Brilliance (Session 6)<\/a><\/h3><h4>Thursday, April 30, 2026 <\/h4><\/div><div class='col-md-12 event-home-box'><h3><a href='https:\/\/wbc.trueaccesscapital.org\/workshop.aspx?ekey=1460029' target='_blank'> Plan Forward: 8 Weeks to Business Brilliance (Session 7)<\/a><\/h3><h4>Thursday, May 07, 2026 <\/h4><\/div>\n\n\n\r\n\t\t\t\t\r\n\t\t<a \r\n\t\t\t\r\n\t\t\tclass=\"block-914eaf53-5f29-4e55-8e98-0a9d30c29f51 btn areoi-has-url position-relative gradient-teal btn-form btn-primary\"\r\n\t href=\"https:\/\/wbc.trueaccesscapital.org\/events.aspx\" rel=\"noreferrer noopener\" target=\"_blank\" >\r\n\t\t\t\t\t\r\n\t\t\t\t\tVer Todos Los Eventos \r\n\t\t\t\t\t\r\n\t\t\t\t\t \r\n\t\t\t\t<\/a>\r\n\t\t\t\n \r\n\t\t\t\r\n\t\t<\/div>\r\n\t\n \r\n\t\t<\/div>\r\n\t\n \r\n\t\t<\/div>\r\n\t\n \r\n\t\t<\/div>","protected":false},"excerpt":{"rendered":"<p> [&#8230;]<\/p>\n<p><a class=\"btn btn-secondary understrap-read-more-link\" href=\"http:\/\/trueaccesscapital.com\/es\/\">Read More&#8230;<span class=\"screen-reader-text\"> from Home<\/span><\/a><\/p>\n","protected":false},"author":1,"featured_media":0,"parent":0,"menu_order":0,"comment_status":"closed","ping_status":"closed","template":"page-templates\/tacBasic.php","meta":{"_acf_changed":false,"footnotes":""},"class_list":["post-15","page","type-page","status-publish","hentry"],"acf":[],"_links":{"self":[{"href":"http:\/\/trueaccesscapital.com\/es\/wp-json\/wp\/v2\/pages\/15","targetHints":{"allow":["GET"]}}],"collection":[{"href":"http:\/\/trueaccesscapital.com\/es\/wp-json\/wp\/v2\/pages"}],"about":[{"href":"http:\/\/trueaccesscapital.com\/es\/wp-json\/wp\/v2\/types\/page"}],"author":[{"embeddable":true,"href":"http:\/\/trueaccesscapital.com\/es\/wp-json\/wp\/v2\/users\/1"}],"replies":[{"embeddable":true,"href":"http:\/\/trueaccesscapital.com\/es\/wp-json\/wp\/v2\/comments?post=15"}],"version-history":[{"count":5,"href":"http:\/\/trueaccesscapital.com\/es\/wp-json\/wp\/v2\/pages\/15\/revisions"}],"predecessor-version":[{"id":2120,"href":"http:\/\/trueaccesscapital.com\/es\/wp-json\/wp\/v2\/pages\/15\/revisions\/2120"}],"wp:attachment":[{"href":"http:\/\/trueaccesscapital.com\/es\/wp-json\/wp\/v2\/media?parent=15"}],"curies":[{"name":"wp","href":"https:\/\/api.w.org\/{rel}","templated":true}]}}