{"id":1830,"date":"2025-03-19T19:41:39","date_gmt":"2025-03-19T19:41:39","guid":{"rendered":"https:\/\/trueaccesscapital.com\/?page_id=1830"},"modified":"2025-05-27T14:10:11","modified_gmt":"2025-05-27T14:10:11","slug":"donate","status":"publish","type":"page","link":"http:\/\/trueaccesscapital.com\/es\/donate\/","title":{"rendered":"Donar"},"content":{"rendered":"<div  class=\"block-c65c06aa-8021-4ede-abe0-3d55bb9cf5d6 areoi-strip areoi-element strip alignfull section-block section-donate\">\r\n\t\t\t\r\n\t\t\t\n\r\n\t\t<div  class=\"block-77f386e6-375e-4449-a5fc-45f341d04648 areoi-element container\">\r\n\t\t\t\r\n\t\t\t\n\r\n\t\t<div  class=\"block-5e1ba229-621a-42f3-a200-1a69746d240f row areoi-element\">\r\n\t\t\t\r\n\r\n\t\t\t\n\r\n\t\t<div  class=\"block-7ac34447-3083-4974-9e65-afacd44accd8 col areoi-element\">\r\n\t\t\t\r\n\t\t\t\n\n<div class=\"btn-donate-box\">\n<div class=\"logo\"><img decoding=\"async\" src=\"\/wp-content\/uploads\/2025\/03\/TrueAccess-icon-white-copy.png\" alt=\"\" \/><\/div>\n<div class=\"content-box\">\n<h3>\u00a1Pon tu dinero a trabajar!<\/h3>\n<form name=\"PrePage\" method = \"post\" action = \"https:\/\/Simplecheckout.authorize.net\/payment\/CatalogPayment.aspx\"> <input type = \"hidden\" name = \"LinkId\" value =\"9ef706b4-33bd-4e9a-8e7e-e68637e4a0d0\" \/> <input type = \"submit\" value = \"\u00a1Dona ahora!\" \/> <\/form>\n<\/div>\n<\/div>\n\n\n\n<p>Para hacer una donaci\u00f3n segura en l\u00ednea al Fondo General, haga clic en el enlace de arriba o env\u00ede su cheque por correo a:<br>El Verdadero Acceso De Capital<br>100 West 10th Street, Suite 300<br>Wilmington, DE 19801.<\/p>\n\n\n\n<p>\u00a1Gracias!<\/p>\n\n \r\n\t\t\t\r\n\t\t<\/div>\r\n\t\n \r\n\t\t<\/div>\r\n\t\n \r\n\t\t<\/div>\r\n\t\n \r\n\t\t<\/div>\r\n\t\n\n\r\n\t\t<div  class=\"block-0ed526a2-1c0a-4d6a-862c-5974def86251 areoi-strip areoi-element strip alignfull section-block\">\r\n\t\t\t\r\n\t\t\t\n\r\n\t\t<div  class=\"block-4e2c6305-0cc0-4d3c-b314-249c9c385016 areoi-element container\">\r\n\t\t\t\r\n\t\t\t\n\r\n\t\t<div  class=\"block-f60d091b-0c54-41c0-97d8-3a9c67dabdcf row areoi-element\">\r\n\t\t\t\r\n\r\n\t\t\t\n\r\n\t\t<div  class=\"block-969ba14f-d672-4da1-8776-59c084391f7c col areoi-element\">\r\n\t\t\t\r\n\t\t\t\n\n<h2 class=\"wp-block-heading\">Gracias por sus inversiones y contribuciones.<\/h2>\n\n\n\n<p><\/p>\n\n \r\n\t\t\t\r\n\t\t<\/div>\r\n\t\n \r\n\t\t<\/div>\r\n\t\n\n\r\n\t\t<div  class=\"block-48232480-b62f-493a-8e45-7e142e6e3c7b row areoi-element\">\r\n\t\t\t\r\n\r\n\t\t\t\n\r\n\t\t<div  class=\"block-aa3ef921-ef1a-427b-a5e9-5367c88c21a9 col areoi-element col-12 col-md-4\">\r\n\t\t\t\r\n\t\t\t\n\n<h3 class=\"wp-block-heading\">Los inversores<\/h3>\n\n\n\n<p>Artesanos Banco<br>Banco de Am\u00e9rica<br>Barclays Bank of Delaware<br>Condado de Kennett<br>Cat\u00f3lica Iniciativas De Salud<br>Cinnaire<br>Citizens Bank<br>Los Clientes Del Banco<br>Compa\u00f1\u00eda fiduciaria del Deutsche Bank de Delaware<br>La Primera Prioridad Del Banco<br>Primera Iglesia Unitaria de Wilmington<br>HSBC Bank USA, N. A.<br>Meridian Bank<br>M&amp;T Bank<br>Oportunidad De Financiaci\u00f3n De La Red<br>Las hermanas de San Francisco de Filadelfia<br>TD Bank, N. A.<br>Fondo de Dotaci\u00f3n Com\u00fan Unitario Universalista<br>USDA \u2013 Desarrollo Rural<br>U. S. Small Business Administration<br>WSFS Banco<\/p>\n\n \r\n\t\t\t\r\n\t\t<\/div>\r\n\t\n\n\r\n\t\t<div  class=\"block-4c734dff-b0e3-4499-9b0d-5163cf480f24 col areoi-element col-12 col-md-4\">\r\n\t\t\t\r\n\t\t\t\n\n<h3 class=\"wp-block-heading\">Los colaboradores<\/h3>\n\n\n\n<p>Artesanos Banco<br>Fundaci\u00f3n Ben\u00e9fica del Banco de Am\u00e9rica<br>Bancorp (La)<br>Capital One<br>El Centro De La Din\u00e1mica<br>Instituci\u00f3n Financiera de Desarrollo Comunitario<br>Christiana Care<br>Citizens Bank<br>La ciudad de Wilmington<br>Comenity Banco<br>Descubrir Banco<br>Girard &amp; Feria<br>HSBC Bank USA, N. A.<br>JPMorgan Chase Foundation<br>Laffey McHugh Fundaci\u00f3n<br>Longwood Fundaci\u00f3n<br>Malvern Banco<br>El Banco De Santander<br>TD Bank, N. A.<br>USDA \u2013 Desarrollo Rural<br>U. S. Small Business Administration<br>Fundaci\u00f3n De Bienestar<br>Wells Fargo Fundaci\u00f3n<br>WSFS<\/p>\n\n \r\n\t\t\t\r\n\t\t<\/div>\r\n\t\n\n\r\n\t\t<div  class=\"block-aa3ef921-ef1a-427b-a5e9-5367c88c21a9 col areoi-element col-12 col-md-4\">\r\n\t\t\t\r\n\t\t\t\n\n<h3 class=\"wp-block-heading\">Individual De Los Colaboradores<\/h3>\n\n\n\n<p>Kevin Allen<br>Juan Bonhomme<br>Maggie Cook-Agradable<br>Jim Donahue<br>Gina Hampton<br>Vandell Hampton, Jr.<br>Sheila Harrigan<br>Deborah Harrison<br>Jimmy Jarrell<br>Sara Crawford<br>Daniel Kempski<br>Delores Lee<br>Phyllis McCollum<br>Rachael Mears<br>Pedro Moore<br>Sue Smith<br>Robert Snowberger<br>Melanie Thomas-Precio<br>Leroy Tice<br>Clinton Tymes<br>Pedro Viera<br>Aziz Semanas<br>Neil Wright<\/p>\n\n \r\n\t\t\t\r\n\t\t<\/div>\r\n\t\n \r\n\t\t<\/div>\r\n\t\n \r\n\t\t<\/div>\r\n\t\n \r\n\t\t<\/div>","protected":false},"excerpt":{"rendered":"<p> [&#8230;]<\/p>\n<p><a class=\"btn btn-secondary understrap-read-more-link\" href=\"http:\/\/trueaccesscapital.com\/es\/donate\/\">Read More&#8230;<span class=\"screen-reader-text\"> from Donate<\/span><\/a><\/p>\n","protected":false},"author":1,"featured_media":0,"parent":0,"menu_order":0,"comment_status":"closed","ping_status":"closed","template":"page-templates\/tacBasic.php","meta":{"_acf_changed":false,"footnotes":""},"class_list":["post-1830","page","type-page","status-publish","hentry"],"acf":[],"_links":{"self":[{"href":"http:\/\/trueaccesscapital.com\/es\/wp-json\/wp\/v2\/pages\/1830","targetHints":{"allow":["GET"]}}],"collection":[{"href":"http:\/\/trueaccesscapital.com\/es\/wp-json\/wp\/v2\/pages"}],"about":[{"href":"http:\/\/trueaccesscapital.com\/es\/wp-json\/wp\/v2\/types\/page"}],"author":[{"embeddable":true,"href":"http:\/\/trueaccesscapital.com\/es\/wp-json\/wp\/v2\/users\/1"}],"replies":[{"embeddable":true,"href":"http:\/\/trueaccesscapital.com\/es\/wp-json\/wp\/v2\/comments?post=1830"}],"version-history":[{"count":5,"href":"http:\/\/trueaccesscapital.com\/es\/wp-json\/wp\/v2\/pages\/1830\/revisions"}],"predecessor-version":[{"id":1960,"href":"http:\/\/trueaccesscapital.com\/es\/wp-json\/wp\/v2\/pages\/1830\/revisions\/1960"}],"wp:attachment":[{"href":"http:\/\/trueaccesscapital.com\/es\/wp-json\/wp\/v2\/media?parent=1830"}],"curies":[{"name":"wp","href":"https:\/\/api.w.org\/{rel}","templated":true}]}}