{"id":2001,"date":"2025-06-04T16:50:21","date_gmt":"2025-06-04T16:50:21","guid":{"rendered":"https:\/\/trueaccesscapital.com\/?page_id=2001"},"modified":"2025-10-13T13:36:50","modified_gmt":"2025-10-13T13:36:50","slug":"2025-celebration","status":"publish","type":"page","link":"http:\/\/trueaccesscapital.com\/es\/2025-celebration\/","title":{"rendered":"Celebraci\u00f3n del 2025"},"content":{"rendered":"<div  class=\"block-2b8c1562-cbc7-4fee-bef4-d769b4ba4b50 areoi-strip areoi-element strip alignfull section-block section-intro\">\r\n\t\t\t\r\n\t\t\t\n\r\n\t\t<div  class=\"block-776359dc-46ae-4589-b27b-ec2aad9f63f4 areoi-element container\">\r\n\t\t\t\r\n\t\t\t\n\r\n\t\t<div  class=\"block-613dbc54-cf90-4666-bd73-4eea5e07dc1a row areoi-element\">\r\n\t\t\t\r\n\r\n\t\t\t\n\r\n\t\t<div  class=\"block-b18aea04-f4e7-4e7e-b75e-c2a7de792ae7 col areoi-element\">\r\n\t\t\t\r\n\t\t\t\n\n<h2 class=\"wp-block-heading has-text-align-left\">Estamos emocionados de que se una a nosotros mientras celebramos un a\u00f1o de impacto, crecimiento y transformaci\u00f3n comunitaria.<\/h2>\n\n \r\n\t\t\t\r\n\t\t<\/div>\r\n\t\n \r\n\t\t<\/div>\r\n\t\n\n\r\n\t\t<div  class=\"block-c565a9ae-f34e-4f11-b92d-773afe6a4692 row areoi-element row-block\">\r\n\t\t\t\r\n\r\n\t\t\t\n\r\n\t\t<div  class=\"block-5522c49e-cfe2-4872-952d-76516c8de65d col areoi-element row-txt col-md-6\">\r\n\t\t\t\r\n\t\t\t\n\n<p>En True Access Capital, creemos que el acceso a las oportunidades puede cambiar vidas, y esta noche se trata de honrar esa misi\u00f3n, conectar y disfrutar de las festividades. Nos enorgullece especialmente dar la bienvenida a Arlo Washington como nuestro orador invitado. Arlo es un emprendedor visionario, banquero comunitario y el creador del documental nominado al Oscar &#034;El Barbero de Little Rock&#034;. A trav\u00e9s de su trabajo con People Trust, demuestra que el empoderamiento financiero y el liderazgo comunitario van de la mano. Su historia es poderosa, su misi\u00f3n es audaz, y nos honra tenerlo aqu\u00ed para inspirarnos. Celebremos lo que hemos construido y lo que a\u00fan queda por delante.<\/p>\n\n \r\n\t\t\t\r\n\t\t<\/div>\r\n\t\n\n\r\n\t\t<div  class=\"block-3d76afc4-bf88-4e17-a720-12e42ebd97eb col areoi-element col-md-6\">\r\n\t\t\t\r\n\t\t\t\n\n<figure class=\"wp-block-embed is-type-video is-provider-youtube wp-block-embed-youtube wp-embed-aspect-16-9 wp-has-aspect-ratio\"><div class=\"wp-block-embed__wrapper\">\n<iframe loading=\"lazy\" title=\"La leyenda de la NBA Dwyane Wade habla sobre &#039;El barbero de Little Rock&#039;\" width=\"640\" height=\"360\" src=\"https:\/\/www.youtube.com\/embed\/hZ-tcsKaTgc?feature=oembed\" frameborder=\"0\" allow=\"accelerometer; autoplay; clipboard-write; encrypted-media; gyroscope; picture-in-picture; web-share\" referrerpolicy=\"strict-origin-when-cross-origin\" allowfullscreen><\/iframe>\n<\/div><\/figure>\n\n \r\n\t\t\t\r\n\t\t<\/div>\r\n\t\n \r\n\t\t<\/div>\r\n\t\n\n\r\n\t\t<div  class=\"block-1139fa59-3150-4728-9400-f10ea2ce8b20 row areoi-element row-block\">\r\n\t\t\t\r\n\r\n\t\t\t\n\r\n\t\t<div  class=\"block-f89cdd8b-7f0d-4306-84d6-3b0878144a66 col areoi-element col-md-6\">\r\n\t\t\t\r\n\t\t\t\n<div class=\"wp-block-image\">\n<figure class=\"aligncenter size-full\"><img loading=\"lazy\" decoding=\"async\" width=\"521\" height=\"300\" src=\"https:\/\/trueaccesscapital.com\/wp-content\/uploads\/2025\/07\/Rectangle-2552.png\" alt=\"\" class=\"wp-image-2066\" srcset=\"http:\/\/trueaccesscapital.com\/wp-content\/uploads\/2025\/07\/Rectangle-2552.png 521w, http:\/\/trueaccesscapital.com\/wp-content\/uploads\/2025\/07\/Rectangle-2552-300x173.png 300w, http:\/\/trueaccesscapital.com\/wp-content\/uploads\/2025\/07\/Rectangle-2552-18x10.png 18w\" sizes=\"auto, (max-width: 521px) 100vw, 521px\" \/><\/figure>\n<\/div>\n \r\n\t\t\t\r\n\t\t<\/div>\r\n\t\n\n\r\n\t\t<div  class=\"block-45d16083-fe4b-4287-b58c-5b5f320e508c col areoi-element row-txt col-md-6\">\r\n\t\t\t\r\n\t\t\t\n\n<p>Acomp\u00e1\u00f1enos a una velada inolvidable en la Celebraci\u00f3n Anual de True Access Capital 2025, con la m\u00fasica suave y conmovedora del Cuarteto John G. Coley, deliciosa comida y un vibrante networking con emprendedores, l\u00edderes comunitarios y creadores de cambios. Es una noche para celebrar el progreso, conectar con el prop\u00f3sito y disfrutar de lo mejor de los negocios y la comunidad, todo en un mismo lugar.<\/p>\n\n \r\n\t\t\t\r\n\t\t<\/div>\r\n\t\n \r\n\t\t<\/div>\r\n\t\n \r\n\t\t<\/div>\r\n\t\n \r\n\t\t<\/div>\r\n\t\n\n\r\n\t\t<div  class=\"block-81054855-4f50-41a3-bbc9-d9aba61fa2fc areoi-strip areoi-element strip alignfull section-block section-address\">\r\n\t\t\t\r\n\t\t\t\n\r\n\t\t<div  class=\"block-7a91f8b1-f60e-4d93-8310-5875aeef12fe areoi-element container\">\r\n\t\t\t\r\n\t\t\t\n\r\n\t\t<div  class=\"block-bb5b9474-dd72-4b7c-b490-0899b456a3db row areoi-element\">\r\n\t\t\t\r\n\r\n\t\t\t\n\r\n\t\t<div  class=\"block-049cfdbb-4050-4e11-b2f4-726b2c165023 col areoi-element\">\r\n\t\t\t\r\n\t\t\t\n\n<h2 class=\"wp-block-heading has-text-align-center\">M\u00daSICA EN VIVO \u2022 BUENA COMIDA \u2022 REDES SOCIALES<\/h2>\n\n\n\n<h3 class=\"wp-block-heading has-text-align-center\">205 Executive Drive, Newark, DE 19702<br><strong>Centro de banquetes y conferencias ejecutivo<\/strong><br>Mi\u00e9rcoles 15 de octubre de 2025<br>6:00 \u2013 9:00 p.m.<\/h3>\n\n\n\r\n\t\t\t\t\r\n\t\t<a \r\n\t\t\t\r\n\t\t\tclass=\"block-0daf00ca-24f6-4e1c-ade6-3add9a1908c0 btn areoi-has-url position-relative btn-cta gradient-teal btn-primary\"\r\n\t href=\"https:\/\/wbc.trueaccesscapital.org\/workshop.aspx?ekey=1450069\" rel=\"noreferrer noopener\" target=\"_blank\" >\r\n\t\t\t\t\t\r\n\t\t\t\t\t\u00a1COMPRA TUS ENTRADAS YA! \r\n\t\t\t\t\t\r\n\t\t\t\t\t \r\n\t\t\t\t<\/a>\r\n\t\t\t\n \r\n\t\t\t\r\n\t\t<\/div>\r\n\t\n \r\n\t\t<\/div>\r\n\t\n\n\r\n\t\t<div  class=\"block-93a0f009-3506-4137-8482-2e172e57f4c7 row areoi-element row-email\">\r\n\t\t\t\r\n\r\n\t\t\t\n\r\n\t\t<div  class=\"block-36ba5a88-ab5b-4302-81d3-bfb4ee92a26b col areoi-element\">\r\n\t\t\t\r\n\t\t\t\n\n<p class=\"has-text-align-center\">Para oportunidades de patrocinio, comun\u00edquese con <a href=\"mailto:iprice@trueaccesscapital.org\">iprice@trueaccesscapital.org<\/a><\/p>\n\n \r\n\t\t\t\r\n\t\t<\/div>\r\n\t\n \r\n\t\t<\/div>\r\n\t\n \r\n\t\t<\/div>\r\n\t\n \r\n\t\t<\/div>\r\n\t\n\n\r\n\t\t<div  class=\"block-9231fef6-2a09-4f77-8629-25b0e43c1d90 areoi-strip areoi-element strip alignfull section-sponsors\">\r\n\t\t\t\r\n\t\t\t\n\r\n\t\t<div  class=\"block-3366a37e-8ba4-41ed-bb6b-cd9f3d29e281 areoi-element container\">\r\n\t\t\t\r\n\t\t\t\n\r\n\t\t<div  class=\"block-cf6692da-ce07-4103-a085-6161aad0128d row areoi-element row-sponsor\">\r\n\t\t\t\r\n\r\n\t\t\t\n\r\n\t\t<div  class=\"block-1bcb3284-8502-4396-80a6-dea3d35a2aea col areoi-element\">\r\n\t\t\t\r\n\t\t\t\n\n<h2 class=\"wp-block-heading has-text-align-center\">Patrocinadores<\/h2>\n\n\n\n<h3 class=\"wp-block-heading has-text-align-center\">Patrocinador presentador<\/h3>\n\n \r\n\t\t\t\r\n\t\t<\/div>\r\n\t\n \r\n\t\t<\/div>\r\n\t\n\n\r\n\t\t<div  class=\"block-509918fe-d43f-41ed-8c2b-4f3eca83072a row areoi-element\">\r\n\t\t\t\r\n\r\n\t\t\t\n\r\n\t\t<div  class=\"block-47d7e851-b10f-46c2-b17d-80ef1b65bcd8 col areoi-element\">\r\n\t\t\t\r\n\t\t\t\n\n<h3 class=\"wp-block-heading has-text-align-center\">Patrocinadores Platino<\/h3>\n\n \r\n\t\t\t\r\n\t\t<\/div>\r\n\t\n \r\n\t\t<\/div>\r\n\t\n\n\r\n\t\t<div  class=\"block-b62eef0b-0c26-409d-b511-7cb8a120f99f row areoi-element row-sponsor\">\r\n\t\t\t\r\n\r\n\t\t\t\n\r\n\t\t<div  class=\"block-1303b6de-bce5-41ee-8d34-274b2f80169a col areoi-element col-md-6\">\r\n\t\t\t\r\n\t\t\t\n\n<div style=\"height:30px\" aria-hidden=\"true\" class=\"wp-block-spacer\"><\/div>\n\n\n<div class=\"wp-block-image\">\n<figure class=\"aligncenter size-full is-resized\"><img loading=\"lazy\" decoding=\"async\" width=\"1000\" height=\"142\" src=\"http:\/\/trueaccesscapital.com\/wp-content\/uploads\/2025\/07\/JPMC_Logo_Standard_Black_RGB.png\" alt=\"\" class=\"wp-image-2104\" style=\"width:479px;height:auto\" srcset=\"http:\/\/trueaccesscapital.com\/wp-content\/uploads\/2025\/07\/JPMC_Logo_Standard_Black_RGB.png 1000w, http:\/\/trueaccesscapital.com\/wp-content\/uploads\/2025\/07\/JPMC_Logo_Standard_Black_RGB-300x43.png 300w, http:\/\/trueaccesscapital.com\/wp-content\/uploads\/2025\/07\/JPMC_Logo_Standard_Black_RGB-768x109.png 768w, http:\/\/trueaccesscapital.com\/wp-content\/uploads\/2025\/07\/JPMC_Logo_Standard_Black_RGB-18x3.png 18w\" sizes=\"auto, (max-width: 1000px) 100vw, 1000px\" \/><\/figure>\n<\/div>\n \r\n\t\t\t\r\n\t\t<\/div>\r\n\t\n\n\r\n\t\t<div  class=\"block-1303b6de-bce5-41ee-8d34-274b2f80169a col areoi-element col-md-6\">\r\n\t\t\t\r\n\t\t\t\n<div class=\"wp-block-image\">\n<figure class=\"aligncenter size-full is-resized\"><img loading=\"lazy\" decoding=\"async\" width=\"2000\" height=\"718\" src=\"https:\/\/trueaccesscapital.com\/wp-content\/uploads\/2025\/09\/C1-Logo-.png\" alt=\"\" class=\"wp-image-2162\" style=\"width:374px;height:auto\" srcset=\"http:\/\/trueaccesscapital.com\/wp-content\/uploads\/2025\/09\/C1-Logo-.png 2000w, http:\/\/trueaccesscapital.com\/wp-content\/uploads\/2025\/09\/C1-Logo--300x108.png 300w, http:\/\/trueaccesscapital.com\/wp-content\/uploads\/2025\/09\/C1-Logo--1024x368.png 1024w, http:\/\/trueaccesscapital.com\/wp-content\/uploads\/2025\/09\/C1-Logo--768x276.png 768w, http:\/\/trueaccesscapital.com\/wp-content\/uploads\/2025\/09\/C1-Logo--1536x551.png 1536w, http:\/\/trueaccesscapital.com\/wp-content\/uploads\/2025\/09\/C1-Logo--18x6.png 18w\" sizes=\"auto, (max-width: 2000px) 100vw, 2000px\" \/><\/figure>\n<\/div>\n \r\n\t\t\t\r\n\t\t<\/div>\r\n\t\n\n\r\n\t\t<div  class=\"block-5d7a43df-2bbc-4bd9-beab-5eec4621ec39 col areoi-element col-md-6\">\r\n\t\t\t\r\n\t\t\t \r\n\t\t\t\r\n\t\t<\/div>\r\n\t\n \r\n\t\t<\/div>\r\n\t\n\n\r\n\t\t<div  class=\"block-509918fe-d43f-41ed-8c2b-4f3eca83072a row areoi-element\">\r\n\t\t\t\r\n\r\n\t\t\t\n\r\n\t\t<div  class=\"block-47d7e851-b10f-46c2-b17d-80ef1b65bcd8 col areoi-element\">\r\n\t\t\t\r\n\t\t\t\n\n<h3 class=\"wp-block-heading has-text-align-center\">Patrocinadores de oro<\/h3>\n\n \r\n\t\t\t\r\n\t\t<\/div>\r\n\t\n \r\n\t\t<\/div>\r\n\t\n\n\r\n\t\t<div  class=\"block-b62eef0b-0c26-409d-b511-7cb8a120f99f row areoi-element row-sponsor\">\r\n\t\t\t\r\n\r\n\t\t\t\n\r\n\t\t<div  class=\"block-1303b6de-bce5-41ee-8d34-274b2f80169a col areoi-element col-md-6\">\r\n\t\t\t\r\n\t\t\t\n<div class=\"wp-block-image\">\n<figure class=\"aligncenter size-large is-resized\"><img loading=\"lazy\" decoding=\"async\" width=\"1024\" height=\"338\" src=\"http:\/\/trueaccesscapital.com\/wp-content\/uploads\/2025\/08\/large-WSFS-logo-1024x338.png\" alt=\"\" class=\"wp-image-2122\" style=\"width:355px;height:auto\" srcset=\"http:\/\/trueaccesscapital.com\/wp-content\/uploads\/2025\/08\/large-WSFS-logo-1024x338.png 1024w, http:\/\/trueaccesscapital.com\/wp-content\/uploads\/2025\/08\/large-WSFS-logo-300x99.png 300w, http:\/\/trueaccesscapital.com\/wp-content\/uploads\/2025\/08\/large-WSFS-logo-768x254.png 768w, http:\/\/trueaccesscapital.com\/wp-content\/uploads\/2025\/08\/large-WSFS-logo-18x6.png 18w, http:\/\/trueaccesscapital.com\/wp-content\/uploads\/2025\/08\/large-WSFS-logo.png 1280w\" sizes=\"auto, (max-width: 1024px) 100vw, 1024px\" \/><\/figure>\n<\/div>\n \r\n\t\t\t\r\n\t\t<\/div>\r\n\t\n\n\r\n\t\t<div  class=\"block-55598d9c-0478-423b-8fe2-99c2584347d4 col areoi-element col-md-6\">\r\n\t\t\t\r\n\t\t\t\n<div class=\"wp-block-image\">\n<figure class=\"aligncenter size-full is-resized\"><img loading=\"lazy\" decoding=\"async\" width=\"2560\" height=\"435\" src=\"http:\/\/trueaccesscapital.com\/wp-content\/uploads\/2025\/10\/Barclays_Logo_RGB_Cyan-scaled.png\" alt=\"\" class=\"wp-image-2180\" style=\"width:415px;height:auto\" srcset=\"http:\/\/trueaccesscapital.com\/wp-content\/uploads\/2025\/10\/Barclays_Logo_RGB_Cyan-scaled.png 2560w, http:\/\/trueaccesscapital.com\/wp-content\/uploads\/2025\/10\/Barclays_Logo_RGB_Cyan-300x51.png 300w, http:\/\/trueaccesscapital.com\/wp-content\/uploads\/2025\/10\/Barclays_Logo_RGB_Cyan-1024x174.png 1024w, http:\/\/trueaccesscapital.com\/wp-content\/uploads\/2025\/10\/Barclays_Logo_RGB_Cyan-768x130.png 768w, http:\/\/trueaccesscapital.com\/wp-content\/uploads\/2025\/10\/Barclays_Logo_RGB_Cyan-1536x261.png 1536w, http:\/\/trueaccesscapital.com\/wp-content\/uploads\/2025\/10\/Barclays_Logo_RGB_Cyan-2048x348.png 2048w, http:\/\/trueaccesscapital.com\/wp-content\/uploads\/2025\/10\/Barclays_Logo_RGB_Cyan-18x3.png 18w\" sizes=\"auto, (max-width: 2560px) 100vw, 2560px\" \/><\/figure>\n<\/div>\n \r\n\t\t\t\r\n\t\t<\/div>\r\n\t\n \r\n\t\t<\/div>\r\n\t\n\n\r\n\t\t<div  class=\"block-509918fe-d43f-41ed-8c2b-4f3eca83072a row areoi-element\">\r\n\t\t\t\r\n\r\n\t\t\t\n\r\n\t\t<div  class=\"block-47d7e851-b10f-46c2-b17d-80ef1b65bcd8 col areoi-element\">\r\n\t\t\t\r\n\t\t\t\n\n<h3 class=\"wp-block-heading has-text-align-center\">Patrocinadores Plata<\/h3>\n\n \r\n\t\t\t\r\n\t\t<\/div>\r\n\t\n \r\n\t\t<\/div>\r\n\t\n\n\r\n\t\t<div  class=\"block-b62eef0b-0c26-409d-b511-7cb8a120f99f row areoi-element row-sponsor\">\r\n\t\t\t\r\n\r\n\t\t\t\n\r\n\t\t<div  class=\"block-1303b6de-bce5-41ee-8d34-274b2f80169a col areoi-element col-md-4\">\r\n\t\t\t\r\n\t\t\t\n<div class=\"wp-block-image\">\n<figure class=\"aligncenter size-full is-resized\"><img loading=\"lazy\" decoding=\"async\" width=\"490\" height=\"100\" src=\"http:\/\/trueaccesscapital.com\/wp-content\/uploads\/2025\/07\/LeroyTice.png\" alt=\"\" class=\"wp-image-2106\" style=\"width:368px;height:auto\" srcset=\"http:\/\/trueaccesscapital.com\/wp-content\/uploads\/2025\/07\/LeroyTice.png 490w, http:\/\/trueaccesscapital.com\/wp-content\/uploads\/2025\/07\/LeroyTice-300x61.png 300w, http:\/\/trueaccesscapital.com\/wp-content\/uploads\/2025\/07\/LeroyTice-18x4.png 18w\" sizes=\"auto, (max-width: 490px) 100vw, 490px\" \/><\/figure>\n<\/div>\n \r\n\t\t\t\r\n\t\t<\/div>\r\n\t\n\n\r\n\t\t<div  class=\"block-2eb0ca94-ee12-4292-9a34-0d065060d7b1 col areoi-element col-md-4\">\r\n\t\t\t\r\n\t\t\t\n<div class=\"wp-block-image\">\n<figure class=\"aligncenter size-full is-resized\"><img loading=\"lazy\" decoding=\"async\" width=\"450\" height=\"73\" src=\"http:\/\/trueaccesscapital.com\/wp-content\/uploads\/2025\/07\/image.png\" alt=\"\" class=\"wp-image-2103\" style=\"width:351px;height:auto\" srcset=\"http:\/\/trueaccesscapital.com\/wp-content\/uploads\/2025\/07\/image.png 450w, http:\/\/trueaccesscapital.com\/wp-content\/uploads\/2025\/07\/image-300x49.png 300w, http:\/\/trueaccesscapital.com\/wp-content\/uploads\/2025\/07\/image-18x3.png 18w\" sizes=\"auto, (max-width: 450px) 100vw, 450px\" \/><\/figure>\n<\/div>\n \r\n\t\t\t\r\n\t\t<\/div>\r\n\t\n\n\r\n\t\t<div  class=\"block-c8aa2894-91cb-4237-a679-30d3f06efc4b col areoi-element col-md-4\">\r\n\t\t\t\r\n\t\t\t\n<div class=\"wp-block-image\">\n<figure class=\"aligncenter size-large is-resized\"><img loading=\"lazy\" decoding=\"async\" width=\"1024\" height=\"159\" src=\"https:\/\/trueaccesscapital.com\/wp-content\/uploads\/2025\/10\/PNC-Bank_OrangeGray-1024x159.png\" alt=\"\" class=\"wp-image-2169\" style=\"width:319px;height:auto\" srcset=\"http:\/\/trueaccesscapital.com\/wp-content\/uploads\/2025\/10\/PNC-Bank_OrangeGray-1024x159.png 1024w, http:\/\/trueaccesscapital.com\/wp-content\/uploads\/2025\/10\/PNC-Bank_OrangeGray-300x47.png 300w, http:\/\/trueaccesscapital.com\/wp-content\/uploads\/2025\/10\/PNC-Bank_OrangeGray-768x120.png 768w, http:\/\/trueaccesscapital.com\/wp-content\/uploads\/2025\/10\/PNC-Bank_OrangeGray-1536x239.png 1536w, http:\/\/trueaccesscapital.com\/wp-content\/uploads\/2025\/10\/PNC-Bank_OrangeGray-18x3.png 18w, http:\/\/trueaccesscapital.com\/wp-content\/uploads\/2025\/10\/PNC-Bank_OrangeGray.png 1850w\" sizes=\"auto, (max-width: 1024px) 100vw, 1024px\" \/><\/figure>\n<\/div>\n \r\n\t\t\t\r\n\t\t<\/div>\r\n\t\n\n\r\n\t\t<div  class=\"block-4f8dee6e-3d8c-4248-a8f0-99a92dfc07fc col areoi-element col-md-6\">\r\n\t\t\t\r\n\t\t\t\n\n<div style=\"height:30px\" aria-hidden=\"true\" class=\"wp-block-spacer\"><\/div>\n\n\n<div class=\"wp-block-image\">\n<figure class=\"aligncenter size-full is-resized\"><img loading=\"lazy\" decoding=\"async\" width=\"791\" height=\"133\" src=\"http:\/\/trueaccesscapital.com\/wp-content\/uploads\/2025\/08\/Discover_Master_Logo.png\" alt=\"\" class=\"wp-image-2148\" style=\"width:259px;height:auto\" srcset=\"http:\/\/trueaccesscapital.com\/wp-content\/uploads\/2025\/08\/Discover_Master_Logo.png 791w, http:\/\/trueaccesscapital.com\/wp-content\/uploads\/2025\/08\/Discover_Master_Logo-300x50.png 300w, http:\/\/trueaccesscapital.com\/wp-content\/uploads\/2025\/08\/Discover_Master_Logo-768x129.png 768w, http:\/\/trueaccesscapital.com\/wp-content\/uploads\/2025\/08\/Discover_Master_Logo-18x3.png 18w\" sizes=\"auto, (max-width: 791px) 100vw, 791px\" \/><\/figure>\n<\/div>\n \r\n\t\t\t\r\n\t\t<\/div>\r\n\t\n\n\r\n\t\t<div  class=\"block-4f8dee6e-3d8c-4248-a8f0-99a92dfc07fc col areoi-element col-md-6\">\r\n\t\t\t\r\n\t\t\t\n\n<div style=\"height:30px\" aria-hidden=\"true\" class=\"wp-block-spacer\"><\/div>\n\n\n<div class=\"wp-block-image\">\n<figure class=\"aligncenter size-full is-resized\"><img loading=\"lazy\" decoding=\"async\" width=\"512\" height=\"144\" src=\"http:\/\/trueaccesscapital.com\/wp-content\/uploads\/2025\/10\/M_T-Bank_UWI_341_RGB_digital-1.jpg\" alt=\"\" class=\"wp-image-2175\" style=\"width:259px;height:auto\" srcset=\"http:\/\/trueaccesscapital.com\/wp-content\/uploads\/2025\/10\/M_T-Bank_UWI_341_RGB_digital-1.jpg 512w, http:\/\/trueaccesscapital.com\/wp-content\/uploads\/2025\/10\/M_T-Bank_UWI_341_RGB_digital-1-300x84.jpg 300w, http:\/\/trueaccesscapital.com\/wp-content\/uploads\/2025\/10\/M_T-Bank_UWI_341_RGB_digital-1-18x5.jpg 18w\" sizes=\"auto, (max-width: 512px) 100vw, 512px\" \/><\/figure>\n<\/div>\n \r\n\t\t\t\r\n\t\t<\/div>\r\n\t\n \r\n\t\t<\/div>\r\n\t\n\n\r\n\t\t<div  class=\"block-509918fe-d43f-41ed-8c2b-4f3eca83072a row areoi-element\">\r\n\t\t\t\r\n\r\n\t\t\t\n\r\n\t\t<div  class=\"block-47d7e851-b10f-46c2-b17d-80ef1b65bcd8 col areoi-element\">\r\n\t\t\t\r\n\t\t\t\n\n<h3 class=\"wp-block-heading has-text-align-center\">Patrocinadores de bronce<\/h3>\n\n \r\n\t\t\t\r\n\t\t<\/div>\r\n\t\n \r\n\t\t<\/div>\r\n\t\n\n\r\n\t\t<div  class=\"block-b62eef0b-0c26-409d-b511-7cb8a120f99f row areoi-element row-sponsor\">\r\n\t\t\t\r\n\r\n\t\t\t\n\r\n\t\t<div  class=\"block-1303b6de-bce5-41ee-8d34-274b2f80169a col areoi-element col-md-4\">\r\n\t\t\t\r\n\t\t\t\n<div class=\"wp-block-image\">\n<figure class=\"aligncenter size-full is-resized\"><img loading=\"lazy\" decoding=\"async\" width=\"455\" height=\"152\" src=\"http:\/\/trueaccesscapital.com\/wp-content\/uploads\/2025\/07\/shoestringlogo.png\" alt=\"\" class=\"wp-image-2107\" style=\"width:308px;height:auto\" srcset=\"http:\/\/trueaccesscapital.com\/wp-content\/uploads\/2025\/07\/shoestringlogo.png 455w, http:\/\/trueaccesscapital.com\/wp-content\/uploads\/2025\/07\/shoestringlogo-300x100.png 300w, http:\/\/trueaccesscapital.com\/wp-content\/uploads\/2025\/07\/shoestringlogo-18x6.png 18w\" sizes=\"auto, (max-width: 455px) 100vw, 455px\" \/><\/figure>\n<\/div>\n \r\n\t\t\t\r\n\t\t<\/div>\r\n\t\n\n\r\n\t\t<div  class=\"block-2eb0ca94-ee12-4292-9a34-0d065060d7b1 col areoi-element col-md-4\">\r\n\t\t\t\r\n\t\t\t\n<div class=\"wp-block-image\">\n<figure class=\"aligncenter size-full is-resized\"><img loading=\"lazy\" decoding=\"async\" width=\"871\" height=\"179\" src=\"http:\/\/trueaccesscapital.com\/wp-content\/uploads\/2025\/07\/tdb-bank.png\" alt=\"\" class=\"wp-image-2105\" style=\"width:331px;height:auto\" srcset=\"http:\/\/trueaccesscapital.com\/wp-content\/uploads\/2025\/07\/tdb-bank.png 871w, http:\/\/trueaccesscapital.com\/wp-content\/uploads\/2025\/07\/tdb-bank-300x62.png 300w, http:\/\/trueaccesscapital.com\/wp-content\/uploads\/2025\/07\/tdb-bank-768x158.png 768w, http:\/\/trueaccesscapital.com\/wp-content\/uploads\/2025\/07\/tdb-bank-18x4.png 18w\" sizes=\"auto, (max-width: 871px) 100vw, 871px\" \/><\/figure>\n<\/div>\n \r\n\t\t\t\r\n\t\t<\/div>\r\n\t\n\n\r\n\t\t<div  class=\"block-37307e45-f6ba-4a5c-89e0-cbde147d807b col areoi-element col-md-4\">\r\n\t\t\t\r\n\t\t\t\n<div class=\"wp-block-image\">\n<figure class=\"aligncenter size-full is-resized\"><img loading=\"lazy\" decoding=\"async\" width=\"288\" height=\"212\" src=\"https:\/\/trueaccesscapital.com\/wp-content\/uploads\/2025\/10\/BeReadyCommunitiesInc-logo.webp\" alt=\"\" class=\"wp-image-2187\" style=\"width:208px;height:auto\" srcset=\"http:\/\/trueaccesscapital.com\/wp-content\/uploads\/2025\/10\/BeReadyCommunitiesInc-logo.webp 288w, http:\/\/trueaccesscapital.com\/wp-content\/uploads\/2025\/10\/BeReadyCommunitiesInc-logo-16x12.webp 16w\" sizes=\"auto, (max-width: 288px) 100vw, 288px\" \/><\/figure>\n<\/div>\n \r\n\t\t\t\r\n\t\t<\/div>\r\n\t\n\n\r\n\t\t<div  class=\"block-37307e45-f6ba-4a5c-89e0-cbde147d807b col areoi-element col-md-4\">\r\n\t\t\t\r\n\t\t\t\n<div class=\"wp-block-image\">\n<figure class=\"aligncenter size-full is-resized\"><img loading=\"lazy\" decoding=\"async\" width=\"400\" height=\"400\" src=\"https:\/\/trueaccesscapital.com\/wp-content\/uploads\/2025\/10\/CityWIlmington-logo_Office.png\" alt=\"\" class=\"wp-image-2178\" style=\"width:148px;height:auto\" srcset=\"http:\/\/trueaccesscapital.com\/wp-content\/uploads\/2025\/10\/CityWIlmington-logo_Office.png 400w, http:\/\/trueaccesscapital.com\/wp-content\/uploads\/2025\/10\/CityWIlmington-logo_Office-300x300.png 300w, http:\/\/trueaccesscapital.com\/wp-content\/uploads\/2025\/10\/CityWIlmington-logo_Office-150x150.png 150w, http:\/\/trueaccesscapital.com\/wp-content\/uploads\/2025\/10\/CityWIlmington-logo_Office-12x12.png 12w\" sizes=\"auto, (max-width: 400px) 100vw, 400px\" \/><\/figure>\n<\/div>\n \r\n\t\t\t\r\n\t\t<\/div>\r\n\t\n \r\n\t\t<\/div>\r\n\t\n\n\r\n\t\t<div  class=\"block-509918fe-d43f-41ed-8c2b-4f3eca83072a row areoi-element\">\r\n\t\t\t\r\n\r\n\t\t\t\n\r\n\t\t<div  class=\"block-47d7e851-b10f-46c2-b17d-80ef1b65bcd8 col areoi-element\">\r\n\t\t\t\r\n\t\t\t\n\n<h3 class=\"wp-block-heading has-text-align-center\">Cocktail Hour Sponsored by&nbsp;<em>Barnes &amp; Thornburg LLP<\/em><\/h3>\n\n \r\n\t\t\t\r\n\t\t<\/div>\r\n\t\n \r\n\t\t<\/div>\r\n\t\n\n\r\n\t\t<div  class=\"block-b62eef0b-0c26-409d-b511-7cb8a120f99f row areoi-element row-sponsor\">\r\n\t\t\t\r\n\r\n\t\t\t\n\r\n\t\t<div  class=\"block-1303b6de-bce5-41ee-8d34-274b2f80169a col areoi-element col-md-12\">\r\n\t\t\t\r\n\t\t\t\n<div class=\"wp-block-image\">\n<figure class=\"aligncenter size-full is-resized\"><img loading=\"lazy\" decoding=\"async\" width=\"1875\" height=\"834\" src=\"https:\/\/trueaccesscapital.com\/wp-content\/uploads\/2025\/10\/BT24008-Logo_RGB_FINAL.png\" alt=\"\" class=\"wp-image-2172\" style=\"width:308px;height:auto\" srcset=\"http:\/\/trueaccesscapital.com\/wp-content\/uploads\/2025\/10\/BT24008-Logo_RGB_FINAL.png 1875w, http:\/\/trueaccesscapital.com\/wp-content\/uploads\/2025\/10\/BT24008-Logo_RGB_FINAL-300x133.png 300w, http:\/\/trueaccesscapital.com\/wp-content\/uploads\/2025\/10\/BT24008-Logo_RGB_FINAL-1024x455.png 1024w, http:\/\/trueaccesscapital.com\/wp-content\/uploads\/2025\/10\/BT24008-Logo_RGB_FINAL-768x342.png 768w, http:\/\/trueaccesscapital.com\/wp-content\/uploads\/2025\/10\/BT24008-Logo_RGB_FINAL-1536x683.png 1536w, http:\/\/trueaccesscapital.com\/wp-content\/uploads\/2025\/10\/BT24008-Logo_RGB_FINAL-18x8.png 18w\" sizes=\"auto, (max-width: 1875px) 100vw, 1875px\" \/><\/figure>\n<\/div>\n \r\n\t\t\t\r\n\t\t<\/div>\r\n\t\n \r\n\t\t<\/div>\r\n\t\n \r\n\t\t<\/div>\r\n\t\n \r\n\t\t<\/div>","protected":false},"excerpt":{"rendered":"<p> [&#8230;]<\/p>\n<p><a class=\"btn btn-secondary understrap-read-more-link\" href=\"http:\/\/trueaccesscapital.com\/es\/2025-celebration\/\">Read More&#8230;<span class=\"screen-reader-text\"> from 2025 Celebration<\/span><\/a><\/p>\n","protected":false},"author":1,"featured_media":0,"parent":0,"menu_order":0,"comment_status":"closed","ping_status":"closed","template":"page-templates\/tacBasic.php","meta":{"_acf_changed":false,"footnotes":""},"class_list":["post-2001","page","type-page","status-publish","hentry"],"acf":[],"_links":{"self":[{"href":"http:\/\/trueaccesscapital.com\/es\/wp-json\/wp\/v2\/pages\/2001","targetHints":{"allow":["GET"]}}],"collection":[{"href":"http:\/\/trueaccesscapital.com\/es\/wp-json\/wp\/v2\/pages"}],"about":[{"href":"http:\/\/trueaccesscapital.com\/es\/wp-json\/wp\/v2\/types\/page"}],"author":[{"embeddable":true,"href":"http:\/\/trueaccesscapital.com\/es\/wp-json\/wp\/v2\/users\/1"}],"replies":[{"embeddable":true,"href":"http:\/\/trueaccesscapital.com\/es\/wp-json\/wp\/v2\/comments?post=2001"}],"version-history":[{"count":5,"href":"http:\/\/trueaccesscapital.com\/es\/wp-json\/wp\/v2\/pages\/2001\/revisions"}],"predecessor-version":[{"id":2188,"href":"http:\/\/trueaccesscapital.com\/es\/wp-json\/wp\/v2\/pages\/2001\/revisions\/2188"}],"wp:attachment":[{"href":"http:\/\/trueaccesscapital.com\/es\/wp-json\/wp\/v2\/media?parent=2001"}],"curies":[{"name":"wp","href":"https:\/\/api.w.org\/{rel}","templated":true}]}}