{"id":953,"date":"2024-08-20T19:35:12","date_gmt":"2024-08-20T19:35:12","guid":{"rendered":"https:\/\/trueaccesscapital.com\/?page_id=953"},"modified":"2025-06-12T18:05:26","modified_gmt":"2025-06-12T18:05:26","slug":"loan-products","status":"publish","type":"page","link":"http:\/\/trueaccesscapital.com\/es\/loan-products\/","title":{"rendered":"Los Productos De Pr\u00e9stamo"},"content":{"rendered":"<div  class=\"block-198eb202-0b79-43b0-8af8-000c5912debf areoi-strip areoi-element strip alignfull section-block section-intro\">\r\n\t\t\t\r\n\t\t\t\n\r\n\t\t<div  class=\"block-653685d3-6fe8-4da6-80b3-f65ba175a9ee areoi-element container\">\r\n\t\t\t\r\n\t\t\t\n\r\n\t\t<div  class=\"block-42291673-5f9c-447f-aced-a6f4f5b96480 row areoi-element\">\r\n\t\t\t\r\n\r\n\t\t\t\n\r\n\t\t<div  class=\"block-675af3e3-dafa-4a63-a8ff-1b85ab06eb0b col areoi-element\">\r\n\t\t\t\r\n\t\t\t\n\n<h2 class=\"wp-block-heading\">Trabajaremos con usted para dise\u00f1ar un pr\u00e9stamo que se ajuste a sus necesidades.<\/h2>\n\n\n\n<p>Ya sea que est\u00e9 comenzando o buscando expandirse, TAC trabaja con usted para dise\u00f1ar un pr\u00e9stamo a la medida de sus necesidades. Desde microcr\u00e9ditos para quienes empiezan con poco, hasta pr\u00e9stamos para el crecimiento empresarial para quienes est\u00e1n listos para dar el siguiente paso, pr\u00e9stamos inmobiliarios comerciales para quienes buscan un espacio propio y pr\u00e9stamos 504 de la Administraci\u00f3n de Peque\u00f1as Empresas (SBA) para impulsar el crecimiento a largo plazo, lo tenemos cubierto.<\/p>\n\n\n\n<p>TAC ofrece pr\u00e9stamos para peque\u00f1as empresas desde $10,000 hasta $800,000. Entendemos la dificultad para obtener financiamiento de prestamistas tradicionales, como bancos y cooperativas de cr\u00e9dito. Por eso, TAC estructura sus pr\u00e9stamos de forma diferente.<\/p>\n\n \r\n\t\t\t\r\n\t\t<\/div>\r\n\t\n \r\n\t\t<\/div>\r\n\t\n \r\n\t\t<\/div>\r\n\t\n \r\n\t\t<\/div>\r\n\t\n\n\r\n\t\t<div  class=\"block-28a0bb4f-1271-463e-9f10-1302892c7ded areoi-strip areoi-element strip alignfull section-block section-apply-loans\">\r\n\t\t\t\r\n\t\t\t\n\r\n\t\t<div  class=\"block-bccb8795-9a01-4745-8985-d1cdd29e5b31 areoi-element container section-apply-loans-inner gradient-teal\">\r\n\t\t\t\r\n\t\t\t\n\r\n\t\t<div  class=\"block-4427850c-c627-4e60-bde9-991255b087fb row areoi-element\">\r\n\t\t\t\r\n\r\n\t\t\t\n\r\n\t\t<div  class=\"block-d5292d9f-e103-4dc5-a200-d2b918728bb5 col areoi-element\">\r\n\t\t\t\r\n\t\t\t\n\n<h2 class=\"section-hdr white\">Solicitar un pr\u00e9stamo. <span>Comience aqu\u00ed.<\/span><\/h2>\n\n \r\n\t\t\t\r\n\t\t<\/div>\r\n\t\n \r\n\t\t<\/div>\r\n\t\n\n\r\n\t\t<div  class=\"block-aa5487d5-eea8-4d04-ac45-e0a09fbf900d row areoi-element\">\r\n\t\t\t\r\n\r\n\t\t\t\n\r\n\t\t<div  class=\"block-e5f7aaca-e51f-4122-a399-7b893ee504b8 col areoi-element apply-loan-logo col-12 col-md-6\">\r\n\t\t\t\r\n\t\t\t\n<div class=\"wp-block-image\">\n<figure class=\"aligncenter size-full\"><img loading=\"lazy\" decoding=\"async\" width=\"197\" height=\"226\" src=\"https:\/\/trueaccesscapital.com\/wp-content\/uploads\/2025\/02\/TrueAccess-logomark-color-WhiteStroke.png\" alt=\"\" class=\"wp-image-1147\"\/><\/figure>\n<\/div>\n \r\n\t\t\t\r\n\t\t<\/div>\r\n\t\n\n\r\n\t\t<div  class=\"block-f8869c1b-6fa3-4d0d-a869-4a6ee03272a5 col areoi-element apply-loan-content col-12 col-md-6\">\r\n\t\t\t\r\n\t\t\t\n\n<div class=\"wp-block-group cta-box\"><div class=\"wp-block-group__inner-container is-layout-constrained wp-block-group-is-layout-constrained\">\r\n\t\t\t\t\r\n\t\t<a \r\n\t\t\t\r\n\t\t\tclass=\"block-cebfe18f-e0bc-41fe-8573-2a609e5f6e7b btn areoi-has-url position-relative btn-cta gradient-teal btn-primary\"\r\n\t >\r\n\t\t\t\t\t\r\n\t\t\t\t\tInicio Proceso De Pr\u00e9stamo \r\n\t\t\t\t\t\r\n\t\t\t\t\t \r\n\t\t\t\t<\/a>\r\n\t\t\t\n\n\n<p><em>Si no est\u00e1 seguro de qu\u00e9 documentos necesita, True Access Capital lo ayudar\u00e1, llame al 302-652-6774<\/em><\/p>\n<\/div><\/div>\n\n \r\n\t\t\t\r\n\t\t<\/div>\r\n\t\n \r\n\t\t<\/div>\r\n\t\n \r\n\t\t<\/div>\r\n\t\n \r\n\t\t<\/div>\r\n\t\n\n\r\n\t\t<div  class=\"block-caf7cd4d-c8bd-43f2-ac59-b86d63d0f9ac areoi-strip areoi-element strip alignfull section-block no-top-pad\">\r\n\t\t\t\r\n\t\t\t\n\r\n\t\t<div  class=\"block-a78d058c-d869-4190-85a0-fbc052593f77 areoi-element container\">\r\n\t\t\t\r\n\t\t\t\n\r\n\t\t<div  class=\"block-cadd2d22-9566-4b86-b30a-5c5dd0c834e0 row areoi-element\">\r\n\t\t\t\r\n\r\n\t\t\t\n\r\n\t\t<div  class=\"block-56873dd6-80f3-4d7e-9e0a-0a41d3ade892 col areoi-element\">\r\n\t\t\t\r\n\t\t\t\n\n<h2 class=\"section-hdr section-hdr-borders\">Todo tipo de pr\u00e9stamos. <span>Todo tipo de negocios.<\/span><\/h2>\n\n \r\n\t\t\t\r\n\t\t<\/div>\r\n\t\n \r\n\t\t<\/div>\r\n\t\n \r\n\t\t<\/div>\r\n\t\n \r\n\t\t<\/div>\r\n\t\n\n\r\n\t\t<div  class=\"block-6011046e-2c6d-489e-9a17-7e9f1e463397 areoi-strip areoi-element strip alignfull section-highlight section-highlight-left gradient-teal\">\r\n\t\t\t\r\n\t\t\t\n\r\n\t\t<div  class=\"block-5bdd4309-2a06-4de3-a8ca-fee50f0c384e areoi-element container\">\r\n\t\t\t\r\n\t\t\t\n\r\n\t\t<div  class=\"block-31959450-26f5-4c6e-9537-2081b4627f96 row areoi-element\">\r\n\t\t\t\r\n\r\n\t\t\t\n\r\n\t\t<div  class=\"block-d724749d-7d0f-44b3-b3df-05ce96258db8 col areoi-element high-copy col-12 col-md-6\">\r\n\t\t\t\r\n\t\t\t\n\n<h2 class=\"wp-block-heading\">Microcr\u00e9ditos<\/h2>\n\n\n\n<h3 class=\"wp-block-heading\">($50,000)<\/h3>\n\n\n\n<p>Financia gastos comerciales como capital de trabajo, inventario y equipo.<\/p>\n\n \r\n\t\t\t\r\n\t\t<\/div>\r\n\t\n\n\r\n\t\t<div  class=\"block-4ce957c9-7870-4377-8fb8-bfc074f57abe col areoi-element high-image col-12 col-md-6\">\r\n\t\t\t\r\n\t\t\t\n\n<figure class=\"wp-block-image size-full img-shadow\"><img loading=\"lazy\" decoding=\"async\" width=\"591\" height=\"470\" src=\"https:\/\/trueaccesscapital.com\/wp-content\/uploads\/2025\/04\/C71A3449_opt.webp\" alt=\"\" class=\"wp-image-1939\" srcset=\"http:\/\/trueaccesscapital.com\/wp-content\/uploads\/2025\/04\/C71A3449_opt.webp 591w, http:\/\/trueaccesscapital.com\/wp-content\/uploads\/2025\/04\/C71A3449_opt-300x239.webp 300w\" sizes=\"auto, (max-width: 591px) 100vw, 591px\" \/><\/figure>\n\n \r\n\t\t\t\r\n\t\t<\/div>\r\n\t\n \r\n\t\t<\/div>\r\n\t\n \r\n\t\t<\/div>\r\n\t\n \r\n\t\t<\/div>\r\n\t\n\n\r\n\t\t<div  class=\"block-9e041f0e-580f-46a6-990f-01cdc65a25d1 areoi-strip areoi-element strip alignfull section-highlight section-highlight-right gradient-teal\">\r\n\t\t\t\r\n\t\t\t\n\r\n\t\t<div  class=\"block-2d806600-6736-415e-9435-7a73b5af6dca areoi-element container\">\r\n\t\t\t\r\n\t\t\t\n\r\n\t\t<div  class=\"block-31959450-26f5-4c6e-9537-2081b4627f96 row areoi-element\">\r\n\t\t\t\r\n\r\n\t\t\t\n\r\n\t\t<div  class=\"block-4ce957c9-7870-4377-8fb8-bfc074f57abe col areoi-element high-image col-12 col-md-6\">\r\n\t\t\t\r\n\t\t\t\n\n<figure class=\"wp-block-image size-full\"><img loading=\"lazy\" decoding=\"async\" width=\"591\" height=\"470\" src=\"http:\/\/trueaccesscapital.com\/wp-content\/uploads\/2024\/08\/IMG03341.png\" alt=\"\" class=\"wp-image-995\" srcset=\"http:\/\/trueaccesscapital.com\/wp-content\/uploads\/2024\/08\/IMG03341.png 591w, http:\/\/trueaccesscapital.com\/wp-content\/uploads\/2024\/08\/IMG03341-300x239.png 300w\" sizes=\"auto, (max-width: 591px) 100vw, 591px\" \/><\/figure>\n\n \r\n\t\t\t\r\n\t\t<\/div>\r\n\t\n\n\r\n\t\t<div  class=\"block-d724749d-7d0f-44b3-b3df-05ce96258db8 col areoi-element high-copy col-12 col-md-6\">\r\n\t\t\t\r\n\t\t\t\n\n<h2 class=\"wp-block-heading\">Pr\u00e9stamos para el crecimiento empresarial<\/h2>\n\n\n\n<h3 class=\"wp-block-heading\">($50,000 &#8211; $800,000)<\/h3>\n\n\n\n<p>Financia gastos comerciales tales como capital de trabajo, inventario, equipos y mejoras de capital o arrendamiento.<\/p>\n\n \r\n\t\t\t\r\n\t\t<\/div>\r\n\t\n \r\n\t\t<\/div>\r\n\t\n \r\n\t\t<\/div>\r\n\t\n \r\n\t\t<\/div>\r\n\t\n\n\r\n\t\t<div  class=\"block-6011046e-2c6d-489e-9a17-7e9f1e463397 areoi-strip areoi-element strip alignfull section-highlight section-highlight-left gradient-teal\">\r\n\t\t\t\r\n\t\t\t\n\r\n\t\t<div  class=\"block-5bdd4309-2a06-4de3-a8ca-fee50f0c384e areoi-element container\">\r\n\t\t\t\r\n\t\t\t\n\r\n\t\t<div  class=\"block-31959450-26f5-4c6e-9537-2081b4627f96 row areoi-element\">\r\n\t\t\t\r\n\r\n\t\t\t\n\r\n\t\t<div  class=\"block-d724749d-7d0f-44b3-b3df-05ce96258db8 col areoi-element high-copy col-12 col-md-6\">\r\n\t\t\t\r\n\t\t\t\n\n<h2 class=\"wp-block-heading\">Pr\u00e9stamos inmobiliarios comerciales<\/h2>\n\n\n\n<h3 class=\"wp-block-heading\">($50,000 &#8211; $800,000)<\/h3>\n\n\n\n<p>Para propietarios de empresas que compran propiedades comerciales o de uso mixto.<\/p>\n\n \r\n\t\t\t\r\n\t\t<\/div>\r\n\t\n\n\r\n\t\t<div  class=\"block-4ce957c9-7870-4377-8fb8-bfc074f57abe col areoi-element high-image col-12 col-md-6\">\r\n\t\t\t\r\n\t\t\t\n\n<figure class=\"wp-block-image size-full img-shadow\"><img loading=\"lazy\" decoding=\"async\" width=\"591\" height=\"461\" src=\"https:\/\/trueaccesscapital.com\/wp-content\/uploads\/2025\/04\/nicetown_opt.webp\" alt=\"\" class=\"wp-image-1941\" srcset=\"http:\/\/trueaccesscapital.com\/wp-content\/uploads\/2025\/04\/nicetown_opt.webp 591w, http:\/\/trueaccesscapital.com\/wp-content\/uploads\/2025\/04\/nicetown_opt-300x234.webp 300w\" sizes=\"auto, (max-width: 591px) 100vw, 591px\" \/><\/figure>\n\n \r\n\t\t\t\r\n\t\t<\/div>\r\n\t\n \r\n\t\t<\/div>\r\n\t\n \r\n\t\t<\/div>\r\n\t\n \r\n\t\t<\/div>\r\n\t\n\n\r\n\t\t<div  class=\"block-9e041f0e-580f-46a6-990f-01cdc65a25d1 areoi-strip areoi-element strip alignfull section-highlight section-highlight-right gradient-teal\">\r\n\t\t\t\r\n\t\t\t\n\r\n\t\t<div  class=\"block-2d806600-6736-415e-9435-7a73b5af6dca areoi-element container\">\r\n\t\t\t\r\n\t\t\t\n\r\n\t\t<div  class=\"block-31959450-26f5-4c6e-9537-2081b4627f96 row areoi-element\">\r\n\t\t\t\r\n\r\n\t\t\t\n\r\n\t\t<div  class=\"block-4ce957c9-7870-4377-8fb8-bfc074f57abe col areoi-element high-image col-12 col-md-6\">\r\n\t\t\t\r\n\t\t\t\n\n<figure class=\"wp-block-image size-full\"><img loading=\"lazy\" decoding=\"async\" width=\"591\" height=\"470\" src=\"https:\/\/trueaccesscapital.com\/wp-content\/uploads\/2025\/02\/IMG05925.webp\" alt=\"\" class=\"wp-image-1156\" srcset=\"http:\/\/trueaccesscapital.com\/wp-content\/uploads\/2025\/02\/IMG05925.webp 591w, http:\/\/trueaccesscapital.com\/wp-content\/uploads\/2025\/02\/IMG05925-300x239.webp 300w\" sizes=\"auto, (max-width: 591px) 100vw, 591px\" \/><\/figure>\n\n \r\n\t\t\t\r\n\t\t<\/div>\r\n\t\n\n\r\n\t\t<div  class=\"block-d724749d-7d0f-44b3-b3df-05ce96258db8 col areoi-element high-copy col-12 col-md-6\">\r\n\t\t\t\r\n\t\t\t\n\n<h2 class=\"wp-block-heading\">Pr\u00e9stamos para instalaciones comunitarias<\/h2>\n\n\n\n<h3 class=\"wp-block-heading\">($50,000 &#8211; $800,00)<\/h3>\n\n\n\n<p>El Pr\u00e9stamo para Instalaciones Comunitarias proporciona capital a organizaciones sin fines de lucro existentes para la adquisici\u00f3n de bienes inmuebles comerciales o de uso mixto. Por lo general, los prestatarios de instalaciones comunitarias tienen al menos dos a\u00f1os de actividad.<\/p>\n\n \r\n\t\t\t\r\n\t\t<\/div>\r\n\t\n \r\n\t\t<\/div>\r\n\t\n \r\n\t\t<\/div>\r\n\t\n \r\n\t\t<\/div>\r\n\t\n\n\r\n\t\t<div  class=\"block-510bb58e-0489-43a5-9310-dd2af9188f4f areoi-strip areoi-element strip alignfull section-block no-top-pad section-btm-cta\">\r\n\t\t\t\r\n\t\t\t\n\r\n\t\t<div  class=\"block-e796e573-82d4-48c6-9aab-86deb6015437 areoi-element container\">\r\n\t\t\t\r\n\t\t\t\n\r\n\t\t<div  class=\"block-afd292a4-841b-4928-aee8-8e93370ce06c row areoi-element section-btm-cta-inner\">\r\n\t\t\t\r\n\r\n\t\t\t\n\r\n\t\t<div  class=\"block-7dca1382-7045-4e28-a4a2-25dd1c59a58c col areoi-element col-md-7\">\r\n\t\t\t\r\n\t\t\t\n\n<p>\u00bfEst\u00e1s listo para llevar tu negocio al siguiente nivel? <em>Haga clic en el bot\u00f3n Solicitar Asesor\u00eda o llame al: <a href=\"tel:3026526774\">302-652-6774<\/a><\/em><\/p>\n\n \r\n\t\t\t\r\n\t\t<\/div>\r\n\t\n\n\r\n\t\t<div  class=\"block-eeebe113-3959-4648-9cc5-0de55c81c077 col areoi-element btn-box col-md-5\">\r\n\t\t\t\r\n\t\t\t\n\r\n\t\t\t\t\r\n\t\t<a \r\n\t\t\t\r\n\t\t\tclass=\"block-30534079-275b-4dcb-8c6d-121076054369 btn areoi-has-url position-relative btn-form gradient-teal btn-primary\"\r\n\t href=\"https:\/\/wbc.trueaccesscapital.org\/reg.aspx?mode=counsel&#038;center=73001&#038;subloc=0\" rel=\"noreferrer noopener\" target=\"_blank\" >\r\n\t\t\t\t\t\r\n\t\t\t\t\tSolicitud de asesoramiento \r\n\t\t\t\t\t\r\n\t\t\t\t\t \r\n\t\t\t\t<\/a>\r\n\t\t\t\n \r\n\t\t\t\r\n\t\t<\/div>\r\n\t\n \r\n\t\t<\/div>\r\n\t\n \r\n\t\t<\/div>\r\n\t\n \r\n\t\t<\/div>\r\n\t\n\n\n<p><\/p>","protected":false},"excerpt":{"rendered":"<p> [&#8230;]<\/p>\n<p><a class=\"btn btn-secondary understrap-read-more-link\" href=\"http:\/\/trueaccesscapital.com\/es\/loan-products\/\">Read More&#8230;<span class=\"screen-reader-text\"> from Loan Products<\/span><\/a><\/p>\n","protected":false},"author":1,"featured_media":0,"parent":0,"menu_order":0,"comment_status":"closed","ping_status":"closed","template":"page-templates\/tacBasic.php","meta":{"_acf_changed":false,"footnotes":""},"class_list":["post-953","page","type-page","status-publish","hentry"],"acf":[],"_links":{"self":[{"href":"http:\/\/trueaccesscapital.com\/es\/wp-json\/wp\/v2\/pages\/953","targetHints":{"allow":["GET"]}}],"collection":[{"href":"http:\/\/trueaccesscapital.com\/es\/wp-json\/wp\/v2\/pages"}],"about":[{"href":"http:\/\/trueaccesscapital.com\/es\/wp-json\/wp\/v2\/types\/page"}],"author":[{"embeddable":true,"href":"http:\/\/trueaccesscapital.com\/es\/wp-json\/wp\/v2\/users\/1"}],"replies":[{"embeddable":true,"href":"http:\/\/trueaccesscapital.com\/es\/wp-json\/wp\/v2\/comments?post=953"}],"version-history":[{"count":5,"href":"http:\/\/trueaccesscapital.com\/es\/wp-json\/wp\/v2\/pages\/953\/revisions"}],"predecessor-version":[{"id":2044,"href":"http:\/\/trueaccesscapital.com\/es\/wp-json\/wp\/v2\/pages\/953\/revisions\/2044"}],"wp:attachment":[{"href":"http:\/\/trueaccesscapital.com\/es\/wp-json\/wp\/v2\/media?parent=953"}],"curies":[{"name":"wp","href":"https:\/\/api.w.org\/{rel}","templated":true}]}}