{"id":2189,"date":"2025-10-13T13:41:36","date_gmt":"2025-10-13T13:41:36","guid":{"rendered":"https:\/\/trueaccesscapital.com\/?page_id=2189"},"modified":"2025-10-28T18:54:53","modified_gmt":"2025-10-28T18:54:53","slug":"2025-impact-report","status":"publish","type":"page","link":"https:\/\/trueaccesscapital.com\/es\/2025-impact-report\/","title":{"rendered":"2025 Impact Report"},"content":{"rendered":"<div  class=\"block-b7bf019c-1cea-44d6-9b94-4cfac3db8d9c areoi-strip areoi-element strip alignfull section-hero-banner\">\r\n\t\t\t\r\n\t\t\t\n\r\n\t\t<div  class=\"block-9c96cf73-39f4-4704-8166-e029cc96424e areoi-element container\">\r\n\t\t\t\r\n\t\t\t\n\r\n\t\t<div  class=\"block-b900150c-0b86-4770-be8a-ce7fbb2e804f row areoi-element\">\r\n\t\t\t\r\n\r\n\t\t\t\n\r\n\t\t<div  class=\"block-cd4952c4-1c96-40c9-8bbc-a299ff3b1df5 col areoi-element left col-12 col-md-4\">\r\n\t\t\t\r\n\t\t\t\n\n<figure class=\"wp-block-image size-full is-resized\"><a href=\"https:\/\/trueaccesscapital.com\/es\/\"><img loading=\"lazy\" decoding=\"async\" width=\"306\" height=\"78\" src=\"https:\/\/trueaccesscapital.com\/wp-content\/uploads\/2025\/10\/TrueAccess-logo-final-white-type.png\" alt=\"\" class=\"wp-image-2196\" style=\"width:229px;height:auto\" srcset=\"https:\/\/trueaccesscapital.com\/wp-content\/uploads\/2025\/10\/TrueAccess-logo-final-white-type.png 306w, https:\/\/trueaccesscapital.com\/wp-content\/uploads\/2025\/10\/TrueAccess-logo-final-white-type-300x76.png 300w, https:\/\/trueaccesscapital.com\/wp-content\/uploads\/2025\/10\/TrueAccess-logo-final-white-type-18x5.png 18w\" sizes=\"auto, (max-width: 306px) 100vw, 306px\" \/><\/a><\/figure>\n\n \r\n\t\t\t\r\n\t\t<\/div>\r\n\t\n\n\r\n\t\t<div  class=\"block-a32fae9a-44eb-4bd7-8d89-f1e045232f45 col areoi-element right col-12 col-md-8\">\r\n\t\t\t\r\n\t\t\t\n\n<h2 class=\"wp-block-heading\">INFORME DE IMPACTO 2024-2025<\/h2>\n\n \r\n\t\t\t\r\n\t\t<\/div>\r\n\t\n \r\n\t\t<\/div>\r\n\t\n \r\n\t\t<\/div>\r\n\t\n \r\n\t\t<\/div>\r\n\t\n\n\r\n\t\t<div  class=\"block-34d58763-412d-4cd6-8a1f-da613f7ebefc areoi-strip areoi-element strip alignfull section-report-hero\">\r\n\t\t\t\r\n\t\t\t\n\r\n\t\t<div  class=\"block-486877a0-4487-4e83-a196-4d4621f48740 areoi-element container\">\r\n\t\t\t\r\n\t\t\t\n\r\n\t\t<div  class=\"block-e35d2363-4df5-424a-a8c8-64779a4c980a row areoi-element\">\r\n\t\t\t\r\n\r\n\t\t\t\n\r\n\t\t<div  class=\"block-0ab29e80-a840-4ea9-8ea2-e718238c1c31 col areoi-element left col-12 col-md-6 col-lg-6\">\r\n\t\t\t\r\n\t\t\t\n\n<h2 class=\"wp-block-heading\">CARTA<\/h2>\n\n\n\n<h3 class=\"wp-block-heading\">DE NUESTRO CEO<\/h3>\n\n\n\n<p class=\"hero-text\">Nuestro mundo ha cambiado significativamente desde que lanzamos nuestro plan estrat\u00e9gico quinquenal en septiembre de 2023. Si bien el entorno que nos rodea ha cambiado dr\u00e1sticamente, estoy agradecido por la s\u00f3lida base que nos mantiene firmes.<\/p>\n\n \r\n\t\t\t\r\n\t\t<\/div>\r\n\t\n\n\r\n\t\t<div  class=\"block-8b5b4bf1-b865-4bca-9023-91d515595405 col areoi-element right col-12 col-md-6 col-lg-6\">\r\n\t\t\t\r\n\t\t\t\n\n<div class='hero-signature'>\nVANDELL HAMPTON, JR.\n<span>Director ejecutivo<\/span><\/div>\n\n \r\n\t\t\t\r\n\t\t<\/div>\r\n\t\n \r\n\t\t<\/div>\r\n\t\n \r\n\t\t<\/div>\r\n\t\n \r\n\t\t<\/div>\r\n\t\n\n\r\n\t\t<div  class=\"block-e393cd74-f820-400f-ae22-494d0b63a566 areoi-strip areoi-element strip alignfull section-report-hero-mobile\">\r\n\t\t\t\r\n\t\t\t\n\r\n\t\t<div  class=\"block-bd9ad855-53d7-4a92-b162-c591ccfa5cc2 areoi-element container\">\r\n\t\t\t\r\n\t\t\t\n\r\n\t\t<div  class=\"block-e35d2363-4df5-424a-a8c8-64779a4c980a row areoi-element\">\r\n\t\t\t\r\n\r\n\t\t\t\n\r\n\t\t<div  class=\"block-0ab29e80-a840-4ea9-8ea2-e718238c1c31 col areoi-element left col-12\">\r\n\t\t\t\r\n\t\t\t\n\n<h2 class=\"wp-block-heading\">CARTA<\/h2>\n\n\n\n<h3 class=\"wp-block-heading\">DE NUESTRO CEO<\/h3>\n\n\n\n<p>Nuestro mundo ha cambiado significativamente desde que lanzamos nuestro plan estrat\u00e9gico quinquenal en septiembre de 2023. Si bien el entorno que nos rodea ha cambiado dr\u00e1sticamente, estoy agradecido por la s\u00f3lida base que nos mantiene firmes.<\/p>\n\n \r\n\t\t\t\r\n\t\t<\/div>\r\n\t\n \r\n\t\t<\/div>\r\n\t\n \r\n\t\t<\/div>\r\n\t\n \r\n\t\t<\/div>\r\n\t\n\n\r\n\t\t<div  class=\"block-9c5abfa7-4dc7-48eb-b703-99188eb0c6ff areoi-strip areoi-element strip alignfull calout-box callout-box-row1\">\r\n\t\t\t\r\n\t\t\t\n\r\n\t\t<div  class=\"block-78eca149-8d4a-4d74-9d14-d08539a8a91f row areoi-element\">\r\n\t\t\t\r\n\r\n\t\t\t\n\r\n\t\t<div  class=\"block-c81d8e6e-8a18-4bca-aa17-fad513b65fe8 col areoi-element left col-12 col-md-6\">\r\n\t\t\t\r\n\t\t\t\n\n<p>Los dr\u00e1sticos recortes de personal y recursos a nivel federal nos han obligado a preguntarnos: \u00bfqu\u00e9 significa esto para organizaciones como True Access Capital (TAC), que durante a\u00f1os han colaborado con el gobierno para invertir en comunidades subrepresentadas de Delaware y el sureste de Pensilvania? La respuesta es clara: significa que debemos convertirnos en una organizaci\u00f3n a\u00fan mejor, m\u00e1s s\u00f3lida y m\u00e1s eficiente, capaz de adaptarnos r\u00e1pidamente y, al mismo tiempo, mantenernos fieles a nuestra misi\u00f3n.<\/p>\n\n\n\n<div class=\"stats line-top\">6,9 millones de d\u00f3lares<span>en nuevos pr\u00e9stamos<\/span><\/div>\n\n \r\n\t\t\t\r\n\t\t<\/div>\r\n\t\n\n\r\n\t\t<div  class=\"block-d299d39a-b1ad-43fb-bd8c-3b737175a62f col areoi-element right col-12 col-md-6\">\r\n\t\t\t\r\n\t\t\t\n\n<p>Tras dos a\u00f1os de implementaci\u00f3n de nuestro plan estrat\u00e9gico, me complace informar que hemos logrado avances significativos a pesar de estos desaf\u00edos. Hemos ampliado nuestros programas, fortalecido las operaciones internas y fortalecido nuestras alianzas, todo con el objetivo de generar un mayor impacto para las peque\u00f1as empresas y emprendedores a quienes servimos. Cada paso adelante demuestra la resiliencia de nuestra organizaci\u00f3n y nuestro firme compromiso con el empoderamiento de las comunidades de toda nuestra regi\u00f3n.<\/p>\n\n\n\n<figure class=\"wp-block-image size-full\"><img loading=\"lazy\" decoding=\"async\" width=\"437\" height=\"114\" src=\"https:\/\/trueaccesscapital.com\/wp-content\/uploads\/2025\/10\/AccessToOpportunities_color-WBorder-WType-copy.webp\" alt=\"\" class=\"wp-image-2218\" srcset=\"https:\/\/trueaccesscapital.com\/wp-content\/uploads\/2025\/10\/AccessToOpportunities_color-WBorder-WType-copy.webp 437w, https:\/\/trueaccesscapital.com\/wp-content\/uploads\/2025\/10\/AccessToOpportunities_color-WBorder-WType-copy-300x78.webp 300w, https:\/\/trueaccesscapital.com\/wp-content\/uploads\/2025\/10\/AccessToOpportunities_color-WBorder-WType-copy-18x5.webp 18w\" sizes=\"auto, (max-width: 437px) 100vw, 437px\" \/><\/figure>\n\n \r\n\t\t\t\r\n\t\t<\/div>\r\n\t\n \r\n\t\t<\/div>\r\n\t\n \r\n\t\t<\/div>\r\n\t\n\n\r\n\t\t<div  class=\"block-c0e78581-6909-4470-8ee1-bff75b5d42ac areoi-strip areoi-element strip alignfull calout-box callout-box-row2\">\r\n\t\t\t\r\n\t\t\t\n\r\n\t\t<div  class=\"block-1a12a82f-5038-41e4-a552-1f84e428cc66 row areoi-element\">\r\n\t\t\t\r\n\r\n\t\t\t\n\r\n\t\t<div  class=\"block-c81d8e6e-8a18-4bca-aa17-fad513b65fe8 col areoi-element left col-12 col-md-6\">\r\n\t\t\t\r\n\t\t\t\n\n<p>Ese compromiso es evidente. Durante el \u00faltimo a\u00f1o y medio, TAC destin\u00f3 $6.9 millones en nuevos pr\u00e9stamos, el 60% a empresas de Delaware y el 40% a empresas del sureste de Pensilvania. Estas inversiones han creado o conservado 172 empleos, llegando a las comunidades que m\u00e1s nos necesitan: el 73% de los pr\u00e9stamos se destin\u00f3 a personas de color, el 53% a personas de bajos ingresos y el 40% a mujeres.<\/p>\n\n\n\n<figure class=\"wp-block-image size-full\"><img loading=\"lazy\" decoding=\"async\" width=\"488\" height=\"119\" src=\"http:\/\/trueaccesscapital.com\/wp-content\/uploads\/2025\/10\/WBC-H.E.R.-Logo-lockup_Horiz-color-copy.webp\" alt=\"\" class=\"wp-image-2236\" srcset=\"https:\/\/trueaccesscapital.com\/wp-content\/uploads\/2025\/10\/WBC-H.E.R.-Logo-lockup_Horiz-color-copy.webp 488w, https:\/\/trueaccesscapital.com\/wp-content\/uploads\/2025\/10\/WBC-H.E.R.-Logo-lockup_Horiz-color-copy-300x73.webp 300w, https:\/\/trueaccesscapital.com\/wp-content\/uploads\/2025\/10\/WBC-H.E.R.-Logo-lockup_Horiz-color-copy-18x4.webp 18w\" sizes=\"auto, (max-width: 488px) 100vw, 488px\" \/><\/figure>\n\n \r\n\t\t\t\r\n\t\t<\/div>\r\n\t\n\n\r\n\t\t<div  class=\"block-d299d39a-b1ad-43fb-bd8c-3b737175a62f col areoi-element right col-12 col-md-6\">\r\n\t\t\t\r\n\t\t\t\n\n<div class=\"stats\">172<span>Empleos<\/span><\/div>\n<div class=\"stats line-top\">73%<span>Pr\u00e9stamos a<br\/>Gente de color<\/span><\/div>\n\n\n\n<p><\/p>\n\n \r\n\t\t\t\r\n\t\t<\/div>\r\n\t\n \r\n\t\t<\/div>\r\n\t\n \r\n\t\t<\/div>\r\n\t\n\n\r\n\t\t<div  class=\"block-1b725c29-8b6a-4969-936b-969ed3356aba areoi-strip areoi-element strip alignfull calout-box callout-box-row3\">\r\n\t\t\t\r\n\t\t\t\n\r\n\t\t<div  class=\"block-2a96b5bb-8b0f-4896-9daa-1c328dc01b9d row areoi-element\">\r\n\t\t\t\r\n\r\n\t\t\t\n\r\n\t\t<div  class=\"block-d299d39a-b1ad-43fb-bd8c-3b737175a62f col areoi-element left col-12 col-md-6\">\r\n\t\t\t\r\n\t\t\t\n\n<div class=\"stats\">53%<span>Pr\u00e9stamos a<br\/>Personas de bajos ingresos<\/span><\/div>\n<div class=\"stats line-top\">40%<span>Pr\u00e9stamos a mujeres<\/span><\/div>\n\n\n\n<p><\/p>\n\n \r\n\t\t\t\r\n\t\t<\/div>\r\n\t\n\n\r\n\t\t<div  class=\"block-c81d8e6e-8a18-4bca-aa17-fad513b65fe8 col areoi-element right col-12 col-md-6\">\r\n\t\t\t\r\n\t\t\t\n\n<p>Nuestro Centro de Mujeres Empresarias (WBC) tambi\u00e9n tuvo un a\u00f1o extraordinario, destacado por el Concurso de Planes de Negocios HER (Ayudando a las Emprendedoras a Crecer). El WBC recibi\u00f3 57 propuestas de mujeres emprendedoras, cada una de las cuales se tom\u00f3 el tiempo para completar un plan de negocios completo, lo cual es un logro enorme. Al participar en el proceso, estas mujeres adquirieron el conocimiento y la disciplina necesarios para fortalecer sus negocios de cara al futuro. En nuestra opini\u00f3n, todas son ganadoras, ya que salen del concurso mejor preparadas, m\u00e1s resilientes y empoderadas para el \u00e9xito.<\/p>\n\n\n\n<p>Son tiempos dif\u00edciles, pero en TAC nos mantenemos firmes en nuestra misi\u00f3n y compromiso con las peque\u00f1as empresas y organizaciones comunitarias a las que servimos. Estoy profundamente agradecido por la oportunidad de apoyar a emprendedores resilientes y de acompa\u00f1ar a socios que comparten nuestra visi\u00f3n. Juntos, seguiremos fortaleciendo a las comunidades de nuestra regi\u00f3n.<\/p>\n\n \r\n\t\t\t\r\n\t\t<\/div>\r\n\t\n \r\n\t\t<\/div>\r\n\t\n \r\n\t\t<\/div>\r\n\t\n\n\r\n\t\t<div  class=\"block-289111be-e0b3-4e1e-817b-3826a15761c8 areoi-strip areoi-element strip alignfull section-charts\">\r\n\t\t\t\r\n\t\t\t\n\r\n\t\t<div  class=\"block-877e0fcb-ad38-4f5d-81c5-037fb2962706 areoi-element container\">\r\n\t\t\t\r\n\t\t\t\n\r\n\t\t<div  class=\"block-fecb1503-dea7-474c-aa1d-f073d3817c92 row areoi-element\">\r\n\t\t\t\r\n\r\n\t\t\t\n\r\n\t\t<div  class=\"block-e840f4d2-21eb-4b45-b467-7ca0111728c5 col areoi-element\">\r\n\t\t\t\r\n\t\t\t\n\n<h2 class=\"wp-block-heading\">Nuestro impacto 2024-2025<\/h2>\n\n\n\n<h3 class=\"wp-block-heading\"> (Enero de 2024 \u2013 junio de 2025)<\/h3>\n\n\n\n<div style=\"height:100px\" aria-hidden=\"true\" class=\"wp-block-spacer\"><\/div>\n\n\n\n<h2 class=\"wp-block-heading hdr-lending\">Pr\u00e9stamos por geograf\u00eda<\/h2>\n\n\n\n<div style=\"height:30px\" aria-hidden=\"true\" class=\"wp-block-spacer\"><\/div>\n\n\n\n<figure class=\"wp-block-image size-full\"><img loading=\"lazy\" decoding=\"async\" width=\"1000\" height=\"616\" src=\"https:\/\/trueaccesscapital.com\/wp-content\/uploads\/2025\/10\/2025-concentric-circle-chart-with-data-legend-copy.webp\" alt=\"\" class=\"wp-image-2242\" srcset=\"https:\/\/trueaccesscapital.com\/wp-content\/uploads\/2025\/10\/2025-concentric-circle-chart-with-data-legend-copy.webp 1000w, https:\/\/trueaccesscapital.com\/wp-content\/uploads\/2025\/10\/2025-concentric-circle-chart-with-data-legend-copy-300x185.webp 300w, https:\/\/trueaccesscapital.com\/wp-content\/uploads\/2025\/10\/2025-concentric-circle-chart-with-data-legend-copy-768x473.webp 768w, https:\/\/trueaccesscapital.com\/wp-content\/uploads\/2025\/10\/2025-concentric-circle-chart-with-data-legend-copy-18x12.webp 18w\" sizes=\"auto, (max-width: 1000px) 100vw, 1000px\" \/><\/figure>\n\n\n\n<div style=\"height:50px\" aria-hidden=\"true\" class=\"wp-block-spacer\"><\/div>\n\n\n\n<p class=\"has-text-align-left has-medium-font-size\"><strong>ACTIVOS<\/strong><\/p>\n\n\n\n<figure class=\"wp-block-image size-full\"><img loading=\"lazy\" decoding=\"async\" width=\"1190\" height=\"513\" src=\"https:\/\/trueaccesscapital.com\/wp-content\/uploads\/2025\/10\/graphic2.webp\" alt=\"\" class=\"wp-image-2243\" srcset=\"https:\/\/trueaccesscapital.com\/wp-content\/uploads\/2025\/10\/graphic2.webp 1190w, https:\/\/trueaccesscapital.com\/wp-content\/uploads\/2025\/10\/graphic2-300x129.webp 300w, https:\/\/trueaccesscapital.com\/wp-content\/uploads\/2025\/10\/graphic2-1024x441.webp 1024w, https:\/\/trueaccesscapital.com\/wp-content\/uploads\/2025\/10\/graphic2-768x331.webp 768w, https:\/\/trueaccesscapital.com\/wp-content\/uploads\/2025\/10\/graphic2-18x8.webp 18w\" sizes=\"auto, (max-width: 1190px) 100vw, 1190px\" \/><\/figure>\n\n \r\n\t\t\t\r\n\t\t<\/div>\r\n\t\n \r\n\t\t<\/div>\r\n\t\n \r\n\t\t<\/div>\r\n\t\n \r\n\t\t<\/div>\r\n\t\n\n\r\n\t\t<div  class=\"block-85393155-bfa5-41d0-a8d5-f47de8f2d948 areoi-strip areoi-element strip alignfull section-financials\">\r\n\t\t\t\r\n\t\t\t\n\r\n\t\t<div  class=\"block-66436b67-2f3b-4eb6-90c1-78f6f2262bc5 areoi-element container\">\r\n\t\t\t\r\n\t\t\t\n\r\n\t\t<div  class=\"block-997ad49d-72be-48a9-91c1-5fc8485412e0 row areoi-element\">\r\n\t\t\t\r\n\r\n\t\t\t\n\r\n\t\t<div  class=\"block-70b203d6-9f5b-4fd2-a8b7-6ac64d630c92 col areoi-element\">\r\n\t\t\t\r\n\t\t\t\n\n<h2 class=\"wp-block-heading\">Finanzas<\/h2>\n\n\n\n<figure class=\"wp-block-table\"><table><tbody><tr><td><strong>ESTADO DE SITUACI\u00d3N FINANCIERA<\/strong><\/td><td><strong>2022<\/strong><\/td><td><strong>2023<\/strong><\/td><td><strong>2024<\/strong><\/td><\/tr><tr><td>Activos totales<\/td><td>$22,058,882<\/td><td>$24,398,779<\/td><td>$25,632,139<\/td><\/tr><tr><td>Pasivos netos<\/td><td>$11,751,599<\/td><td>$13,702,100<\/td><td>$14,088,039<\/td><\/tr><tr><td>Activos netos totales<\/td><td>$10,307,283<\/td><td>$10,696,679<\/td><td>$11,544,100<\/td><\/tr><tr><td>Pasivos totales y activos netos<\/td><td>$22,058,882<\/td><td>$24,398,779<\/td><td>$25,632,139<\/td><\/tr><tr><td><strong>DECLARACI\u00d3N DE ACTIVIDADES<\/strong><\/td><td><\/td><td><\/td><td><\/td><\/tr><tr><td>Ingresos totales<\/td><td>$3,163,889<\/td><td>$3,817,315<\/td><td>$4,670,432<\/td><\/tr><tr><td>Gastos totales<\/td><td>$3,531,069<\/td><td>$3,427,919<\/td><td>$3,823,011<\/td><\/tr><tr><td>Cambio en los activos netos<\/td><td>$(367,180)<\/td><td>$389,396<\/td><td>$847,421<\/td><\/tr><\/tbody><\/table><\/figure>\n\n \r\n\t\t\t\r\n\t\t<\/div>\r\n\t\n \r\n\t\t<\/div>\r\n\t\n \r\n\t\t<\/div>\r\n\t\n \r\n\t\t<\/div>\r\n\t\n\n\r\n\t\t<div  class=\"block-8ef34fe5-f183-41d3-a2a6-9e95eacc794b areoi-strip areoi-element strip alignfull section-investors-hdr\">\r\n\t\t\t\r\n\t\t\t\n\r\n\t\t<div  class=\"block-98eb854d-0f02-48fa-852a-8a41ce435d8b areoi-element container\">\r\n\t\t\t\r\n\t\t\t\n\r\n\t\t<div  class=\"block-843456ad-8665-426a-8905-caeb19b9128e row areoi-element\">\r\n\t\t\t\r\n\r\n\t\t\t\n\r\n\t\t<div  class=\"block-63420840-4122-417f-9573-10948a0ef8c5 col areoi-element\">\r\n\t\t\t\r\n\t\t\t\n\n<h2 class=\"wp-block-heading\">Inversores\/Colaboradores<\/h2>\n\n \r\n\t\t\t\r\n\t\t<\/div>\r\n\t\n \r\n\t\t<\/div>\r\n\t\n \r\n\t\t<\/div>\r\n\t\n \r\n\t\t<\/div>\r\n\t\n\n\r\n\t\t<div  class=\"block-4f45c30b-8cce-4f6a-b938-48d6cd951d90 areoi-strip areoi-element strip alignfull section-investors\">\r\n\t\t\t\r\n\t\t\t\n\r\n\t\t<div  class=\"block-0bc8cbad-ee2a-4b3b-929a-d3cc01dde8f2 areoi-element container\">\r\n\t\t\t\r\n\t\t\t\n\r\n\t\t<div  class=\"block-43a9a322-0e54-49c1-ada7-96596b4af37c row areoi-element\">\r\n\t\t\t\r\n\r\n\t\t\t\n\r\n\t\t<div  class=\"block-54a6b1b9-4ede-492e-af16-3985744f2824 col areoi-element col-12 col-md-6\">\r\n\t\t\t\r\n\t\t\t\n\n<p><strong><em>Los inversores<\/em><\/strong><br>Artesanos Banco<br>Barclays Bank of Delaware<br>Salud del esp\u00edritu com\u00fan<br>Citizens Bank<br>Los Clientes Del Banco<br>Fundaci\u00f3n Comunitaria de Delaware<br>Primera Iglesia Unitaria de Wilmington<br>HSBC<br>Municipio de Kennett<br>Fideicomiso del Norte<br>Oportunidad De Financiaci\u00f3n De La Red<br>PNC Bank<br>Administraci\u00f3n de Peque\u00f1as Empresas de EE. UU.<br>TD Bank, N. A.<br>USDA \u2013 Desarrollo Rural<br>WSFS Banco<\/p>\n\n\n\n<p><strong><em>Individual De Los Colaboradores<\/em><\/strong><br>Clinton Tymes<br>Daniel Kempski<br>Pedro Viera Jr.<br>Vandell Hampton, Jr.<\/p>\n\n \r\n\t\t\t\r\n\t\t<\/div>\r\n\t\n\n\r\n\t\t<div  class=\"block-c9458203-da12-4026-9648-61a4cae1d8d6 col areoi-element col-12 col-md-6\">\r\n\t\t\t\r\n\t\t\t\n\n<p><strong><em>Los colaboradores<\/em><\/strong><br>Estudios Allen House<br>Artesanos Banco<br>Banco de Am\u00e9rica<br>Citizens Bank<br>La ciudad de Wilmington<br>Comenity Banco<br>Fundaci\u00f3n Comunitaria de Delaware<br>Universidad Estatal de Delaware<br>Descubrir Banco<br>Fundaci\u00f3n JP Morgan Chase<br>Fundaci\u00f3n Laffey-McHugh<br>Longwood Fundaci\u00f3n<br>M&amp;T Bank<br>PNC Bank<br>El Banco De Santander<br>Estado de Delaware<br>TD Bank, N. A.<br>Administraci\u00f3n de Peque\u00f1as Empresas de EE. UU.<br>USDA \u2013 Desarrollo Rural<br>Wells Fargo Fundaci\u00f3n<br>WSFS Banco<\/p>\n\n \r\n\t\t\t\r\n\t\t<\/div>\r\n\t\n \r\n\t\t<\/div>\r\n\t\n \r\n\t\t<\/div>\r\n\t\n \r\n\t\t<\/div>\r\n\t\n\n\r\n\t\t<div  class=\"block-8ef34fe5-f183-41d3-a2a6-9e95eacc794b areoi-strip areoi-element strip alignfull section-investors-hdr\">\r\n\t\t\t\r\n\t\t\t\n\r\n\t\t<div  class=\"block-98eb854d-0f02-48fa-852a-8a41ce435d8b areoi-element container\">\r\n\t\t\t\r\n\t\t\t\n\r\n\t\t<div  class=\"block-843456ad-8665-426a-8905-caeb19b9128e row areoi-element\">\r\n\t\t\t\r\n\r\n\t\t\t\n\r\n\t\t<div  class=\"block-63420840-4122-417f-9573-10948a0ef8c5 col areoi-element\">\r\n\t\t\t\r\n\t\t\t\n\n<h2 class=\"wp-block-heading\">Junta Directiva<\/h2>\n\n \r\n\t\t\t\r\n\t\t<\/div>\r\n\t\n \r\n\t\t<\/div>\r\n\t\n \r\n\t\t<\/div>\r\n\t\n \r\n\t\t<\/div>\r\n\t\n\n\r\n\t\t<div  class=\"block-4f45c30b-8cce-4f6a-b938-48d6cd951d90 areoi-strip areoi-element strip alignfull section-board\">\r\n\t\t\t\r\n\t\t\t\n\r\n\t\t<div  class=\"block-0bc8cbad-ee2a-4b3b-929a-d3cc01dde8f2 areoi-element container\">\r\n\t\t\t\r\n\t\t\t\n\r\n\t\t<div  class=\"block-06d6575b-0e3f-4604-b3c6-704286e60c01 row areoi-element\">\r\n\t\t\t\r\n\r\n\t\t\t\n\r\n\t\t<div  class=\"block-0fa05eef-90c7-4e9d-bddc-a88a4d8f46cd col areoi-element col-12 col-md-4\">\r\n\t\t\t\r\n\t\t\t\n\n<p><strong>Justin D. Poser<\/strong><br><em>Presidente<br>El Vicepresidente Ejecutivo De<\/em><br><em>M&amp;T Bank<\/em><\/p>\n\n\n\n<p><strong>Barry L. Lott<\/strong><br><em>Secretario<\/em><br><em>Director<\/em><br><em>Consejo nacional sobre el Envejecimiento (NCOA)<\/em><\/p>\n\n\n\n<p><strong>Rafael X. Zahralddin, Esq.<\/strong><br><em>Socio<\/em><br><em>Lewis Brisbois<\/em><\/p>\n\n\n\n<p><strong>Gregory M. Makosky<\/strong><br><em>El Vicepresidente<\/em><br><em>Artesanos Banco<\/em><\/p>\n\n\n\n<p><strong>Joseph W. Wilson<\/strong><br><em>El Vicepresidente<\/em><br><em>PNC Bank<\/em><\/p>\n\n \r\n\t\t\t\r\n\t\t<\/div>\r\n\t\n\n\r\n\t\t<div  class=\"block-dfd9ce27-84dd-43c4-847e-2afed01648da col areoi-element col-12 col-md-4\">\r\n\t\t\t\r\n\t\t\t\n\n<p><strong>Rachael Mears<\/strong><br><em>Tesorero<br>Asistente Del Vice Presidente<\/em><br><em>Banco de Sincron\u00eda<\/em><\/p>\n\n\n\n<p><strong>Emanuel V. DeShields<\/strong><br><em>Principal<\/em><br><em>Corporaci\u00f3n de Desarrollo Comunitario Be Ready<\/em><\/p>\n\n\n\n<p><strong>Lissa Brutus<\/strong><br><em>Asistente Del Vice Presidente<\/em><br><em>WSFS Banco<\/em><\/p>\n\n\n\n<p><strong>Helen R. Foster, JD<\/strong><br><em>Peque\u00f1a Empresa Coordinador De<\/em><br><em>El Condado De New Castle Gobierno<\/em><\/p>\n\n\n\n<p><strong><br>Derrick R. Robinson<strong><br><\/strong><\/strong><em>Director ejecutivo<strong><br><\/strong>JP Morgan Chase &amp; Co<strong><br><\/strong><\/em><\/p>\n\n \r\n\t\t\t\r\n\t\t<\/div>\r\n\t\n\n\r\n\t\t<div  class=\"block-0fa05eef-90c7-4e9d-bddc-a88a4d8f46cd col areoi-element col-12 col-md-4\">\r\n\t\t\t\r\n\t\t\t\n\n<p><strong>Thomas E. Hanson, Jr., Esq.<\/strong><br><em>El Vicepresidente<br>Socio<br>Barnes &amp; Thornburg<\/em><\/p>\n\n\n\n<p><strong>Robert Gunter, Sr.<\/strong><br><em>Asociado<br>JPMorgan Chase<\/em><\/p>\n\n\n\n<p><strong>Ron Kimbrough<\/strong><br><em>Miembro Del Comit\u00e9 Ejecutivo De<\/em><br><em>Vice Presidente Senior<br>Citi<\/em> <em>Soluciones de tesorer\u00eda y comercio<\/em><\/p>\n\n\n\n<p><strong>Jerry A. Alfano, Jr.<\/strong><br><em>Vice Presidente Senior<br>Citizens Bank<\/em><\/p>\n\n \r\n\t\t\t\r\n\t\t<\/div>\r\n\t\n \r\n\t\t<\/div>\r\n\t\n \r\n\t\t<\/div>\r\n\t\n \r\n\t\t<\/div>","protected":false},"excerpt":{"rendered":"<p> [&#8230;]<\/p>\n<p><a class=\"btn btn-secondary understrap-read-more-link\" href=\"https:\/\/trueaccesscapital.com\/es\/2025-impact-report\/\">Read More&#8230;<span class=\"screen-reader-text\"> from 2025 Impact Report<\/span><\/a><\/p>\n","protected":false},"author":1,"featured_media":0,"parent":0,"menu_order":0,"comment_status":"closed","ping_status":"closed","template":"page-templates\/tacBasic.php","meta":{"_acf_changed":false,"footnotes":""},"class_list":["post-2189","page","type-page","status-publish","hentry"],"acf":[],"_links":{"self":[{"href":"https:\/\/trueaccesscapital.com\/es\/wp-json\/wp\/v2\/pages\/2189","targetHints":{"allow":["GET"]}}],"collection":[{"href":"https:\/\/trueaccesscapital.com\/es\/wp-json\/wp\/v2\/pages"}],"about":[{"href":"https:\/\/trueaccesscapital.com\/es\/wp-json\/wp\/v2\/types\/page"}],"author":[{"embeddable":true,"href":"https:\/\/trueaccesscapital.com\/es\/wp-json\/wp\/v2\/users\/1"}],"replies":[{"embeddable":true,"href":"https:\/\/trueaccesscapital.com\/es\/wp-json\/wp\/v2\/comments?post=2189"}],"version-history":[{"count":5,"href":"https:\/\/trueaccesscapital.com\/es\/wp-json\/wp\/v2\/pages\/2189\/revisions"}],"predecessor-version":[{"id":2299,"href":"https:\/\/trueaccesscapital.com\/es\/wp-json\/wp\/v2\/pages\/2189\/revisions\/2299"}],"wp:attachment":[{"href":"https:\/\/trueaccesscapital.com\/es\/wp-json\/wp\/v2\/media?parent=2189"}],"curies":[{"name":"wp","href":"https:\/\/api.w.org\/{rel}","templated":true}]}}